{"id":6316,"date":"2022-10-10T16:20:03","date_gmt":"2022-10-10T14:20:03","guid":{"rendered":"https:\/\/analoguenow.com\/newsletter\/"},"modified":"2025-03-11T11:14:50","modified_gmt":"2025-03-11T10:14:50","slug":"newsletter","status":"publish","type":"page","link":"https:\/\/analoguenow.com\/en\/newsletter\/","title":{"rendered":"NEWSLETTER"},"content":{"rendered":"<div  class='flex_column av-2a48mk-aa28d2b6945df62fd4e14479fe19d2d0 av_one_fourth  avia-builder-el-0  el_before_av_one_half  avia-builder-el-first  first flex_column_div  '     ><\/div>\n<div  class='flex_column av-40319o-e2ce77f683d402699157d6a4f7a9db1b av_one_half  avia-builder-el-1  el_after_av_one_fourth  el_before_av_one_fourth  flex_column_div  '     ><p><section  class='av_textblock_section av-m7agpmp5-624755173f99d8074686bca94b58c625 '   itemscope=\"itemscope\" itemtype=\"https:\/\/schema.org\/CreativeWork\" ><div class='avia_textblock'  itemprop=\"text\" ><p><div class=\"tnp tnp-subscription \">\n<form method=\"post\" action=\"https:\/\/analoguenow.com\/wp-admin\/admin-ajax.php?action=tnp&amp;na=s\">\n<input type=\"hidden\" name=\"nlang\" value=\"\">\n<div class=\"tnp-field tnp-field-firstname\"><label for=\"tnp-1\">Name<\/label>\n<input class=\"tnp-name\" type=\"text\" name=\"nn\" id=\"tnp-1\" value=\"\" placeholder=\"\"><\/div>\n<div class=\"tnp-field tnp-field-email\"><label for=\"tnp-2\">Email<\/label>\n<input class=\"tnp-email\" type=\"email\" name=\"ne\" id=\"tnp-2\" value=\"\" placeholder=\"\" required><\/div>\n<div class=\"tnp-field tnp-privacy-field\"><label><input type=\"checkbox\" name=\"ny\" required class=\"tnp-privacy\"> <a target=\"_blank\" href=\"https:\/\/analoguenow.com\/datenschutzerklaerung\/\">Indem Du fortf\u00e4hrst, akzeptierst Du unsere Datenschutzerkl\u00e4rung. \/ By continuing, you accept our privacy policy.<\/a><\/label><\/div><div class=\"tnp-field tnp-field-button\" style=\"text-align: left\"><input class=\"tnp-submit\" type=\"submit\" value=\"Abonnieren \/ Subscribe\" style=\"\">\n<\/div>\n<\/form>\n<\/div>\n<\/p>\n<\/div><\/section><br \/>\n\n<style type=\"text\/css\" data-created_by=\"avia_inline_auto\" id=\"style-css-av-m7ah0vxj-7097329782a1e5657d8a6cbb338d808b\">\n#top .hr.hr-invisible.av-m7ah0vxj-7097329782a1e5657d8a6cbb338d808b{\nheight:50px;\n}\n<\/style>\n<div  class='hr av-m7ah0vxj-7097329782a1e5657d8a6cbb338d808b hr-invisible  avia-builder-el-3  el_after_av_textblock  el_before_av_textblock '><span class='hr-inner '><span class=\"hr-inner-style\"><\/span><\/span><\/div><br \/>\n\n<style type=\"text\/css\" data-created_by=\"avia_inline_auto\" id=\"style-css-av-m7agrfmf-20453cd35ee575dfbe21610864538bcc\">\n#top .av_textblock_section.av-m7agrfmf-20453cd35ee575dfbe21610864538bcc .avia_textblock{\nfont-size:11px;\ntext-align:justify;\n}\n<\/style>\n<section  class='av_textblock_section av-m7agrfmf-20453cd35ee575dfbe21610864538bcc '   itemscope=\"itemscope\" itemtype=\"https:\/\/schema.org\/CreativeWork\" ><div class='avia_textblock'  itemprop=\"text\" ><p>Wenn Sie das Formular absenden, erkl\u00e4ren Sie sich damit einverstanden, dass Ihre pers\u00f6nlichen Daten (Name, Email Adresse) zum Zweck der Zusendung eines E-Mail-Newsletters mit Informationen \u00fcber die Angebote von analogueNOW verwendet werden. Ihre Daten werden ausschlie\u00dflich zur Versendung des Newsletters \u00fcber das Newletter Plugin verwendet und nicht an dritte weitergeleitet. Sie k\u00f6nnen Ihre Einwilligung jederzeit schriftlich widerrufen, indem Sie ein E-Mail an <a href=\"mailto:info@analoguenow.com\">info@analoguenow.com<\/a> schreiben. In jedem E-Mail-Newsletter findet sich ein Link, mit dem Sie sich ebenfalls abmelden k\u00f6nnen.<\/p>\n<p>By submitting the form, you agree that your personal data (name, email address) will be used for the purpose of sending you an email newsletter with information about the offers of analogueNOW. Your data will be used exclusively for sending the newsletter via the newsletter plugin and will not be forwarded to third parties. You can revoke your consent in writing at any time by sending an e-mail to <a href=\"mailto:info@analoguenow.com\">info@analoguenow.com<\/a>. There is a link in every e-mail newsletter with which you can also unsubscribe.<\/p>\n<\/div><\/section><\/p><\/div><div  class='flex_column av-2l9osc-866e1b1e1e4b11b11766637fd97f7d51 av_one_fourth  avia-builder-el-5  el_after_av_one_half  avia-builder-el-last  flex_column_div  '     ><\/div><\/p>\n","protected":false},"excerpt":{"rendered":"","protected":false},"author":1,"featured_media":0,"parent":0,"menu_order":0,"comment_status":"closed","ping_status":"closed","template":"","meta":{"footnotes":""},"mt-event-group":[],"class_list":["post-6316","page","type-page","status-publish","hentry"],"_links":{"self":[{"href":"https:\/\/analoguenow.com\/en\/wp-json\/wp\/v2\/pages\/6316","targetHints":{"allow":["GET"]}}],"collection":[{"href":"https:\/\/analoguenow.com\/en\/wp-json\/wp\/v2\/pages"}],"about":[{"href":"https:\/\/analoguenow.com\/en\/wp-json\/wp\/v2\/types\/page"}],"author":[{"embeddable":true,"href":"https:\/\/analoguenow.com\/en\/wp-json\/wp\/v2\/users\/1"}],"replies":[{"embeddable":true,"href":"https:\/\/analoguenow.com\/en\/wp-json\/wp\/v2\/comments?post=6316"}],"version-history":[{"count":56,"href":"https:\/\/analoguenow.com\/en\/wp-json\/wp\/v2\/pages\/6316\/revisions"}],"predecessor-version":[{"id":12013,"href":"https:\/\/analoguenow.com\/en\/wp-json\/wp\/v2\/pages\/6316\/revisions\/12013"}],"wp:attachment":[{"href":"https:\/\/analoguenow.com\/en\/wp-json\/wp\/v2\/media?parent=6316"}],"wp:term":[{"taxonomy":"mt-event-group","embeddable":true,"href":"https:\/\/analoguenow.com\/en\/wp-json\/wp\/v2\/mt-event-group?post=6316"}],"curies":[{"name":"wp","href":"https:\/\/api.w.org\/{rel}","templated":true}]}}