{"id":9434,"date":"2025-01-21T20:16:14","date_gmt":"2025-01-21T19:16:14","guid":{"rendered":"https:\/\/analoguenow.com\/?page_id=9434"},"modified":"2026-03-31T19:00:30","modified_gmt":"2026-03-31T17:00:30","slug":"homepage","status":"publish","type":"page","link":"https:\/\/analoguenow.com\/de\/","title":{"rendered":"HOMEPAGE"},"content":{"rendered":"<style type=\"text\/css\" data-created_by=\"avia_inline_auto\" id=\"style-css-av-5db7yy-0612ebbfd201cc124c21eccc8cc0e92a\">\n.avia-section.av-5db7yy-0612ebbfd201cc124c21eccc8cc0e92a{\nbackground-repeat:no-repeat;\nbackground-image:url(https:\/\/analoguenow.com\/wp-content\/uploads\/2025\/01\/Photoweekend-2023_Revelation_opening-night_\u00a9RuedigerSchestag-scaled.jpg);\nbackground-position:50% 100%;\nbackground-attachment:fixed;\n}\n.avia-section.av-5db7yy-0612ebbfd201cc124c21eccc8cc0e92a .av-section-color-overlay{\nopacity:0.8;\nbackground-color:#fff89e;\n}\n<\/style>\n<div id='av_section_1'  class='avia-section av-5db7yy-0612ebbfd201cc124c21eccc8cc0e92a main_color avia-section-default avia-no-border-styling  avia-builder-el-0  avia-builder-el-no-sibling  avia-full-stretch avia-bg-style-fixed av-section-color-overlay-active av-minimum-height av-minimum-height-50 av-height-percent  container_wrap fullsize'  data-section-bg-repeat='stretch' data-av_minimum_height_pc='50' data-av_min_height_opt='percent'><div class=\"av-section-color-overlay-wrap\"><div class=\"av-section-color-overlay\"><\/div><div class='container av-section-cont-open' ><main  role=\"main\" itemprop=\"mainContentOfPage\"  class='template-page content  av-content-full alpha units'><div class='post-entry post-entry-type-page post-entry-9434'><div class='entry-content-wrapper clearfix'>\n<div  class='flex_column av-5660pm-177787e76de26f510b94f9a1e3461284 av_one_fifth  avia-builder-el-1  el_before_av_three_fifth  avia-builder-el-first  first flex_column_div'     ><\/div><div  class='flex_column av-1f9063u-920f2d0a655b6373c3f64f4ecdb4a74f av_three_fifth  avia-builder-el-2  el_after_av_one_fifth  el_before_av_one_fifth  flex_column_div'     ><p>\n<style type=\"text\/css\" data-created_by=\"avia_inline_auto\" id=\"style-css-av-1cklnu2-e6ba86672f9dbb695059371bcb7a3611\">\n.avia-image-container.av-1cklnu2-e6ba86672f9dbb695059371bcb7a3611 img.avia_image{\nbox-shadow:none;\n}\n.avia-image-container.av-1cklnu2-e6ba86672f9dbb695059371bcb7a3611 .av-image-caption-overlay-center{\ncolor:#ffffff;\n}\n<\/style>\n<div  class='avia-image-container av-1cklnu2-e6ba86672f9dbb695059371bcb7a3611 av-styling- avia-align-center  avia-builder-el-3  el_before_av_hr  avia-builder-el-first'   itemprop=\"image\" itemscope=\"itemscope\" itemtype=\"https:\/\/schema.org\/ImageObject\" ><div class=\"avia-image-container-inner\"><div class=\"avia-image-overlay-wrap\"><img decoding=\"async\" fetchpriority=\"high\" class='wp-image-13504 avia-img-lazy-loading-not-13504 avia_image' src=\"https:\/\/analoguenow.com\/wp-content\/uploads\/2025\/03\/AN-Logo-2022-wortmarke-schwarz-e1747912465242.png\" alt='' title='AN! Logo 2022 wortmarke schwarz'  height=\"175\" width=\"1232\"  itemprop=\"thumbnailUrl\" srcset=\"https:\/\/analoguenow.com\/wp-content\/uploads\/2025\/03\/AN-Logo-2022-wortmarke-schwarz-e1747912465242.png 1232w, https:\/\/analoguenow.com\/wp-content\/uploads\/2025\/03\/AN-Logo-2022-wortmarke-schwarz-e1747912465242-300x43.png 300w, https:\/\/analoguenow.com\/wp-content\/uploads\/2025\/03\/AN-Logo-2022-wortmarke-schwarz-e1747912465242-1030x146.png 1030w, https:\/\/analoguenow.com\/wp-content\/uploads\/2025\/03\/AN-Logo-2022-wortmarke-schwarz-e1747912465242-80x11.png 80w, https:\/\/analoguenow.com\/wp-content\/uploads\/2025\/03\/AN-Logo-2022-wortmarke-schwarz-e1747912465242-768x109.png 768w, https:\/\/analoguenow.com\/wp-content\/uploads\/2025\/03\/AN-Logo-2022-wortmarke-schwarz-e1747912465242-18x3.png 18w, https:\/\/analoguenow.com\/wp-content\/uploads\/2025\/03\/AN-Logo-2022-wortmarke-schwarz-e1747912465242-705x100.png 705w\" sizes=\"(max-width: 1232px) 100vw, 1232px\" \/><\/div><\/div><\/div><br \/>\n\n<style type=\"text\/css\" data-created_by=\"avia_inline_auto\" id=\"style-css-av-1ahxh56-e17458a7af3a8fd4d9ecf6e195db9bc8\">\n#top .hr.hr-invisible.av-1ahxh56-e17458a7af3a8fd4d9ecf6e195db9bc8{\nheight:25px;\n}\n<\/style>\n<div  class='hr av-1ahxh56-e17458a7af3a8fd4d9ecf6e195db9bc8 hr-invisible  avia-builder-el-4  el_after_av_image  el_before_av_textblock'><span class='hr-inner'><span class=\"hr-inner-style\"><\/span><\/span><\/div><br \/>\n\n<style type=\"text\/css\" data-created_by=\"avia_inline_auto\" id=\"style-css-av-18ub4mi-bf451928fc97597fb7a13a297a097dea\">\n#top .av_textblock_section.av-18ub4mi-bf451928fc97597fb7a13a297a097dea .avia_textblock{\nfont-size:17px;\ncolor:#000000;\ntext-align:justify;\n}\n<\/style>\n<section  class='av_textblock_section av-18ub4mi-bf451928fc97597fb7a13a297a097dea'   itemscope=\"itemscope\" itemtype=\"https:\/\/schema.org\/CreativeWork\" ><div class='avia_textblock av_inherit_color'  itemprop=\"text\" ><p class=\"p1\">Gegr\u00fcndet im Jahr 2013, ist analogueNOW eine gemeinn\u00fctzige Organisation mit Sitz in Berlin, die analoge Fotografie durch Ausstellungen, Workshops und Community-Events f\u00f6rdert. Als kreative und kollaborative Plattform bringt sie ein vielf\u00e4ltiges Team aus K\u00fcnstlern, Fotografen, Kuratoren, P\u00e4dagogen und Fotobegeisterten zusammen.<\/p>\n<\/div><\/section><\/p><\/div><div  class='flex_column av-189r13u-89e5acecdc3c40d42eaa6a9738117748 av_one_fifth  avia-builder-el-6  el_after_av_three_fifth  el_before_av_hr  flex_column_div'     ><\/div>\n<style type=\"text\/css\" data-created_by=\"avia_inline_auto\" id=\"style-css-av-16ttlq2-5a221e8930c80501b1bf606bfe96c30e\">\n#top .hr.hr-invisible.av-16ttlq2-5a221e8930c80501b1bf606bfe96c30e{\nheight:50px;\n}\n<\/style>\n<div  class='hr av-16ttlq2-5a221e8930c80501b1bf606bfe96c30e hr-invisible  avia-builder-el-7  el_after_av_one_fifth  el_before_av_one_fifth  av-mini-hide'><span class='hr-inner'><span class=\"hr-inner-style\"><\/span><\/span><\/div>\n<div  class='flex_column av-158cuey-c499ae3152bc012e2a0e289f823f507a av_one_fifth  avia-builder-el-8  el_after_av_hr  el_before_av_one_fifth  first flex_column_div'     ><\/div><div  class='flex_column av-3vys62-4771f70247cfd22b2847f0fd5980cd8c av_one_fifth  avia-builder-el-9  el_after_av_one_fifth  el_before_av_one_fifth  flex_column_div'     ><div  class='avia-button-wrap av-11mzcnu-46305f37f660916b799ab7068919eed4-wrap avia-button-center  avia-builder-el-10  avia-builder-el-no-sibling'>\n<style type=\"text\/css\" data-created_by=\"avia_inline_auto\" id=\"style-css-av-11mzcnu-46305f37f660916b799ab7068919eed4\">\n#top #wrap_all .avia-button.av-11mzcnu-46305f37f660916b799ab7068919eed4{\ncolor:#000000;\ntransition:all 0.4s ease-in-out;\n}\n#top #wrap_all .avia-button.av-11mzcnu-46305f37f660916b799ab7068919eed4:hover{\nbackground-color:#000000;\ncolor:#ffffff;\ntransition:all 0.4s ease-in-out;\n}\n<\/style>\n<a href='https:\/\/analoguenow.com\/de\/about\/'  class='avia-button av-11mzcnu-46305f37f660916b799ab7068919eed4 av-link-btn avia-icon_select-no avia-size-medium avia-position-center avia-color-dark'   aria-label=\"UNSERES TEAM\"><span class='avia_iconbox_title' >UNSERES TEAM<\/span><\/a><\/div><\/div><div  class='flex_column av-z10aje-f5de46f0df0702c7b15ac01dbb4be66c av_one_fifth  avia-builder-el-11  el_after_av_one_fifth  el_before_av_one_fifth  flex_column_div'     ><div  class='avia-button-wrap av-xql4i2-fd3a670d64b9156cbec7a8beebf87a36-wrap avia-button-center  avia-builder-el-12  avia-builder-el-no-sibling'>\n<style type=\"text\/css\" data-created_by=\"avia_inline_auto\" id=\"style-css-av-xql4i2-fd3a670d64b9156cbec7a8beebf87a36\">\n#top #wrap_all .avia-button.av-xql4i2-fd3a670d64b9156cbec7a8beebf87a36{\ncolor:#000000;\ntransition:all 0.4s ease-in-out;\n}\n#top #wrap_all .avia-button.av-xql4i2-fd3a670d64b9156cbec7a8beebf87a36:hover{\nbackground-color:#000000;\ncolor:#ffffff;\ntransition:all 0.4s ease-in-out;\n}\n<\/style>\n<a href='https:\/\/analoguenow.com\/de\/show\/'  class='avia-button av-xql4i2-fd3a670d64b9156cbec7a8beebf87a36 av-link-btn avia-icon_select-no avia-size-medium avia-position-center avia-color-dark'   aria-label=\"UNSER PROGRAMM\"><span class='avia_iconbox_title' >UNSER PROGRAMM<\/span><\/a><\/div><\/div><div  class='flex_column av-wnhl7e-137cdf967f7c814497f89dcb737f2db4 av_one_fifth  avia-builder-el-13  el_after_av_one_fifth  el_before_av_one_fifth  flex_column_div'     ><div  class='avia-button-wrap av-ufkse2-3ae50fb7694f74a76ba7784bedae0c01-wrap avia-button-center  avia-builder-el-14  avia-builder-el-no-sibling'>\n<style type=\"text\/css\" data-created_by=\"avia_inline_auto\" id=\"style-css-av-ufkse2-3ae50fb7694f74a76ba7784bedae0c01\">\n#top #wrap_all .avia-button.av-ufkse2-3ae50fb7694f74a76ba7784bedae0c01{\ncolor:#000000;\ntransition:all 0.4s ease-in-out;\n}\n#top #wrap_all .avia-button.av-ufkse2-3ae50fb7694f74a76ba7784bedae0c01:hover{\nbackground-color:#000000;\ncolor:#ffffff;\ntransition:all 0.4s ease-in-out;\n}\n<\/style>\n<a href='https:\/\/analoguenow.com\/de\/learn\/'  class='avia-button av-ufkse2-3ae50fb7694f74a76ba7784bedae0c01 av-link-btn avia-icon_select-no avia-size-medium avia-position-center avia-color-dark'   aria-label=\"UNSERE WORKSHOPS\"><span class='avia_iconbox_title' >UNSERE WORKSHOPS<\/span><\/a><\/div><\/div><div  class='flex_column av-saw5oa-dc8fca9c2889cedf3fd51d1e4d246575 av_one_fifth  avia-builder-el-15  el_after_av_one_fifth  el_before_av_hr  flex_column_div'     ><\/div>\n<style type=\"text\/css\" data-created_by=\"avia_inline_auto\" id=\"style-css-av-2o0zq2-76ab4eb85a571c8552796bf707a4d1d0\">\n#top .hr.hr-invisible.av-2o0zq2-76ab4eb85a571c8552796bf707a4d1d0{\nheight:120px;\n}\n<\/style>\n<div  class='hr av-2o0zq2-76ab4eb85a571c8552796bf707a4d1d0 hr-invisible  avia-builder-el-16  el_after_av_one_fifth  el_before_av_one_full  av-mini-hide'><span class='hr-inner'><span class=\"hr-inner-style\"><\/span><\/span><\/div>\n<div  class='flex_column av-2ymakq-ce63971dc01b0d5263bfda84359aadfb av_one_full  avia-builder-el-17  el_after_av_hr  avia-builder-el-last  first flex_column_div'     ><style type=\"text\/css\" data-created_by=\"avia_inline_auto\" id=\"style-css-av-mle5154q-994f88bf8cd46e5e7438bb71eb31be45\">\n#top .av_textblock_section.av-mle5154q-994f88bf8cd46e5e7438bb71eb31be45 .avia_textblock{\ncolor:#0a0a0a;\n}\n<\/style>\n<section  class='av_textblock_section av-mle5154q-994f88bf8cd46e5e7438bb71eb31be45'   itemscope=\"itemscope\" itemtype=\"https:\/\/schema.org\/CreativeWork\" ><div class='avia_textblock av_inherit_color'  itemprop=\"text\" ><h4 style=\"text-align: center;\">PHOTOWEEKEND 2026<\/h4>\n<\/div><\/section><br \/>\n\n<style type=\"text\/css\" data-created_by=\"avia_inline_auto\" id=\"style-css-av-44dmy2-847a7b6b9ace75867b8dc446ec86f399\">\n#top .hr.hr-invisible.av-44dmy2-847a7b6b9ace75867b8dc446ec86f399{\nheight:25px;\n}\n<\/style>\n<div  class='hr av-44dmy2-847a7b6b9ace75867b8dc446ec86f399 hr-invisible  avia-builder-el-19  el_after_av_textblock  el_before_av_image  av-mini-hide'><span class='hr-inner'><span class=\"hr-inner-style\"><\/span><\/span><\/div><br \/>\n\n<style type=\"text\/css\" data-created_by=\"avia_inline_auto\" id=\"style-css-av-mle53k0u-21f753712091dcffb706d6ce9274b942\">\n.avia-image-container.av-mle53k0u-21f753712091dcffb706d6ce9274b942 img.avia_image{\nbox-shadow:none;\n}\n.avia-image-container.av-mle53k0u-21f753712091dcffb706d6ce9274b942 .av-image-caption-overlay-center{\ncolor:#ffffff;\n}\n<\/style>\n<div  class='avia-image-container av-mle53k0u-21f753712091dcffb706d6ce9274b942 av-styling- av-hover-grow av-img-linked avia-align-center  avia-builder-el-20  el_after_av_hr  avia-builder-el-last'   itemprop=\"image\" itemscope=\"itemscope\" itemtype=\"https:\/\/schema.org\/ImageObject\" ><div class=\"avia-image-container-inner\"><div class=\"avia-image-overlay-wrap\"><a href=\"https:\/\/analoguenow.com\/de\/show\/photoweekends\/photoweekend-2026\/\" class='avia_image'  aria-label='AN-Photoweekend-2026-SaveTheDate'><img decoding=\"async\" fetchpriority=\"high\" class='wp-image-14292 avia-img-lazy-loading-not-14292 avia_image' src=\"https:\/\/analoguenow.com\/wp-content\/uploads\/2026\/02\/AN-Photoweekend-2026-SaveTheDate-775x1030.jpg\" alt='' title='AN-Photoweekend-2026-SaveTheDate'  height=\"1030\" width=\"775\"  itemprop=\"thumbnailUrl\" srcset=\"https:\/\/analoguenow.com\/wp-content\/uploads\/2026\/02\/AN-Photoweekend-2026-SaveTheDate-775x1030.jpg 775w, https:\/\/analoguenow.com\/wp-content\/uploads\/2026\/02\/AN-Photoweekend-2026-SaveTheDate-226x300.jpg 226w, https:\/\/analoguenow.com\/wp-content\/uploads\/2026\/02\/AN-Photoweekend-2026-SaveTheDate-60x80.jpg 60w, https:\/\/analoguenow.com\/wp-content\/uploads\/2026\/02\/AN-Photoweekend-2026-SaveTheDate-768x1021.jpg 768w, https:\/\/analoguenow.com\/wp-content\/uploads\/2026\/02\/AN-Photoweekend-2026-SaveTheDate-1155x1536.jpg 1155w, https:\/\/analoguenow.com\/wp-content\/uploads\/2026\/02\/AN-Photoweekend-2026-SaveTheDate-1540x2048.jpg 1540w, https:\/\/analoguenow.com\/wp-content\/uploads\/2026\/02\/AN-Photoweekend-2026-SaveTheDate-9x12.jpg 9w, https:\/\/analoguenow.com\/wp-content\/uploads\/2026\/02\/AN-Photoweekend-2026-SaveTheDate-1128x1500.jpg 1128w, https:\/\/analoguenow.com\/wp-content\/uploads\/2026\/02\/AN-Photoweekend-2026-SaveTheDate-530x705.jpg 530w, https:\/\/analoguenow.com\/wp-content\/uploads\/2026\/02\/AN-Photoweekend-2026-SaveTheDate-scaled.jpg 1925w\" sizes=\"(max-width: 775px) 100vw, 775px\" \/><\/a><\/div><\/div><\/div><\/p><\/div>","protected":false},"excerpt":{"rendered":"","protected":false},"author":7,"featured_media":10957,"parent":0,"menu_order":0,"comment_status":"closed","ping_status":"closed","template":"","meta":{"footnotes":""},"mt-event-group":[],"class_list":["post-9434","page","type-page","status-publish","has-post-thumbnail","hentry"],"_links":{"self":[{"href":"https:\/\/analoguenow.com\/de\/wp-json\/wp\/v2\/pages\/9434","targetHints":{"allow":["GET"]}}],"collection":[{"href":"https:\/\/analoguenow.com\/de\/wp-json\/wp\/v2\/pages"}],"about":[{"href":"https:\/\/analoguenow.com\/de\/wp-json\/wp\/v2\/types\/page"}],"author":[{"embeddable":true,"href":"https:\/\/analoguenow.com\/de\/wp-json\/wp\/v2\/users\/7"}],"replies":[{"embeddable":true,"href":"https:\/\/analoguenow.com\/de\/wp-json\/wp\/v2\/comments?post=9434"}],"version-history":[{"count":330,"href":"https:\/\/analoguenow.com\/de\/wp-json\/wp\/v2\/pages\/9434\/revisions"}],"predecessor-version":[{"id":14344,"href":"https:\/\/analoguenow.com\/de\/wp-json\/wp\/v2\/pages\/9434\/revisions\/14344"}],"wp:featuredmedia":[{"embeddable":true,"href":"https:\/\/analoguenow.com\/de\/wp-json\/wp\/v2\/media\/10957"}],"wp:attachment":[{"href":"https:\/\/analoguenow.com\/de\/wp-json\/wp\/v2\/media?parent=9434"}],"wp:term":[{"taxonomy":"mt-event-group","embeddable":true,"href":"https:\/\/analoguenow.com\/de\/wp-json\/wp\/v2\/mt-event-group?post=9434"}],"curies":[{"name":"wp","href":"https:\/\/api.w.org\/{rel}","templated":true}]}}