{"id":8348,"date":"2024-06-24T00:16:32","date_gmt":"2024-06-23T22:16:32","guid":{"rendered":"https:\/\/analoguenow.com\/?p=8348"},"modified":"2025-03-25T17:33:36","modified_gmt":"2025-03-25T16:33:36","slug":"48-stunden-neukolln-2024","status":"publish","type":"page","link":"https:\/\/analoguenow.com\/de\/show\/events\/48-stunden-neukolln-2024\/","title":{"rendered":"48 Stunden Neuk\u00f6lln 2024"},"content":{"rendered":"<style type=\"text\/css\" data-created_by=\"avia_inline_auto\" id=\"style-css-av-m87dtmc5-9952a194579dd24d9e34fb4e7b4e9146\">\n.avia-section.av-m87dtmc5-9952a194579dd24d9e34fb4e7b4e9146{\nbackground-color:#e1ffc1;\nbackground-image:unset;\n}\n<\/style>\n<div id='av_section_1'  class='avia-section av-m87dtmc5-9952a194579dd24d9e34fb4e7b4e9146 main_color avia-section-default avia-no-border-styling  avia-builder-el-0  avia-builder-el-no-sibling  avia-bg-style-scroll container_wrap fullsize'  ><div class='container av-section-cont-open' ><main  role=\"main\" itemprop=\"mainContentOfPage\"  class='template-page content  av-content-full alpha units'><div class='post-entry post-entry-type-page post-entry-8348'><div class='entry-content-wrapper clearfix'>\n<div  class='flex_column av-feco30-4bc6c79a9a02a2060d2c24e687197390 av_two_fifth  avia-builder-el-1  el_before_av_three_fifth  avia-builder-el-first  first flex_column_div'     ><style type=\"text\/css\" data-created_by=\"avia_inline_auto\" id=\"style-css-av-m87dkbqr-ae8c2276e0437babe3925be133a0c78e\">\n.avia-image-container.av-m87dkbqr-ae8c2276e0437babe3925be133a0c78e img.avia_image{\nbox-shadow:none;\n}\n.avia-image-container.av-m87dkbqr-ae8c2276e0437babe3925be133a0c78e .av-image-caption-overlay-center{\ncolor:#ffffff;\n}\n<\/style>\n<div  class='avia-image-container av-m87dkbqr-ae8c2276e0437babe3925be133a0c78e av-styling- avia-align-center  avia-builder-el-2  avia-builder-el-no-sibling'   itemprop=\"image\" itemscope=\"itemscope\" itemtype=\"https:\/\/schema.org\/ImageObject\" ><div class=\"avia-image-container-inner\"><div class=\"avia-image-overlay-wrap\"><img decoding=\"async\" fetchpriority=\"high\" class='wp-image-8399 avia-img-lazy-loading-not-8399 avia_image' src=\"https:\/\/analoguenow.com\/wp-content\/uploads\/2024\/06\/IMG_7270-1024x1024.jpg\" alt='' title=''  height=\"1024\" width=\"1024\"  itemprop=\"thumbnailUrl\" srcset=\"https:\/\/analoguenow.com\/wp-content\/uploads\/2024\/06\/IMG_7270-1024x1024.jpg 1024w, https:\/\/analoguenow.com\/wp-content\/uploads\/2024\/06\/IMG_7270-300x300.jpg 300w, https:\/\/analoguenow.com\/wp-content\/uploads\/2024\/06\/IMG_7270-150x150.jpg 150w, https:\/\/analoguenow.com\/wp-content\/uploads\/2024\/06\/IMG_7270-768x768.jpg 768w, https:\/\/analoguenow.com\/wp-content\/uploads\/2024\/06\/IMG_7270-400x400.jpg 400w, https:\/\/analoguenow.com\/wp-content\/uploads\/2024\/06\/IMG_7270.jpg 1080w\" sizes=\"(max-width: 1024px) 100vw, 1024px\" \/><\/div><\/div><\/div><\/div><div  class='flex_column av-eagmjw-6447214a30088f9090aca9ca285938da av_three_fifth  avia-builder-el-3  el_after_av_two_fifth  el_before_av_hr  flex_column_div'     ><style type=\"text\/css\" data-created_by=\"avia_inline_auto\" id=\"style-css-av-m87dksf8-e7d1f960b476337dbb965bccff616054\">\n#top .av_textblock_section.av-m87dksf8-e7d1f960b476337dbb965bccff616054 .avia_textblock{\ncolor:#000000;\n}\n<\/style>\n<section  class='av_textblock_section av-m87dksf8-e7d1f960b476337dbb965bccff616054'   itemscope=\"itemscope\" itemtype=\"https:\/\/schema.org\/CreativeWork\" ><div class='avia_textblock av_inherit_color'  itemprop=\"text\" ><h5>48H NEUK\u00d6LLN<\/h5>\n<\/div><\/section><br \/>\n\n<style type=\"text\/css\" data-created_by=\"avia_inline_auto\" id=\"style-css-av-ck698s-e7bd57fae6a2578caea4d5d3b7ff87ce\">\n#top .hr.hr-invisible.av-ck698s-e7bd57fae6a2578caea4d5d3b7ff87ce{\nheight:25px;\n}\n<\/style>\n<div  class='hr av-ck698s-e7bd57fae6a2578caea4d5d3b7ff87ce hr-invisible  avia-builder-el-5  el_after_av_textblock  el_before_av_textblock'><span class='hr-inner'><span class=\"hr-inner-style\"><\/span><\/span><\/div><br \/>\n\n<style type=\"text\/css\" data-created_by=\"avia_inline_auto\" id=\"style-css-av-m87dleke-a937acb45088f7b6c6e5a87bfe6e51f2\">\n#top .av_textblock_section.av-m87dleke-a937acb45088f7b6c6e5a87bfe6e51f2 .avia_textblock{\ncolor:#000000;\n}\n<\/style>\n<section  class='av_textblock_section av-m87dleke-a937acb45088f7b6c6e5a87bfe6e51f2'   itemscope=\"itemscope\" itemtype=\"https:\/\/schema.org\/CreativeWork\" ><div class='avia_textblock av_inherit_color'  itemprop=\"text\" ><h1>WALK-IN CAMERA OBSCURA<\/h1>\n<\/div><\/section><\/p><\/div>\n<style type=\"text\/css\" data-created_by=\"avia_inline_auto\" id=\"style-css-av-ajkg0s-27f9091ccf1871260ce3a5dd4ce1432a\">\n#top .hr.hr-invisible.av-ajkg0s-27f9091ccf1871260ce3a5dd4ce1432a{\nheight:50px;\n}\n<\/style>\n<div  class='hr av-ajkg0s-27f9091ccf1871260ce3a5dd4ce1432a hr-invisible  avia-builder-el-7  el_after_av_three_fifth  el_before_av_two_fifth  av-small-hide av-mini-hide'><span class='hr-inner'><span class=\"hr-inner-style\"><\/span><\/span><\/div>\n<div  class='flex_column av-97uzbg-9629866a03e3ee354a7ed2cbb7ebf186 av_two_fifth  avia-builder-el-8  el_after_av_hr  el_before_av_three_fifth  first flex_column_div'     ><p>\n<style type=\"text\/css\" data-created_by=\"avia_inline_auto\" id=\"style-css-av-m87dmntl-1876bf7fac89bd2f888e02ff23e9e9a1\">\n#top .av_textblock_section.av-m87dmntl-1876bf7fac89bd2f888e02ff23e9e9a1 .avia_textblock{\ncolor:#000000;\n}\n<\/style>\n<section  class='av_textblock_section av-m87dmntl-1876bf7fac89bd2f888e02ff23e9e9a1'   itemscope=\"itemscope\" itemtype=\"https:\/\/schema.org\/CreativeWork\" ><div class='avia_textblock av_inherit_color'  itemprop=\"text\" ><p><strong>DATUM<\/strong><\/p>\n<p>Samstag, 29. Juni 2024<\/p>\n<p>Sonntag, 30. Juni 2024<\/p>\n<p><strong>ORT<\/strong><\/p>\n<p><a href=\"https:\/\/g.co\/kgs\/TtnQk3k\">Herrfurthpl. 14 12049 Berlin<\/a><\/p>\n<p><strong>EINTRITTSPREISE<\/strong><\/p>\n<p>Eintritt frei<\/p>\n<\/div><\/section><br \/>\n\n<style type=\"text\/css\" data-created_by=\"avia_inline_auto\" id=\"style-css-av-m87dsrvb-d8669c7fd6f39d8d97ee8c7164b778e1\">\n#top .hr.hr-invisible.av-m87dsrvb-d8669c7fd6f39d8d97ee8c7164b778e1{\nheight:25px;\n}\n<\/style>\n<div  class='hr av-m87dsrvb-d8669c7fd6f39d8d97ee8c7164b778e1 hr-invisible  avia-builder-el-10  el_after_av_textblock  el_before_av_textblock'><span class='hr-inner'><span class=\"hr-inner-style\"><\/span><\/span><\/div><br \/>\n\n<style type=\"text\/css\" data-created_by=\"avia_inline_auto\" id=\"style-css-av-m8ophk1l-0b08f98396d40341d6ae6a83785442e9\">\n#top .av_textblock_section.av-m8ophk1l-0b08f98396d40341d6ae6a83785442e9 .avia_textblock{\ncolor:#000000;\ntext-align:left;\n}\n<\/style>\n<section  class='av_textblock_section av-m8ophk1l-0b08f98396d40341d6ae6a83785442e9'   itemscope=\"itemscope\" itemtype=\"https:\/\/schema.org\/CreativeWork\" ><div class='avia_textblock av_inherit_color'  itemprop=\"text\" ><p>Dank der grossz\u00fcgigen Unterst\u00fctzung von<\/p>\n<\/div><\/section><br \/>\n\n<style type=\"text\/css\" data-created_by=\"avia_inline_auto\" id=\"style-css-av-m8ope677-e977ab3521c8bca5ae4d51b65ad47bc9\">\n.avia-image-container.av-m8ope677-e977ab3521c8bca5ae4d51b65ad47bc9 img.avia_image{\nbox-shadow:none;\n}\n.avia-image-container.av-m8ope677-e977ab3521c8bca5ae4d51b65ad47bc9 .av-image-caption-overlay-center{\ncolor:#ffffff;\n}\n<\/style>\n<div  class='avia-image-container av-m8ope677-e977ab3521c8bca5ae4d51b65ad47bc9 av-styling- avia-align-left  avia-builder-el-12  el_after_av_textblock  avia-builder-el-last'   itemprop=\"image\" itemscope=\"itemscope\" itemtype=\"https:\/\/schema.org\/ImageObject\" ><div class=\"avia-image-container-inner\"><div class=\"avia-image-overlay-wrap\"><img decoding=\"async\" fetchpriority=\"high\" class='wp-image-4742 avia-img-lazy-loading-not-4742 avia_image' src=\"https:\/\/analoguenow.com\/wp-content\/uploads\/2021\/08\/ADOX_alpha-e1742921086428-300x167.png\" alt='' title='ADOX logo'  height=\"167\" width=\"300\"  itemprop=\"thumbnailUrl\" srcset=\"https:\/\/analoguenow.com\/wp-content\/uploads\/2021\/08\/ADOX_alpha-e1742921086428-300x167.png 300w, https:\/\/analoguenow.com\/wp-content\/uploads\/2021\/08\/ADOX_alpha-e1742921086428-768x427.png 768w, https:\/\/analoguenow.com\/wp-content\/uploads\/2021\/08\/ADOX_alpha-e1742921086428-18x10.png 18w, https:\/\/analoguenow.com\/wp-content\/uploads\/2021\/08\/ADOX_alpha-e1742921086428-705x392.png 705w, https:\/\/analoguenow.com\/wp-content\/uploads\/2021\/08\/ADOX_alpha-e1742921086428.png 1030w\" sizes=\"(max-width: 300px) 100vw, 300px\" \/><\/div><\/div><\/div><\/p><\/div><div  class='flex_column av-7jycfg-111182bdbc9d622ed193c371f4f42942 av_three_fifth  avia-builder-el-13  el_after_av_two_fifth  avia-builder-el-last  flex_column_div'     ><style type=\"text\/css\" data-created_by=\"avia_inline_auto\" id=\"style-css-av-m87dnc3f-7bb9bd2d6d7df22410caebfb999bd89d\">\n#top .av_textblock_section.av-m87dnc3f-7bb9bd2d6d7df22410caebfb999bd89d .avia_textblock{\ncolor:#000000;\ntext-align:left;\n}\n<\/style>\n<section  class='av_textblock_section av-m87dnc3f-7bb9bd2d6d7df22410caebfb999bd89d'   itemscope=\"itemscope\" itemtype=\"https:\/\/schema.org\/CreativeWork\" ><div class='avia_textblock av_inherit_color'  itemprop=\"text\" ><p>Wir freuen uns sehr, dieses Jahr Teil des <a href=\"https:\/\/48-stunden-neukoelln.de\/en\/programm\/begehbare-camera-obscura-urbanes-kino-in-dunkler-stille\" target=\"_blank\" rel=\"noopener\">48h Neuk\u00f6lln<\/a> Festivals zu sein, das Kreativit\u00e4t, Kunst und Gemeinschaft feiert! Wir werden eine begehbare, raumgro\u00dfe Camera Obscura bauen, die den Besuchern eine einzigartige Erfahrung mit einer der \u00e4ltesten bildgebenden Techniken der Geschichte bietet. Treten Sie ein und erleben Sie die Magie von Licht und Optik in Aktion!<\/p>\n<p class=\"p1\">While you\u2019re here, don\u2019t miss the chance to have your very own analog, black-and-white reversal portrait taken. Watch as we capture your image using traditional photographic methods, creating a one-of-a-kind keepsake. Whether you\u2019re a photography enthusiast or just curious about the process, we invite you to drop by, explore, and be part of this interactive art experience. See you there!<\/p>\n<\/div><\/section><\/div>","protected":false},"excerpt":{"rendered":"<p>We are happy to be part on this year&#8217;s 48h Neuk\u00f6lln festival! We&#8217;ll be building a walk-in, room-sized camera obscura. Come by and get your portrait!<\/p>","protected":false},"author":1,"featured_media":0,"parent":9930,"menu_order":0,"comment_status":"closed","ping_status":"open","template":"","meta":{"footnotes":""},"mt-event-group":[],"class_list":["post-8348","page","type-page","status-publish","hentry"],"_links":{"self":[{"href":"https:\/\/analoguenow.com\/de\/wp-json\/wp\/v2\/pages\/8348","targetHints":{"allow":["GET"]}}],"collection":[{"href":"https:\/\/analoguenow.com\/de\/wp-json\/wp\/v2\/pages"}],"about":[{"href":"https:\/\/analoguenow.com\/de\/wp-json\/wp\/v2\/types\/page"}],"author":[{"embeddable":true,"href":"https:\/\/analoguenow.com\/de\/wp-json\/wp\/v2\/users\/1"}],"replies":[{"embeddable":true,"href":"https:\/\/analoguenow.com\/de\/wp-json\/wp\/v2\/comments?post=8348"}],"version-history":[{"count":39,"href":"https:\/\/analoguenow.com\/de\/wp-json\/wp\/v2\/pages\/8348\/revisions"}],"predecessor-version":[{"id":13336,"href":"https:\/\/analoguenow.com\/de\/wp-json\/wp\/v2\/pages\/8348\/revisions\/13336"}],"up":[{"embeddable":true,"href":"https:\/\/analoguenow.com\/de\/wp-json\/wp\/v2\/pages\/9930"}],"wp:attachment":[{"href":"https:\/\/analoguenow.com\/de\/wp-json\/wp\/v2\/media?parent=8348"}],"wp:term":[{"taxonomy":"mt-event-group","embeddable":true,"href":"https:\/\/analoguenow.com\/de\/wp-json\/wp\/v2\/mt-event-group?post=8348"}],"curies":[{"name":"wp","href":"https:\/\/api.w.org\/{rel}","templated":true}]}}