{"id":4111,"date":"2021-02-27T20:25:00","date_gmt":"2021-02-27T19:25:00","guid":{"rendered":"https:\/\/analoguenow.com\/?p=4111"},"modified":"2025-03-15T12:42:04","modified_gmt":"2025-03-15T11:42:04","slug":"meetup-wet-plate-2020","status":"publish","type":"page","link":"https:\/\/analoguenow.com\/de\/show\/events\/meetup-wet-plate-2020\/","title":{"rendered":"meetup #4 Wet plate demo &#8211; Daniel Samanns"},"content":{"rendered":"<style type=\"text\/css\" data-created_by=\"avia_inline_auto\" id=\"style-css-av-m87eoxod-2d04a3602ea00cae9040c78ad4eecbde\">\n.avia-section.av-m87eoxod-2d04a3602ea00cae9040c78ad4eecbde{\nbackground-color:#ffeead;\nbackground-image:unset;\n}\n<\/style>\n<div id='av_section_1'  class='avia-section av-m87eoxod-2d04a3602ea00cae9040c78ad4eecbde main_color avia-section-default avia-no-border-styling  avia-builder-el-0  avia-builder-el-no-sibling  avia-bg-style-scroll container_wrap fullsize'  ><div class='container av-section-cont-open' ><main  role=\"main\" itemprop=\"mainContentOfPage\"  class='template-page content  av-content-full alpha units'><div class='post-entry post-entry-type-page post-entry-4111'><div class='entry-content-wrapper clearfix'>\n<div  class='flex_column av-eti6xb-4487a63619c676d0f4039a53edb61494 av_two_fifth  avia-builder-el-1  el_before_av_three_fifth  avia-builder-el-first  first flex_column_div'     ><style type=\"text\/css\" data-created_by=\"avia_inline_auto\" id=\"style-css-av-m87eiru2-e3a3ab53dec5545288876266e6a6196f\">\n.avia-image-container.av-m87eiru2-e3a3ab53dec5545288876266e6a6196f img.avia_image{\nbox-shadow:none;\n}\n.avia-image-container.av-m87eiru2-e3a3ab53dec5545288876266e6a6196f .av-image-caption-overlay-center{\ncolor:#ffffff;\n}\n<\/style>\n<div  class='avia-image-container av-m87eiru2-e3a3ab53dec5545288876266e6a6196f av-styling- avia-align-center  avia-builder-el-2  avia-builder-el-no-sibling'   itemprop=\"image\" itemscope=\"itemscope\" itemtype=\"https:\/\/schema.org\/ImageObject\" ><div class=\"avia-image-container-inner\"><div class=\"avia-image-overlay-wrap\"><img decoding=\"async\" fetchpriority=\"high\" class='wp-image-10500 avia-img-lazy-loading-not-10500 avia_image' src=\"https:\/\/analoguenow.com\/wp-content\/uploads\/2025\/01\/meetup4_wet-plate_Daniel-Samanns_2021_square.jpg\" alt='' title='meetup4_wet-plate_Daniel-Samanns_2021_square'  height=\"618\" width=\"618\"  itemprop=\"thumbnailUrl\" srcset=\"https:\/\/analoguenow.com\/wp-content\/uploads\/2025\/01\/meetup4_wet-plate_Daniel-Samanns_2021_square.jpg 618w, https:\/\/analoguenow.com\/wp-content\/uploads\/2025\/01\/meetup4_wet-plate_Daniel-Samanns_2021_square-300x300.jpg 300w, https:\/\/analoguenow.com\/wp-content\/uploads\/2025\/01\/meetup4_wet-plate_Daniel-Samanns_2021_square-80x80.jpg 80w, https:\/\/analoguenow.com\/wp-content\/uploads\/2025\/01\/meetup4_wet-plate_Daniel-Samanns_2021_square-36x36.jpg 36w, https:\/\/analoguenow.com\/wp-content\/uploads\/2025\/01\/meetup4_wet-plate_Daniel-Samanns_2021_square-180x180.jpg 180w\" sizes=\"(max-width: 618px) 100vw, 618px\" \/><\/div><\/div><\/div><\/div><div  class='flex_column av-ck8ya7-051ae5dd10892fbaaf43d8cab1ef6797 av_three_fifth  avia-builder-el-3  el_after_av_two_fifth  el_before_av_hr  flex_column_div'     ><style type=\"text\/css\" data-created_by=\"avia_inline_auto\" id=\"style-css-av-m87eiyzv-a78fb4ec1e91bb4b87c396eeb4890242\">\n#top .av_textblock_section.av-m87eiyzv-a78fb4ec1e91bb4b87c396eeb4890242 .avia_textblock{\ncolor:#000000;\n}\n<\/style>\n<section  class='av_textblock_section av-m87eiyzv-a78fb4ec1e91bb4b87c396eeb4890242'   itemscope=\"itemscope\" itemtype=\"https:\/\/schema.org\/CreativeWork\" ><div class='avia_textblock av_inherit_color'  itemprop=\"text\" ><h5>MEETUP<\/h5>\n<\/div><\/section><br \/>\n\n<style type=\"text\/css\" data-created_by=\"avia_inline_auto\" id=\"style-css-av-behlwv-b11583b609e09b8ed817c29f84551f1f\">\n#top .hr.hr-invisible.av-behlwv-b11583b609e09b8ed817c29f84551f1f{\nheight:25px;\n}\n<\/style>\n<div  class='hr av-behlwv-b11583b609e09b8ed817c29f84551f1f hr-invisible  avia-builder-el-5  el_after_av_textblock  el_before_av_textblock'><span class='hr-inner'><span class=\"hr-inner-style\"><\/span><\/span><\/div><br \/>\n\n<style type=\"text\/css\" data-created_by=\"avia_inline_auto\" id=\"style-css-av-m87ejqrw-415bb567becf6799c81726db6fffaabe\">\n#top .av_textblock_section.av-m87ejqrw-415bb567becf6799c81726db6fffaabe .avia_textblock{\ncolor:#000000;\n}\n<\/style>\n<section  class='av_textblock_section av-m87ejqrw-415bb567becf6799c81726db6fffaabe'   itemscope=\"itemscope\" itemtype=\"https:\/\/schema.org\/CreativeWork\" ><div class='avia_textblock av_inherit_color'  itemprop=\"text\" ><h1>WET PLATE DEMO<\/h1>\n<h3>mit Daniel Samanns<\/h3>\n<\/div><\/section><\/p><\/div>\n<style type=\"text\/css\" data-created_by=\"avia_inline_auto\" id=\"style-css-av-99hm8v-fa2bc52d59fc17136e7fed0c06828b9e\">\n#top .hr.hr-invisible.av-99hm8v-fa2bc52d59fc17136e7fed0c06828b9e{\nheight:50px;\n}\n<\/style>\n<div  class='hr av-99hm8v-fa2bc52d59fc17136e7fed0c06828b9e hr-invisible  avia-builder-el-7  el_after_av_three_fifth  el_before_av_two_fifth  av-small-hide av-mini-hide'><span class='hr-inner'><span class=\"hr-inner-style\"><\/span><\/span><\/div>\n<div  class='flex_column av-82d6wf-889a9c4c9844435ae08287e918ef80e9 av_two_fifth  avia-builder-el-8  el_after_av_hr  el_before_av_three_fifth  first flex_column_div'     ><style type=\"text\/css\" data-created_by=\"avia_inline_auto\" id=\"style-css-av-m87elit7-39488f609abb100287f2e545817bdf55\">\n#top .av_textblock_section.av-m87elit7-39488f609abb100287f2e545817bdf55 .avia_textblock{\ncolor:#000000;\n}\n<\/style>\n<section  class='av_textblock_section av-m87elit7-39488f609abb100287f2e545817bdf55'   itemscope=\"itemscope\" itemtype=\"https:\/\/schema.org\/CreativeWork\" ><div class='avia_textblock av_inherit_color'  itemprop=\"text\" ><p><strong>DATUM<\/strong><\/p>\n<p>2. Februar 2020, 18 Uhr<\/p>\n<p><strong>ORT<\/strong><\/p>\n<p>Galerie Falkonier<\/p>\n<p>Werderscher Markt 12, 10117 Berlin<\/p>\n<p><strong>EINTRITTSPREISE<\/strong><\/p>\n<p>Eintritt frei<\/p>\n<\/div><\/section><\/div><div  class='flex_column av-6epcdb-874e9c88d323cbdf7ac1b40821f81918 av_three_fifth  avia-builder-el-10  el_after_av_two_fifth  el_before_av_hr  flex_column_div'     ><style type=\"text\/css\" data-created_by=\"avia_inline_auto\" id=\"style-css-av-m87eoca8-cc233c8ccff983e54e104ca877e2733f\">\n#top .av_textblock_section.av-m87eoca8-cc233c8ccff983e54e104ca877e2733f .avia_textblock{\ncolor:#000000;\ntext-align:left;\n}\n<\/style>\n<section  class='av_textblock_section av-m87eoca8-cc233c8ccff983e54e104ca877e2733f'   itemscope=\"itemscope\" itemtype=\"https:\/\/schema.org\/CreativeWork\" ><div class='avia_textblock av_inherit_color'  itemprop=\"text\" ><p class=\"p1\">Diesen Monat besuchen wir die Gruppenausstellung <i>D E C A M E R O N<\/i>, organisiert von Wet Plate Berlin in der Galerie Falkonier. Im Rahmen dieser Veranstaltung wird der Fotograf Daniel Samanns eine Live-Demonstration des faszinierenden Kollodium- oder Nassplattenverfahrens geben - eine komplizierte fotografische Technik aus dem 19. Jahrhundert, die f\u00fcr ihre atemberaubenden, \u00e4therischen Ergebnisse bekannt ist. Jahrhundert, die f\u00fcr ihre atemberaubenden, \u00e4therischen Ergebnisse bekannt ist. Dies ist eine aufregende Gelegenheit, diesem alten Verfahren beizuwohnen, Einblicke in die historische Fotografie zu gewinnen und die Kunstfertigkeit hinter diesem alten Verfahren zu sch\u00e4tzen. Lassen Sie sich dieses Ereignis nicht entgehen!<\/p>\n<\/div><\/section><\/div>\n<style type=\"text\/css\" data-created_by=\"avia_inline_auto\" id=\"style-css-av-m87f9r5o-d28dd73cb1f4df5c91a646436167e665\">\n#top .hr.hr-invisible.av-m87f9r5o-d28dd73cb1f4df5c91a646436167e665{\nheight:25px;\n}\n<\/style>\n<div  class='hr av-m87f9r5o-d28dd73cb1f4df5c91a646436167e665 hr-invisible  avia-builder-el-12  el_after_av_three_fifth  el_before_av_two_fifth'><span class='hr-inner'><span class=\"hr-inner-style\"><\/span><\/span><\/div>\n<div  class='flex_column av-3sp7nz-236dd30fad5742a53ced7053b3c64fcd av_two_fifth  avia-builder-el-13  el_after_av_hr  el_before_av_three_fifth  first flex_column_div'     ><\/div><div  class='flex_column av-253xq7-6387813d69e381c2bb3bb18fdc808feb av_three_fifth  avia-builder-el-14  el_after_av_two_fifth  avia-builder-el-last  flex_column_div'     ><div id='av-masonry-1' class='av-masonry av-m87f49wm-add0eeef0438d30da05ad458da546314 noHover av-fixed-size av-1px-gap av-hover-overlay-active av-masonry-animation-active av-masonry-col-flexible av-caption-always av-caption-style- av-masonry-gallery av-orientation-square' data-post_id=\"4111\"><div class=\"av-masonry-container isotope av-js-disabled\"><div class='av-masonry-entry isotope-item av-masonry-item-no-image'><\/div><a href=\"https:\/\/analoguenow.com\/wp-content\/uploads\/2021\/01\/Meetup4-025-1.jpg\" data-srcset=\"https:\/\/analoguenow.com\/wp-content\/uploads\/2021\/01\/Meetup4-025-1.jpg 1024w, https:\/\/analoguenow.com\/wp-content\/uploads\/2021\/01\/Meetup4-025-1-300x178.jpg 300w, https:\/\/analoguenow.com\/wp-content\/uploads\/2021\/01\/Meetup4-025-1-768x455.jpg 768w, https:\/\/analoguenow.com\/wp-content\/uploads\/2021\/01\/Meetup4-025-1-676x400.jpg 676w\" data-sizes=\"(max-width: 1024px) 100vw, 1024px\"  aria-label=\"Bild Meetup #4 &#8211; Wet plate demo\"  id='av-masonry-1-item-4182' data-av-masonry-item='4182' class='av-masonry-entry isotope-item post-4182 attachment type-attachment status-inherit hentry  av-masonry-item-with-image' title=\"Meetup #4 &#8211; Wet plate demo\" alt=\"\"    itemprop=\"thumbnailUrl\" ><div class='av-inner-masonry-sizer'><\/div><figure class='av-inner-masonry main_color'><div class=\"av-masonry-outerimage-container\"><div class='av-masonry-image-container lazyload' style=\"background-image:inherit;\"  title=\"Meetup #4 &#8211; Wet plate demo\"  data-bg-image=\"url(https:\/\/analoguenow.com\/wp-content\/uploads\/2021\/01\/Meetup4-025-1.jpg)\"><\/div><\/div><\/figure><\/a><!--end av-masonry entry--><a href=\"https:\/\/analoguenow.com\/wp-content\/uploads\/2021\/01\/Meetup4-026-1.jpg\" data-srcset=\"https:\/\/analoguenow.com\/wp-content\/uploads\/2021\/01\/Meetup4-026-1.jpg 1024w, https:\/\/analoguenow.com\/wp-content\/uploads\/2021\/01\/Meetup4-026-1-300x177.jpg 300w, https:\/\/analoguenow.com\/wp-content\/uploads\/2021\/01\/Meetup4-026-1-768x452.jpg 768w, https:\/\/analoguenow.com\/wp-content\/uploads\/2021\/01\/Meetup4-026-1-679x400.jpg 679w\" data-sizes=\"(max-width: 1024px) 100vw, 1024px\"  aria-label=\"Bild Meetup #4 &#8211; Wet plate demo\"  id='av-masonry-1-item-4183' data-av-masonry-item='4183' class='av-masonry-entry isotope-item post-4183 attachment type-attachment status-inherit hentry  av-masonry-item-with-image' title=\"Meetup #4 &#8211; Wet plate demo\" alt=\"\"    itemprop=\"thumbnailUrl\" ><div class='av-inner-masonry-sizer'><\/div><figure class='av-inner-masonry main_color'><div class=\"av-masonry-outerimage-container\"><div class='av-masonry-image-container lazyload' style=\"background-image:inherit;\"  title=\"Meetup #4 &#8211; Wet plate demo\"  data-bg-image=\"url(https:\/\/analoguenow.com\/wp-content\/uploads\/2021\/01\/Meetup4-026-1.jpg)\"><\/div><\/div><\/figure><\/a><!--end av-masonry entry--><a href=\"https:\/\/analoguenow.com\/wp-content\/uploads\/2021\/01\/Meetup4-041-1.jpg\" data-srcset=\"https:\/\/analoguenow.com\/wp-content\/uploads\/2021\/01\/Meetup4-041-1.jpg 1024w, https:\/\/analoguenow.com\/wp-content\/uploads\/2021\/01\/Meetup4-041-1-300x179.jpg 300w, https:\/\/analoguenow.com\/wp-content\/uploads\/2021\/01\/Meetup4-041-1-768x458.jpg 768w, https:\/\/analoguenow.com\/wp-content\/uploads\/2021\/01\/Meetup4-041-1-671x400.jpg 671w\" data-sizes=\"(max-width: 1024px) 100vw, 1024px\"  aria-label=\"Bild Meetup #4 &#8211; Wet plate demo\"  id='av-masonry-1-item-4192' data-av-masonry-item='4192' class='av-masonry-entry isotope-item post-4192 attachment type-attachment status-inherit hentry  av-masonry-item-with-image' title=\"Meetup #4 &#8211; Wet plate demo\" alt=\"\"    itemprop=\"thumbnailUrl\" ><div class='av-inner-masonry-sizer'><\/div><figure class='av-inner-masonry main_color'><div class=\"av-masonry-outerimage-container\"><div class='av-masonry-image-container lazyload' style=\"background-image:inherit;\"  title=\"Meetup #4 &#8211; Wet plate demo\"  data-bg-image=\"url(https:\/\/analoguenow.com\/wp-content\/uploads\/2021\/01\/Meetup4-041-1.jpg)\"><\/div><\/div><\/figure><\/a><!--end av-masonry entry--><a href=\"https:\/\/analoguenow.com\/wp-content\/uploads\/2021\/01\/Meetup4-045-1.jpg\" data-srcset=\"https:\/\/analoguenow.com\/wp-content\/uploads\/2021\/01\/Meetup4-045-1.jpg 1024w, https:\/\/analoguenow.com\/wp-content\/uploads\/2021\/01\/Meetup4-045-1-300x178.jpg 300w, https:\/\/analoguenow.com\/wp-content\/uploads\/2021\/01\/Meetup4-045-1-768x456.jpg 768w, https:\/\/analoguenow.com\/wp-content\/uploads\/2021\/01\/Meetup4-045-1-674x400.jpg 674w\" data-sizes=\"(max-width: 1024px) 100vw, 1024px\"  aria-label=\"Bild Meetup #4 &#8211; Wet plate demo\"  id='av-masonry-1-item-4196' data-av-masonry-item='4196' class='av-masonry-entry isotope-item post-4196 attachment type-attachment status-inherit hentry  av-masonry-item-with-image' title=\"Meetup #4 &#8211; Wet plate demo\" alt=\"\"    itemprop=\"thumbnailUrl\" ><div class='av-inner-masonry-sizer'><\/div><figure class='av-inner-masonry main_color'><div class=\"av-masonry-outerimage-container\"><div class='av-masonry-image-container lazyload' style=\"background-image:inherit;\"  title=\"Meetup #4 &#8211; Wet plate demo\"  data-bg-image=\"url(https:\/\/analoguenow.com\/wp-content\/uploads\/2021\/01\/Meetup4-045-1.jpg)\"><\/div><\/div><\/figure><\/a><!--end av-masonry entry--><a href=\"https:\/\/analoguenow.com\/wp-content\/uploads\/2021\/01\/Meetup4-035-1.jpg\" data-srcset=\"https:\/\/analoguenow.com\/wp-content\/uploads\/2021\/01\/Meetup4-035-1.jpg 1024w, https:\/\/analoguenow.com\/wp-content\/uploads\/2021\/01\/Meetup4-035-1-300x186.jpg 300w, https:\/\/analoguenow.com\/wp-content\/uploads\/2021\/01\/Meetup4-035-1-768x477.jpg 768w, https:\/\/analoguenow.com\/wp-content\/uploads\/2021\/01\/Meetup4-035-1-644x400.jpg 644w\" data-sizes=\"(max-width: 1024px) 100vw, 1024px\"  aria-label=\"Bild Meetup #4 &#8211; Wet plate demo\"  id='av-masonry-1-item-4188' data-av-masonry-item='4188' class='av-masonry-entry isotope-item post-4188 attachment type-attachment status-inherit hentry  av-masonry-item-with-image' title=\"Meetup #4 &#8211; Wet plate demo\" alt=\"\"    itemprop=\"thumbnailUrl\" ><div class='av-inner-masonry-sizer'><\/div><figure class='av-inner-masonry main_color'><div class=\"av-masonry-outerimage-container\"><div class='av-masonry-image-container lazyload' style=\"background-image:inherit;\"  title=\"Meetup #4 &#8211; Wet plate demo\"  data-bg-image=\"url(https:\/\/analoguenow.com\/wp-content\/uploads\/2021\/01\/Meetup4-035-1.jpg)\"><\/div><\/div><\/figure><\/a><!--end av-masonry entry--><a href=\"https:\/\/analoguenow.com\/wp-content\/uploads\/2021\/01\/Meetup4-007-1.jpg\" data-srcset=\"https:\/\/analoguenow.com\/wp-content\/uploads\/2021\/01\/Meetup4-007-1.jpg 612w, https:\/\/analoguenow.com\/wp-content\/uploads\/2021\/01\/Meetup4-007-1-179x300.jpg 179w, https:\/\/analoguenow.com\/wp-content\/uploads\/2021\/01\/Meetup4-007-1-239x400.jpg 239w\" data-sizes=\"(max-width: 612px) 100vw, 612px\"  aria-label=\"Bild Meetup #4 &#8211; Wet plate demo\"  id='av-masonry-1-item-4167' data-av-masonry-item='4167' class='av-masonry-entry isotope-item post-4167 attachment type-attachment status-inherit hentry  av-masonry-item-with-image' title=\"Meetup #4 &#8211; Wet plate demo\" alt=\"\"    itemprop=\"thumbnailUrl\" ><div class='av-inner-masonry-sizer'><\/div><figure class='av-inner-masonry main_color'><div class=\"av-masonry-outerimage-container\"><div class='av-masonry-image-container lazyload' style=\"background-image:inherit;\"  title=\"Meetup #4 &#8211; Wet plate demo\"  data-bg-image=\"url(https:\/\/analoguenow.com\/wp-content\/uploads\/2021\/01\/Meetup4-007-1.jpg)\"><\/div><\/div><\/figure><\/a><!--end av-masonry entry--><a href=\"https:\/\/analoguenow.com\/wp-content\/uploads\/2021\/01\/Meetup4-028-1.jpg\" data-srcset=\"https:\/\/analoguenow.com\/wp-content\/uploads\/2021\/01\/Meetup4-028-1.jpg 1024w, https:\/\/analoguenow.com\/wp-content\/uploads\/2021\/01\/Meetup4-028-1-300x185.jpg 300w, https:\/\/analoguenow.com\/wp-content\/uploads\/2021\/01\/Meetup4-028-1-768x473.jpg 768w, https:\/\/analoguenow.com\/wp-content\/uploads\/2021\/01\/Meetup4-028-1-649x400.jpg 649w\" data-sizes=\"(max-width: 1024px) 100vw, 1024px\"  aria-label=\"Bild Meetup #4 &#8211; Wet plate demo\"  id='av-masonry-1-item-4185' data-av-masonry-item='4185' class='av-masonry-entry isotope-item post-4185 attachment type-attachment status-inherit hentry  av-masonry-item-with-image' title=\"Meetup #4 &#8211; Wet plate demo\" alt=\"\"    itemprop=\"thumbnailUrl\" ><div class='av-inner-masonry-sizer'><\/div><figure class='av-inner-masonry main_color'><div class=\"av-masonry-outerimage-container\"><div class='av-masonry-image-container lazyload' style=\"background-image:inherit;\"  title=\"Meetup #4 &#8211; Wet plate demo\"  data-bg-image=\"url(https:\/\/analoguenow.com\/wp-content\/uploads\/2021\/01\/Meetup4-028-1.jpg)\"><\/div><\/div><\/figure><\/a><!--end av-masonry entry--><a href=\"https:\/\/analoguenow.com\/wp-content\/uploads\/2021\/01\/Meetup4-023-1.jpg\" data-srcset=\"https:\/\/analoguenow.com\/wp-content\/uploads\/2021\/01\/Meetup4-023-1.jpg 1024w, https:\/\/analoguenow.com\/wp-content\/uploads\/2021\/01\/Meetup4-023-1-300x177.jpg 300w, https:\/\/analoguenow.com\/wp-content\/uploads\/2021\/01\/Meetup4-023-1-768x454.jpg 768w, https:\/\/analoguenow.com\/wp-content\/uploads\/2021\/01\/Meetup4-023-1-677x400.jpg 677w\" data-sizes=\"(max-width: 1024px) 100vw, 1024px\"  aria-label=\"Bild Meetup #4 &#8211; Wet plate demo\"  id='av-masonry-1-item-4180' data-av-masonry-item='4180' class='av-masonry-entry isotope-item post-4180 attachment type-attachment status-inherit hentry  av-masonry-item-with-image' title=\"Meetup #4 &#8211; Wet plate demo\" alt=\"\"    itemprop=\"thumbnailUrl\" ><div class='av-inner-masonry-sizer'><\/div><figure class='av-inner-masonry main_color'><div class=\"av-masonry-outerimage-container\"><div class='av-masonry-image-container lazyload' style=\"background-image:inherit;\"  title=\"Meetup #4 &#8211; Wet plate demo\"  data-bg-image=\"url(https:\/\/analoguenow.com\/wp-content\/uploads\/2021\/01\/Meetup4-023-1.jpg)\"><\/div><\/div><\/figure><\/a><!--end av-masonry entry--><a href=\"https:\/\/analoguenow.com\/wp-content\/uploads\/2021\/01\/Meetup4-022-1.jpg\" data-srcset=\"https:\/\/analoguenow.com\/wp-content\/uploads\/2021\/01\/Meetup4-022-1.jpg 1024w, https:\/\/analoguenow.com\/wp-content\/uploads\/2021\/01\/Meetup4-022-1-300x181.jpg 300w, https:\/\/analoguenow.com\/wp-content\/uploads\/2021\/01\/Meetup4-022-1-768x464.jpg 768w, https:\/\/analoguenow.com\/wp-content\/uploads\/2021\/01\/Meetup4-022-1-663x400.jpg 663w\" data-sizes=\"(max-width: 1024px) 100vw, 1024px\"  aria-label=\"Bild Meetup #4 &#8211; Wet plate demo\"  id='av-masonry-1-item-4179' data-av-masonry-item='4179' class='av-masonry-entry isotope-item post-4179 attachment type-attachment status-inherit hentry  av-masonry-item-with-image' title=\"Meetup #4 &#8211; Wet plate demo\" alt=\"\"    itemprop=\"thumbnailUrl\" ><div class='av-inner-masonry-sizer'><\/div><figure class='av-inner-masonry main_color'><div class=\"av-masonry-outerimage-container\"><div class='av-masonry-image-container lazyload' style=\"background-image:inherit;\"  title=\"Meetup #4 &#8211; Wet plate demo\"  data-bg-image=\"url(https:\/\/analoguenow.com\/wp-content\/uploads\/2021\/01\/Meetup4-022-1.jpg)\"><\/div><\/div><\/figure><\/a><!--end av-masonry entry--><a href=\"https:\/\/analoguenow.com\/wp-content\/uploads\/2021\/01\/Meetup4-012-1.jpg\" data-srcset=\"https:\/\/analoguenow.com\/wp-content\/uploads\/2021\/01\/Meetup4-012-1.jpg 1024w, https:\/\/analoguenow.com\/wp-content\/uploads\/2021\/01\/Meetup4-012-1-300x178.jpg 300w, https:\/\/analoguenow.com\/wp-content\/uploads\/2021\/01\/Meetup4-012-1-768x455.jpg 768w, https:\/\/analoguenow.com\/wp-content\/uploads\/2021\/01\/Meetup4-012-1-675x400.jpg 675w\" data-sizes=\"(max-width: 1024px) 100vw, 1024px\"  aria-label=\"Bild Meetup #4 &#8211; Wet plate demo\"  id='av-masonry-1-item-4171' data-av-masonry-item='4171' class='av-masonry-entry isotope-item post-4171 attachment type-attachment status-inherit hentry  av-masonry-item-with-image' title=\"Meetup #4 &#8211; Wet plate demo\" alt=\"\"    itemprop=\"thumbnailUrl\" ><div class='av-inner-masonry-sizer'><\/div><figure class='av-inner-masonry main_color'><div class=\"av-masonry-outerimage-container\"><div class='av-masonry-image-container lazyload' style=\"background-image:inherit;\"  title=\"Meetup #4 &#8211; Wet plate demo\"  data-bg-image=\"url(https:\/\/analoguenow.com\/wp-content\/uploads\/2021\/01\/Meetup4-012-1.jpg)\"><\/div><\/div><\/figure><\/a><!--end av-masonry entry--><a href=\"https:\/\/analoguenow.com\/wp-content\/uploads\/2021\/01\/Meetup4-009-1.jpg\" data-srcset=\"https:\/\/analoguenow.com\/wp-content\/uploads\/2021\/01\/Meetup4-009-1.jpg 1024w, https:\/\/analoguenow.com\/wp-content\/uploads\/2021\/01\/Meetup4-009-1-300x178.jpg 300w, https:\/\/analoguenow.com\/wp-content\/uploads\/2021\/01\/Meetup4-009-1-768x456.jpg 768w, https:\/\/analoguenow.com\/wp-content\/uploads\/2021\/01\/Meetup4-009-1-674x400.jpg 674w\" data-sizes=\"(max-width: 1024px) 100vw, 1024px\"  aria-label=\"Bild Meetup #4 &#8211; Wet plate demo\"  id='av-masonry-1-item-4169' data-av-masonry-item='4169' class='av-masonry-entry isotope-item post-4169 attachment type-attachment status-inherit hentry  av-masonry-item-with-image' title=\"Meetup #4 &#8211; Wet plate demo\" alt=\"\"    itemprop=\"thumbnailUrl\" ><div class='av-inner-masonry-sizer'><\/div><figure class='av-inner-masonry main_color'><div class=\"av-masonry-outerimage-container\"><div class='av-masonry-image-container lazyload' style=\"background-image:inherit;\"  title=\"Meetup #4 &#8211; Wet plate demo\"  data-bg-image=\"url(https:\/\/analoguenow.com\/wp-content\/uploads\/2021\/01\/Meetup4-009-1.jpg)\"><\/div><\/div><\/figure><\/a><!--end av-masonry entry--><a href=\"https:\/\/analoguenow.com\/wp-content\/uploads\/2021\/01\/Meetup4-019-1.jpg\" data-srcset=\"https:\/\/analoguenow.com\/wp-content\/uploads\/2021\/01\/Meetup4-019-1.jpg 1024w, https:\/\/analoguenow.com\/wp-content\/uploads\/2021\/01\/Meetup4-019-1-300x187.jpg 300w, https:\/\/analoguenow.com\/wp-content\/uploads\/2021\/01\/Meetup4-019-1-768x479.jpg 768w, https:\/\/analoguenow.com\/wp-content\/uploads\/2021\/01\/Meetup4-019-1-642x400.jpg 642w\" data-sizes=\"(max-width: 1024px) 100vw, 1024px\"  aria-label=\"Bild Meetup #4 &#8211; Wet plate demo\"  id='av-masonry-1-item-4176' data-av-masonry-item='4176' class='av-masonry-entry isotope-item post-4176 attachment type-attachment status-inherit hentry  av-masonry-item-with-image' title=\"Meetup #4 &#8211; Wet plate demo\" alt=\"\"    itemprop=\"thumbnailUrl\" ><div class='av-inner-masonry-sizer'><\/div><figure class='av-inner-masonry main_color'><div class=\"av-masonry-outerimage-container\"><div class='av-masonry-image-container lazyload' style=\"background-image:inherit;\"  title=\"Meetup #4 &#8211; Wet plate demo\"  data-bg-image=\"url(https:\/\/analoguenow.com\/wp-content\/uploads\/2021\/01\/Meetup4-019-1.jpg)\"><\/div><\/div><\/figure><\/a><!--end av-masonry entry--><\/div><\/div><\/div>","protected":false},"excerpt":{"rendered":"","protected":false},"author":1,"featured_media":0,"parent":9930,"menu_order":0,"comment_status":"closed","ping_status":"closed","template":"","meta":{"footnotes":""},"mt-event-group":[],"class_list":["post-4111","page","type-page","status-publish","hentry"],"_links":{"self":[{"href":"https:\/\/analoguenow.com\/de\/wp-json\/wp\/v2\/pages\/4111","targetHints":{"allow":["GET"]}}],"collection":[{"href":"https:\/\/analoguenow.com\/de\/wp-json\/wp\/v2\/pages"}],"about":[{"href":"https:\/\/analoguenow.com\/de\/wp-json\/wp\/v2\/types\/page"}],"author":[{"embeddable":true,"href":"https:\/\/analoguenow.com\/de\/wp-json\/wp\/v2\/users\/1"}],"replies":[{"embeddable":true,"href":"https:\/\/analoguenow.com\/de\/wp-json\/wp\/v2\/comments?post=4111"}],"version-history":[{"count":11,"href":"https:\/\/analoguenow.com\/de\/wp-json\/wp\/v2\/pages\/4111\/revisions"}],"predecessor-version":[{"id":12646,"href":"https:\/\/analoguenow.com\/de\/wp-json\/wp\/v2\/pages\/4111\/revisions\/12646"}],"up":[{"embeddable":true,"href":"https:\/\/analoguenow.com\/de\/wp-json\/wp\/v2\/pages\/9930"}],"wp:attachment":[{"href":"https:\/\/analoguenow.com\/de\/wp-json\/wp\/v2\/media?parent=4111"}],"wp:term":[{"taxonomy":"mt-event-group","embeddable":true,"href":"https:\/\/analoguenow.com\/de\/wp-json\/wp\/v2\/mt-event-group?post=4111"}],"curies":[{"name":"wp","href":"https:\/\/api.w.org\/{rel}","templated":true}]}}