{"id":3999,"date":"2020-01-29T07:55:35","date_gmt":"2020-01-29T06:55:35","guid":{"rendered":"http:\/\/analoguenow.com\/?p=3999"},"modified":"2025-03-25T15:07:17","modified_gmt":"2025-03-25T14:07:17","slug":"showtell-foto-kotti-2019","status":"publish","type":"page","link":"https:\/\/analoguenow.com\/de\/show\/events\/showtell-foto-kotti-2019\/","title":{"rendered":"meetup #2 Show &#038; Tell at Foto Kotti"},"content":{"rendered":"<style type=\"text\/css\" data-created_by=\"avia_inline_auto\" id=\"style-css-av-m87g6eb4-aa9dba4f5226541cc1ba31383eeba313\">\n.avia-section.av-m87g6eb4-aa9dba4f5226541cc1ba31383eeba313{\nbackground-color:#e0fff9;\nbackground-image:unset;\n}\n<\/style>\n<div id='av_section_1'  class='avia-section av-m87g6eb4-aa9dba4f5226541cc1ba31383eeba313 main_color avia-section-default avia-no-border-styling  avia-builder-el-0  avia-builder-el-no-sibling  avia-bg-style-scroll container_wrap fullsize'  ><div class='container av-section-cont-open' ><main  role=\"main\" itemprop=\"mainContentOfPage\"  class='template-page content  av-content-full alpha units'><div class='post-entry post-entry-type-page post-entry-3999'><div class='entry-content-wrapper clearfix'>\n<div  class='flex_column av-e91qhr-96e9e060537907eb9521f449473433cd av_two_fifth  avia-builder-el-1  el_before_av_three_fifth  avia-builder-el-first  first flex_column_div'     ><style type=\"text\/css\" data-created_by=\"avia_inline_auto\" id=\"style-css-av-m87fvhhj-68c19ed2af8783191d37b9213612b82b\">\n.avia-image-container.av-m87fvhhj-68c19ed2af8783191d37b9213612b82b img.avia_image{\nbox-shadow:none;\n}\n.avia-image-container.av-m87fvhhj-68c19ed2af8783191d37b9213612b82b .av-image-caption-overlay-center{\ncolor:#ffffff;\n}\n<\/style>\n<div  class='avia-image-container av-m87fvhhj-68c19ed2af8783191d37b9213612b82b av-styling- avia-align-center  avia-builder-el-2  avia-builder-el-no-sibling'   itemprop=\"image\" itemscope=\"itemscope\" itemtype=\"https:\/\/schema.org\/ImageObject\" ><div class=\"avia-image-container-inner\"><div class=\"avia-image-overlay-wrap\"><img decoding=\"async\" fetchpriority=\"high\" class='wp-image-10507 avia-img-lazy-loading-not-10507 avia_image' src=\"https:\/\/analoguenow.com\/wp-content\/uploads\/2025\/01\/meetup2_ShowTell-Foto-Kotti_2020_square.jpg\" alt='Meetup #2 Show &amp; Tell at Foto Kotti 2020' title='Meetup #2 Show &amp; Tell at Foto Kotti 2020'  height=\"768\" width=\"768\"  itemprop=\"thumbnailUrl\" srcset=\"https:\/\/analoguenow.com\/wp-content\/uploads\/2025\/01\/meetup2_ShowTell-Foto-Kotti_2020_square.jpg 768w, https:\/\/analoguenow.com\/wp-content\/uploads\/2025\/01\/meetup2_ShowTell-Foto-Kotti_2020_square-300x300.jpg 300w, https:\/\/analoguenow.com\/wp-content\/uploads\/2025\/01\/meetup2_ShowTell-Foto-Kotti_2020_square-80x80.jpg 80w, https:\/\/analoguenow.com\/wp-content\/uploads\/2025\/01\/meetup2_ShowTell-Foto-Kotti_2020_square-36x36.jpg 36w, https:\/\/analoguenow.com\/wp-content\/uploads\/2025\/01\/meetup2_ShowTell-Foto-Kotti_2020_square-180x180.jpg 180w, https:\/\/analoguenow.com\/wp-content\/uploads\/2025\/01\/meetup2_ShowTell-Foto-Kotti_2020_square-705x705.jpg 705w\" sizes=\"(max-width: 768px) 100vw, 768px\" \/><\/div><\/div><\/div><\/div><div  class='flex_column av-4amcv-08f55c7cbdb30052c901e6ea9a29b8ac av_three_fifth  avia-builder-el-3  el_after_av_two_fifth  el_before_av_hr  flex_column_div'     ><style type=\"text\/css\" data-created_by=\"avia_inline_auto\" id=\"style-css-av-m87fvntq-7be05d85b4938c56eb1c94fe6a892338\">\n#top .av_textblock_section.av-m87fvntq-7be05d85b4938c56eb1c94fe6a892338 .avia_textblock{\ncolor:#000000;\n}\n<\/style>\n<section  class='av_textblock_section av-m87fvntq-7be05d85b4938c56eb1c94fe6a892338'   itemscope=\"itemscope\" itemtype=\"https:\/\/schema.org\/CreativeWork\" ><div class='avia_textblock av_inherit_color'  itemprop=\"text\" ><h5>SHOW &#038; TELL<\/h5>\n<\/div><\/section><br \/>\n\n<style type=\"text\/css\" data-created_by=\"avia_inline_auto\" id=\"style-css-av-m87g5wnx-3d10c633a49e72011153b90bd9c51862\">\n#top .hr.hr-invisible.av-m87g5wnx-3d10c633a49e72011153b90bd9c51862{\nheight:25px;\n}\n<\/style>\n<div  class='hr av-m87g5wnx-3d10c633a49e72011153b90bd9c51862 hr-invisible  avia-builder-el-5  el_after_av_textblock  el_before_av_textblock'><span class='hr-inner'><span class=\"hr-inner-style\"><\/span><\/span><\/div><br \/>\n\n<style type=\"text\/css\" data-created_by=\"avia_inline_auto\" id=\"style-css-av-m87fw514-bd313aaf89d9737f14187bd3bbd76fa4\">\n#top .av_textblock_section.av-m87fw514-bd313aaf89d9737f14187bd3bbd76fa4 .avia_textblock{\ncolor:#000000;\n}\n<\/style>\n<section  class='av_textblock_section av-m87fw514-bd313aaf89d9737f14187bd3bbd76fa4'   itemscope=\"itemscope\" itemtype=\"https:\/\/schema.org\/CreativeWork\" ><div class='avia_textblock av_inherit_color'  itemprop=\"text\" ><h1>FOTO KOTTI<\/h1>\n<\/div><\/section><\/p><\/div>\n<style type=\"text\/css\" data-created_by=\"avia_inline_auto\" id=\"style-css-av-b0lzpr-24679a51efa57868d12de834ab77a7e5\">\n#top .hr.hr-invisible.av-b0lzpr-24679a51efa57868d12de834ab77a7e5{\nheight:50px;\n}\n<\/style>\n<div  class='hr av-b0lzpr-24679a51efa57868d12de834ab77a7e5 hr-invisible  avia-builder-el-7  el_after_av_three_fifth  el_before_av_two_fifth  av-small-hide av-mini-hide'><span class='hr-inner'><span class=\"hr-inner-style\"><\/span><\/span><\/div>\n<div  class='flex_column av-9ctuv3-474212a317b1240f2ab6898c4070746b av_two_fifth  avia-builder-el-8  el_after_av_hr  el_before_av_three_fifth  first flex_column_div'     ><p>\n<style type=\"text\/css\" data-created_by=\"avia_inline_auto\" id=\"style-css-av-m87fyg2d-9b14d85152732056c69b54e6deac9c41\">\n#top .av_textblock_section.av-m87fyg2d-9b14d85152732056c69b54e6deac9c41 .avia_textblock{\ncolor:#000000;\n}\n<\/style>\n<section  class='av_textblock_section av-m87fyg2d-9b14d85152732056c69b54e6deac9c41'   itemscope=\"itemscope\" itemtype=\"https:\/\/schema.org\/CreativeWork\" ><div class='avia_textblock av_inherit_color'  itemprop=\"text\" ><p><strong>DATUM<\/strong><\/p>\n<p>27. November 2019<\/p>\n<p><strong>ORT<\/strong><\/p>\n<p><a href=\"https:\/\/fotokotti.de\" target=\"_blank\" rel=\"noopener\">Foto Kotti<\/a><\/p>\n<p>Skalitzer Stra\u00dfe 134, 10999 Berlin<\/p>\n<p><strong>EINTRITTSPREISE<\/strong><\/p>\n<p>Eintritt frei<\/p>\n<\/div><\/section><br \/>\n\n<style type=\"text\/css\" data-created_by=\"avia_inline_auto\" id=\"style-css-av-m87g1f6i-ff385080aa49664d6ec6d30323c94c0a\">\n#top .hr.hr-invisible.av-m87g1f6i-ff385080aa49664d6ec6d30323c94c0a{\nheight:25px;\n}\n<\/style>\n<div  class='hr av-m87g1f6i-ff385080aa49664d6ec6d30323c94c0a hr-invisible  avia-builder-el-10  el_after_av_textblock  el_before_av_textblock'><span class='hr-inner'><span class=\"hr-inner-style\"><\/span><\/span><\/div><br \/>\n\n<style type=\"text\/css\" data-created_by=\"avia_inline_auto\" id=\"style-css-av-m87g9tnx-29aa2d59ee40772614f23d634a124a5c\">\n#top .av_textblock_section.av-m87g9tnx-29aa2d59ee40772614f23d634a124a5c .avia_textblock{\ncolor:#000000;\n}\n<\/style>\n<section  class='av_textblock_section av-m87g9tnx-29aa2d59ee40772614f23d634a124a5c'   itemscope=\"itemscope\" itemtype=\"https:\/\/schema.org\/CreativeWork\" ><div class='avia_textblock av_inherit_color'  itemprop=\"text\" ><p>In Kooperation mit<\/p>\n<\/div><\/section><br \/>\n\n<style type=\"text\/css\" data-created_by=\"avia_inline_auto\" id=\"style-css-av-m87gatih-992bd5879e211b3bc36319eabb7985a4\">\n.avia-image-container.av-m87gatih-992bd5879e211b3bc36319eabb7985a4 img.avia_image{\nbox-shadow:none;\n}\n.avia-image-container.av-m87gatih-992bd5879e211b3bc36319eabb7985a4 .av-image-caption-overlay-center{\ncolor:#ffffff;\n}\n<\/style>\n<div  class='avia-image-container av-m87gatih-992bd5879e211b3bc36319eabb7985a4 av-styling- avia-align-left  avia-builder-el-12  el_after_av_textblock  avia-builder-el-last'   itemprop=\"image\" itemscope=\"itemscope\" itemtype=\"https:\/\/schema.org\/ImageObject\" ><div class=\"avia-image-container-inner\"><div class=\"avia-image-overlay-wrap\"><img decoding=\"async\" fetchpriority=\"high\" class='wp-image-4001 avia-img-lazy-loading-not-4001 avia_image' src=\"https:\/\/analoguenow.com\/wp-content\/uploads\/2020\/01\/kotti.jpg\" alt='' title='Foto Kotti Logo'  height=\"97\" width=\"180\"  itemprop=\"thumbnailUrl\"  \/><\/div><\/div><\/div><\/p><\/div><div  class='flex_column av-7o9fhr-5d213924fcfd31cd9e6be9536fb2f230 av_three_fifth  avia-builder-el-13  el_after_av_two_fifth  el_before_av_hr  flex_column_div'     ><style type=\"text\/css\" data-created_by=\"avia_inline_auto\" id=\"style-css-av-m87g0t36-fa43da10d0a9eb12d31c7d2d158c280e\">\n#top .av_textblock_section.av-m87g0t36-fa43da10d0a9eb12d31c7d2d158c280e .avia_textblock{\ncolor:#000000;\ntext-align:left;\n}\n<\/style>\n<section  class='av_textblock_section av-m87g0t36-fa43da10d0a9eb12d31c7d2d158c280e'   itemscope=\"itemscope\" itemtype=\"https:\/\/schema.org\/CreativeWork\" ><div class='avia_textblock av_inherit_color'  itemprop=\"text\" ><p class=\"p1\">Unser zweites Treffen findet im wunderbaren Foto Kotti statt und bringt analoge Fotografen und K\u00fcnstler f\u00fcr einen Abend des kreativen Austauschs zusammen. Die Teilnehmer haben die M\u00f6glichkeit, ihre Projekte zu pr\u00e4sentieren - sei es als Abz\u00fcge auf dem Tisch, als Fanzine oder Fotobuch oder als Projektion an der Wand. Jeder Teilnehmer hat 20 Minuten Zeit, um seine Arbeit zu pr\u00e4sentieren. Anschlie\u00dfend gibt es eine offene Diskussion, Feedback und die M\u00f6glichkeit, sich mit anderen Enthusiasten auszutauschen. <a href=\"https:\/\/fotokotti.de\" target=\"_blank\" rel=\"noopener\">Foto Kotti<\/a>, bringing together analog photographers and artists for an evening of creative exchange. Participants will have the opportunity to present their projects\u2014whether as prints laid out on the table, in a fanzine or photobook format, or projected onto the wall. Each presenter will have 20 minutes to showcase their work, followed by an open discussion, feedback session, and a chance to connect with fellow enthusiasts.<\/p>\n<\/div><\/section><\/div>\n<style type=\"text\/css\" data-created_by=\"avia_inline_auto\" id=\"style-css-av-57ik27-d258e1ff5083e6ed18027ed924082a65\">\n#top .hr.hr-invisible.av-57ik27-d258e1ff5083e6ed18027ed924082a65{\nheight:25px;\n}\n<\/style>\n<div  class='hr av-57ik27-d258e1ff5083e6ed18027ed924082a65 hr-invisible  avia-builder-el-15  el_after_av_three_fifth  el_before_av_two_fifth  av-small-hide av-mini-hide'><span class='hr-inner'><span class=\"hr-inner-style\"><\/span><\/span><\/div>\n<div  class='flex_column av-4q677j-3ad9f24f9b610f7df648b7d60741e18b av_two_fifth  avia-builder-el-16  el_after_av_hr  el_before_av_three_fifth  first flex_column_div'     ><\/div><div  class='flex_column av-2y9j4v-571bf8d1716c8235155a5898292c5ff1 av_three_fifth  avia-builder-el-17  el_after_av_two_fifth  avia-builder-el-last  flex_column_div'     ><div id='av-masonry-1' class='av-masonry av-m87g4xun-6c1f3d7c04f8d3bf66809e81dd33ed9d noHover av-fixed-size av-1px-gap av-hover-overlay-active av-masonry-animation-active av-masonry-col-flexible av-caption-always av-caption-style- av-masonry-gallery av-orientation-square' data-post_id=\"3999\"><div class=\"av-masonry-container isotope av-js-disabled\"><div class='av-masonry-entry isotope-item av-masonry-item-no-image'><\/div><a href=\"https:\/\/analoguenow.com\/wp-content\/uploads\/2020\/01\/IMG-20191127-WA0013-1-1024x768.jpg\" data-srcset=\"https:\/\/analoguenow.com\/wp-content\/uploads\/2020\/01\/IMG-20191127-WA0013-1.jpg 1024w, https:\/\/analoguenow.com\/wp-content\/uploads\/2020\/01\/IMG-20191127-WA0013-1-300x225.jpg 300w, https:\/\/analoguenow.com\/wp-content\/uploads\/2020\/01\/IMG-20191127-WA0013-1-768x576.jpg 768w, https:\/\/analoguenow.com\/wp-content\/uploads\/2020\/01\/IMG-20191127-WA0013-1-533x400.jpg 533w\" data-sizes=\"(max-width: 1024px) 100vw, 1024px\"  aria-label=\"Bild IMG-20191127-WA0013-1\"  id='av-masonry-1-item-4013' data-av-masonry-item='4013' class='av-masonry-entry isotope-item post-4013 attachment type-attachment status-inherit hentry  av-masonry-item-with-image' title=\"IMG-20191127-WA0013-1\" alt=\"\"    itemprop=\"thumbnailUrl\" ><div class='av-inner-masonry-sizer'><\/div><figure class='av-inner-masonry main_color'><div class=\"av-masonry-outerimage-container\"><div class='av-masonry-image-container lazyload' style=\"background-image:inherit;\"  title=\"IMG-20191127-WA0013-1\"  data-bg-image=\"url(https:\/\/analoguenow.com\/wp-content\/uploads\/2020\/01\/IMG-20191127-WA0013-1.jpg)\"><\/div><\/div><\/figure><\/a><!--end av-masonry entry--><a href=\"https:\/\/analoguenow.com\/wp-content\/uploads\/2020\/01\/IMG_20191127_202205-768x1024.jpg\" data-srcset=\"https:\/\/analoguenow.com\/wp-content\/uploads\/2020\/01\/IMG_20191127_202205-768x1024.jpg 768w, https:\/\/analoguenow.com\/wp-content\/uploads\/2020\/01\/IMG_20191127_202205-225x300.jpg 225w, https:\/\/analoguenow.com\/wp-content\/uploads\/2020\/01\/IMG_20191127_202205-300x400.jpg 300w\" data-sizes=\"(max-width: 768px) 100vw, 768px\"  aria-label=\"Bild IMG_20191127_202205\"  id='av-masonry-1-item-4012' data-av-masonry-item='4012' class='av-masonry-entry isotope-item post-4012 attachment type-attachment status-inherit hentry  av-masonry-item-with-image' title=\"IMG_20191127_202205\" alt=\"\"    itemprop=\"thumbnailUrl\" ><div class='av-inner-masonry-sizer'><\/div><figure class='av-inner-masonry main_color'><div class=\"av-masonry-outerimage-container\"><div class='av-masonry-image-container lazyload' style=\"background-image:inherit;\"  title=\"IMG_20191127_202205\"  data-bg-image=\"url(https:\/\/analoguenow.com\/wp-content\/uploads\/2020\/01\/IMG_20191127_202205.jpg)\"><\/div><\/div><\/figure><\/a><!--end av-masonry entry--><a href=\"https:\/\/analoguenow.com\/wp-content\/uploads\/2020\/01\/Bild-von-iOS-628x1024.jpg\" data-srcset=\"https:\/\/analoguenow.com\/wp-content\/uploads\/2020\/01\/Bild-von-iOS-628x1024.jpg 628w, https:\/\/analoguenow.com\/wp-content\/uploads\/2020\/01\/Bild-von-iOS-184x300.jpg 184w, https:\/\/analoguenow.com\/wp-content\/uploads\/2020\/01\/Bild-von-iOS-768x1252.jpg 768w, https:\/\/analoguenow.com\/wp-content\/uploads\/2020\/01\/Bild-von-iOS-245x400.jpg 245w, https:\/\/analoguenow.com\/wp-content\/uploads\/2020\/01\/Bild-von-iOS.jpg 1151w\" data-sizes=\"(max-width: 628px) 100vw, 628px\"  aria-label=\"Bild Bild-von-iOS\"  id='av-masonry-1-item-4011' data-av-masonry-item='4011' class='av-masonry-entry isotope-item post-4011 attachment type-attachment status-inherit hentry  av-masonry-item-with-image' title=\"Bild-von-iOS\" alt=\"\"    itemprop=\"thumbnailUrl\" ><div class='av-inner-masonry-sizer'><\/div><figure class='av-inner-masonry main_color'><div class=\"av-masonry-outerimage-container\"><div class='av-masonry-image-container lazyload' style=\"background-image:inherit;\"  title=\"Bild-von-iOS\"  data-bg-image=\"url(https:\/\/analoguenow.com\/wp-content\/uploads\/2020\/01\/Bild-von-iOS.jpg)\"><\/div><\/div><\/figure><\/a><!--end av-masonry entry--><a href=\"https:\/\/analoguenow.com\/wp-content\/uploads\/2020\/01\/2-699x1024.jpg\" data-srcset=\"https:\/\/analoguenow.com\/wp-content\/uploads\/2020\/01\/2-699x1024.jpg 699w, https:\/\/analoguenow.com\/wp-content\/uploads\/2020\/01\/2-205x300.jpg 205w, https:\/\/analoguenow.com\/wp-content\/uploads\/2020\/01\/2-768x1125.jpg 768w, https:\/\/analoguenow.com\/wp-content\/uploads\/2020\/01\/2-273x400.jpg 273w, https:\/\/analoguenow.com\/wp-content\/uploads\/2020\/01\/2.jpg 1375w\" data-sizes=\"(max-width: 699px) 100vw, 699px\"  aria-label=\"Bild 2\"  id='av-masonry-1-item-4010' data-av-masonry-item='4010' class='av-masonry-entry isotope-item post-4010 attachment type-attachment status-inherit hentry  av-masonry-item-with-image' title=\"2\" alt=\"\"    itemprop=\"thumbnailUrl\" ><div class='av-inner-masonry-sizer'><\/div><figure class='av-inner-masonry main_color'><div class=\"av-masonry-outerimage-container\"><div class='av-masonry-image-container lazyload' style=\"background-image:inherit;\"  title=\"2\"  data-bg-image=\"url(https:\/\/analoguenow.com\/wp-content\/uploads\/2020\/01\/2.jpg)\"><\/div><\/div><\/figure><\/a><!--end av-masonry entry--><a href=\"https:\/\/analoguenow.com\/wp-content\/uploads\/2020\/01\/3-1024x693.jpg\" data-srcset=\"https:\/\/analoguenow.com\/wp-content\/uploads\/2020\/01\/3-1024x693.jpg 1024w, https:\/\/analoguenow.com\/wp-content\/uploads\/2020\/01\/3-300x203.jpg 300w, https:\/\/analoguenow.com\/wp-content\/uploads\/2020\/01\/3-768x520.jpg 768w, https:\/\/analoguenow.com\/wp-content\/uploads\/2020\/01\/3-591x400.jpg 591w\" data-sizes=\"(max-width: 1024px) 100vw, 1024px\"  aria-label=\"Bild 3\"  id='av-masonry-1-item-4009' data-av-masonry-item='4009' class='av-masonry-entry isotope-item post-4009 attachment type-attachment status-inherit hentry  av-masonry-item-with-image' title=\"3\" alt=\"\"    itemprop=\"thumbnailUrl\" ><div class='av-inner-masonry-sizer'><\/div><figure class='av-inner-masonry main_color'><div class=\"av-masonry-outerimage-container\"><div class='av-masonry-image-container lazyload' style=\"background-image:inherit;\"  title=\"3\"  data-bg-image=\"url(https:\/\/analoguenow.com\/wp-content\/uploads\/2020\/01\/3.jpg)\"><\/div><\/div><\/figure><\/a><!--end av-masonry entry--><a href=\"https:\/\/analoguenow.com\/wp-content\/uploads\/2020\/01\/IMG-20191127-WA0008-768x1024.jpg\" data-srcset=\"https:\/\/analoguenow.com\/wp-content\/uploads\/2020\/01\/IMG-20191127-WA0008.jpg 768w, https:\/\/analoguenow.com\/wp-content\/uploads\/2020\/01\/IMG-20191127-WA0008-225x300.jpg 225w, https:\/\/analoguenow.com\/wp-content\/uploads\/2020\/01\/IMG-20191127-WA0008-300x400.jpg 300w\" data-sizes=\"(max-width: 768px) 100vw, 768px\"  aria-label=\"Bild IMG-20191127-WA0008\"  id='av-masonry-1-item-4007' data-av-masonry-item='4007' class='av-masonry-entry isotope-item post-4007 attachment type-attachment status-inherit hentry  av-masonry-item-with-image' title=\"IMG-20191127-WA0008\" alt=\"\"    itemprop=\"thumbnailUrl\" ><div class='av-inner-masonry-sizer'><\/div><figure class='av-inner-masonry main_color'><div class=\"av-masonry-outerimage-container\"><div class='av-masonry-image-container lazyload' style=\"background-image:inherit;\"  title=\"IMG-20191127-WA0008\"  data-bg-image=\"url(https:\/\/analoguenow.com\/wp-content\/uploads\/2020\/01\/IMG-20191127-WA0008.jpg)\"><\/div><\/div><\/figure><\/a><!--end av-masonry entry--><a href=\"https:\/\/analoguenow.com\/wp-content\/uploads\/2020\/01\/IMG-20191127-WA0009-768x1024.jpg\" data-srcset=\"https:\/\/analoguenow.com\/wp-content\/uploads\/2020\/01\/IMG-20191127-WA0009.jpg 768w, https:\/\/analoguenow.com\/wp-content\/uploads\/2020\/01\/IMG-20191127-WA0009-225x300.jpg 225w, https:\/\/analoguenow.com\/wp-content\/uploads\/2020\/01\/IMG-20191127-WA0009-300x400.jpg 300w\" data-sizes=\"(max-width: 768px) 100vw, 768px\"  aria-label=\"Bild IMG-20191127-WA0009\"  id='av-masonry-1-item-4006' data-av-masonry-item='4006' class='av-masonry-entry isotope-item post-4006 attachment type-attachment status-inherit hentry  av-masonry-item-with-image' title=\"IMG-20191127-WA0009\" alt=\"\"    itemprop=\"thumbnailUrl\" ><div class='av-inner-masonry-sizer'><\/div><figure class='av-inner-masonry main_color'><div class=\"av-masonry-outerimage-container\"><div class='av-masonry-image-container lazyload' style=\"background-image:inherit;\"  title=\"IMG-20191127-WA0009\"  data-bg-image=\"url(https:\/\/analoguenow.com\/wp-content\/uploads\/2020\/01\/IMG-20191127-WA0009.jpg)\"><\/div><\/div><\/figure><\/a><!--end av-masonry entry--><a href=\"https:\/\/analoguenow.com\/wp-content\/uploads\/2020\/01\/IMG-20191127-WA0002-1024x768.jpg\" data-srcset=\"https:\/\/analoguenow.com\/wp-content\/uploads\/2020\/01\/IMG-20191127-WA0002.jpg 1024w, https:\/\/analoguenow.com\/wp-content\/uploads\/2020\/01\/IMG-20191127-WA0002-300x225.jpg 300w, https:\/\/analoguenow.com\/wp-content\/uploads\/2020\/01\/IMG-20191127-WA0002-768x576.jpg 768w, https:\/\/analoguenow.com\/wp-content\/uploads\/2020\/01\/IMG-20191127-WA0002-533x400.jpg 533w\" data-sizes=\"(max-width: 1024px) 100vw, 1024px\"  aria-label=\"Bild IMG-20191127-WA0002\"  id='av-masonry-1-item-4005' data-av-masonry-item='4005' class='av-masonry-entry isotope-item post-4005 attachment type-attachment status-inherit hentry  av-masonry-item-with-image' title=\"IMG-20191127-WA0002\" alt=\"\"    itemprop=\"thumbnailUrl\" ><div class='av-inner-masonry-sizer'><\/div><figure class='av-inner-masonry main_color'><div class=\"av-masonry-outerimage-container\"><div class='av-masonry-image-container lazyload' style=\"background-image:inherit;\"  title=\"IMG-20191127-WA0002\"  data-bg-image=\"url(https:\/\/analoguenow.com\/wp-content\/uploads\/2020\/01\/IMG-20191127-WA0002.jpg)\"><\/div><\/div><\/figure><\/a><!--end av-masonry entry--><a href=\"https:\/\/analoguenow.com\/wp-content\/uploads\/2020\/01\/IMG-20191127-WA0003-1024x768.jpg\" data-srcset=\"https:\/\/analoguenow.com\/wp-content\/uploads\/2020\/01\/IMG-20191127-WA0003.jpg 1024w, https:\/\/analoguenow.com\/wp-content\/uploads\/2020\/01\/IMG-20191127-WA0003-300x225.jpg 300w, https:\/\/analoguenow.com\/wp-content\/uploads\/2020\/01\/IMG-20191127-WA0003-768x576.jpg 768w, https:\/\/analoguenow.com\/wp-content\/uploads\/2020\/01\/IMG-20191127-WA0003-533x400.jpg 533w\" data-sizes=\"(max-width: 1024px) 100vw, 1024px\"  aria-label=\"Bild IMG-20191127-WA0003\"  id='av-masonry-1-item-4004' data-av-masonry-item='4004' class='av-masonry-entry isotope-item post-4004 attachment type-attachment status-inherit hentry  av-masonry-item-with-image' title=\"IMG-20191127-WA0003\" alt=\"\"    itemprop=\"thumbnailUrl\" ><div class='av-inner-masonry-sizer'><\/div><figure class='av-inner-masonry main_color'><div class=\"av-masonry-outerimage-container\"><div class='av-masonry-image-container lazyload' style=\"background-image:inherit;\"  title=\"IMG-20191127-WA0003\"  data-bg-image=\"url(https:\/\/analoguenow.com\/wp-content\/uploads\/2020\/01\/IMG-20191127-WA0003.jpg)\"><\/div><\/div><\/figure><\/a><!--end av-masonry entry--><\/div><\/div><\/div>","protected":false},"excerpt":{"rendered":"","protected":false},"author":1,"featured_media":4001,"parent":9930,"menu_order":0,"comment_status":"closed","ping_status":"closed","template":"","meta":{"footnotes":""},"mt-event-group":[],"class_list":["post-3999","page","type-page","status-publish","has-post-thumbnail","hentry"],"_links":{"self":[{"href":"https:\/\/analoguenow.com\/de\/wp-json\/wp\/v2\/pages\/3999","targetHints":{"allow":["GET"]}}],"collection":[{"href":"https:\/\/analoguenow.com\/de\/wp-json\/wp\/v2\/pages"}],"about":[{"href":"https:\/\/analoguenow.com\/de\/wp-json\/wp\/v2\/types\/page"}],"author":[{"embeddable":true,"href":"https:\/\/analoguenow.com\/de\/wp-json\/wp\/v2\/users\/1"}],"replies":[{"embeddable":true,"href":"https:\/\/analoguenow.com\/de\/wp-json\/wp\/v2\/comments?post=3999"}],"version-history":[{"count":16,"href":"https:\/\/analoguenow.com\/de\/wp-json\/wp\/v2\/pages\/3999\/revisions"}],"predecessor-version":[{"id":13219,"href":"https:\/\/analoguenow.com\/de\/wp-json\/wp\/v2\/pages\/3999\/revisions\/13219"}],"up":[{"embeddable":true,"href":"https:\/\/analoguenow.com\/de\/wp-json\/wp\/v2\/pages\/9930"}],"wp:featuredmedia":[{"embeddable":true,"href":"https:\/\/analoguenow.com\/de\/wp-json\/wp\/v2\/media\/4001"}],"wp:attachment":[{"href":"https:\/\/analoguenow.com\/de\/wp-json\/wp\/v2\/media?parent=3999"}],"wp:term":[{"taxonomy":"mt-event-group","embeddable":true,"href":"https:\/\/analoguenow.com\/de\/wp-json\/wp\/v2\/mt-event-group?post=3999"}],"curies":[{"name":"wp","href":"https:\/\/api.w.org\/{rel}","templated":true}]}}