{"id":3982,"date":"2019-10-15T21:09:13","date_gmt":"2019-10-15T19:09:13","guid":{"rendered":"http:\/\/analoguenow.com\/?p=3982"},"modified":"2025-03-25T15:07:36","modified_gmt":"2025-03-25T14:07:36","slug":"meetup-bildlesung-2019","status":"publish","type":"page","link":"https:\/\/analoguenow.com\/de\/show\/events\/meetup-bildlesung-2019\/","title":{"rendered":"meetup #1 Bildlesung with Roland Behrmann"},"content":{"rendered":"<style type=\"text\/css\" data-created_by=\"avia_inline_auto\" id=\"style-css-av-m87gwrkv-3cdc3481784864360c994ace91276ed6\">\n.avia-section.av-m87gwrkv-3cdc3481784864360c994ace91276ed6{\nbackground-color:#f9ffba;\nbackground-image:unset;\n}\n<\/style>\n<div id='av_section_1'  class='avia-section av-m87gwrkv-3cdc3481784864360c994ace91276ed6 main_color avia-section-default avia-no-border-styling  avia-builder-el-0  avia-builder-el-no-sibling  avia-bg-style-scroll container_wrap fullsize'  ><div class='container av-section-cont-open' ><main  role=\"main\" itemprop=\"mainContentOfPage\"  class='template-page content  av-content-full alpha units'><div class='post-entry post-entry-type-page post-entry-3982'><div class='entry-content-wrapper clearfix'>\n<div  class='flex_column av-adhxzy-2aaf2745806a42b69d76b0bdd7123ad9 av_two_fifth  avia-builder-el-1  el_before_av_three_fifth  avia-builder-el-first  first flex_column_div'     ><style type=\"text\/css\" data-created_by=\"avia_inline_auto\" id=\"style-css-av-m87gi2vf-bf5541c47553d294fe6f7a672c2bc17e\">\n.avia-image-container.av-m87gi2vf-bf5541c47553d294fe6f7a672c2bc17e img.avia_image{\nbox-shadow:none;\n}\n.avia-image-container.av-m87gi2vf-bf5541c47553d294fe6f7a672c2bc17e .av-image-caption-overlay-center{\ncolor:#ffffff;\n}\n<\/style>\n<div  class='avia-image-container av-m87gi2vf-bf5541c47553d294fe6f7a672c2bc17e av-styling- avia-align-center  avia-builder-el-2  avia-builder-el-no-sibling'   itemprop=\"image\" itemscope=\"itemscope\" itemtype=\"https:\/\/schema.org\/ImageObject\" ><div class=\"avia-image-container-inner\"><div class=\"avia-image-overlay-wrap\"><img decoding=\"async\" fetchpriority=\"high\" class='wp-image-10510 avia-img-lazy-loading-not-10510 avia_image' src=\"https:\/\/analoguenow.com\/wp-content\/uploads\/2025\/01\/meetup1_Bildlesung_Roland-Behrmann_2019_square-1030x1030.jpg\" alt='Meetup on Bildlesung with Roland Behrmann 2019' title='Meetup Bildlesung with Roland Behrmann 2019'  height=\"1030\" width=\"1030\"  itemprop=\"thumbnailUrl\" srcset=\"https:\/\/analoguenow.com\/wp-content\/uploads\/2025\/01\/meetup1_Bildlesung_Roland-Behrmann_2019_square-1030x1030.jpg 1030w, https:\/\/analoguenow.com\/wp-content\/uploads\/2025\/01\/meetup1_Bildlesung_Roland-Behrmann_2019_square-300x300.jpg 300w, https:\/\/analoguenow.com\/wp-content\/uploads\/2025\/01\/meetup1_Bildlesung_Roland-Behrmann_2019_square-80x80.jpg 80w, https:\/\/analoguenow.com\/wp-content\/uploads\/2025\/01\/meetup1_Bildlesung_Roland-Behrmann_2019_square-768x768.jpg 768w, https:\/\/analoguenow.com\/wp-content\/uploads\/2025\/01\/meetup1_Bildlesung_Roland-Behrmann_2019_square-1536x1536.jpg 1536w, https:\/\/analoguenow.com\/wp-content\/uploads\/2025\/01\/meetup1_Bildlesung_Roland-Behrmann_2019_square-36x36.jpg 36w, https:\/\/analoguenow.com\/wp-content\/uploads\/2025\/01\/meetup1_Bildlesung_Roland-Behrmann_2019_square-180x180.jpg 180w, https:\/\/analoguenow.com\/wp-content\/uploads\/2025\/01\/meetup1_Bildlesung_Roland-Behrmann_2019_square-1500x1500.jpg 1500w, https:\/\/analoguenow.com\/wp-content\/uploads\/2025\/01\/meetup1_Bildlesung_Roland-Behrmann_2019_square-705x705.jpg 705w, https:\/\/analoguenow.com\/wp-content\/uploads\/2025\/01\/meetup1_Bildlesung_Roland-Behrmann_2019_square.jpg 1853w\" sizes=\"(max-width: 1030px) 100vw, 1030px\" \/><\/div><\/div><\/div><\/div><div  class='flex_column av-wbpi6-542e4e55b1999dab65f8d399875f4147 av_three_fifth  avia-builder-el-3  el_after_av_two_fifth  el_before_av_hr  flex_column_div'     ><style type=\"text\/css\" data-created_by=\"avia_inline_auto\" id=\"style-css-av-m87gia92-d417cf1788a6f039022d36d5387e7dd2\">\n#top .av_textblock_section.av-m87gia92-d417cf1788a6f039022d36d5387e7dd2 .avia_textblock{\ncolor:#000000;\n}\n<\/style>\n<section  class='av_textblock_section av-m87gia92-d417cf1788a6f039022d36d5387e7dd2'   itemscope=\"itemscope\" itemtype=\"https:\/\/schema.org\/CreativeWork\" ><div class='avia_textblock av_inherit_color'  itemprop=\"text\" ><h5>MEETUP<\/h5>\n<\/div><\/section><br \/>\n\n<style type=\"text\/css\" data-created_by=\"avia_inline_auto\" id=\"style-css-av-7mv27i-243f6b50cb089808e3c32af255741b36\">\n#top .hr.hr-invisible.av-7mv27i-243f6b50cb089808e3c32af255741b36{\nheight:25px;\n}\n<\/style>\n<div  class='hr av-7mv27i-243f6b50cb089808e3c32af255741b36 hr-invisible  avia-builder-el-5  el_after_av_textblock  el_before_av_textblock'><span class='hr-inner'><span class=\"hr-inner-style\"><\/span><\/span><\/div><br \/>\n\n<style type=\"text\/css\" data-created_by=\"avia_inline_auto\" id=\"style-css-av-m87gjg84-ef172aac8e133efee549fe1c366ecf0c\">\n#top .av_textblock_section.av-m87gjg84-ef172aac8e133efee549fe1c366ecf0c .avia_textblock{\ncolor:#000000;\n}\n<\/style>\n<section  class='av_textblock_section av-m87gjg84-ef172aac8e133efee549fe1c366ecf0c'   itemscope=\"itemscope\" itemtype=\"https:\/\/schema.org\/CreativeWork\" ><div class='avia_textblock av_inherit_color'  itemprop=\"text\" ><h1>BILDLESUNG<\/h1>\n<h3>bei Roland Behrmann<\/h3>\n<\/div><\/section><\/p><\/div>\n<style type=\"text\/css\" data-created_by=\"avia_inline_auto\" id=\"style-css-av-ns4z2-bbf63da28dbb72769ac6e7b47e7d4d53\">\n#top .hr.hr-invisible.av-ns4z2-bbf63da28dbb72769ac6e7b47e7d4d53{\nheight:50px;\n}\n<\/style>\n<div  class='hr av-ns4z2-bbf63da28dbb72769ac6e7b47e7d4d53 hr-invisible  avia-builder-el-7  el_after_av_three_fifth  el_before_av_two_fifth  av-small-hide av-mini-hide'><span class='hr-inner'><span class=\"hr-inner-style\"><\/span><\/span><\/div>\n<div  class='flex_column av-43d30e-3b9499b90482c4bbcfe2342317608e6b av_two_fifth  avia-builder-el-8  el_after_av_hr  el_before_av_three_fifth  first flex_column_div'     ><style type=\"text\/css\" data-created_by=\"avia_inline_auto\" id=\"style-css-av-m87gl9fq-782598f39e6d0d22a00e1bfc25a248a1\">\n#top .av_textblock_section.av-m87gl9fq-782598f39e6d0d22a00e1bfc25a248a1 .avia_textblock{\ncolor:#000000;\n}\n<\/style>\n<section  class='av_textblock_section av-m87gl9fq-782598f39e6d0d22a00e1bfc25a248a1'   itemscope=\"itemscope\" itemtype=\"https:\/\/schema.org\/CreativeWork\" ><div class='avia_textblock av_inherit_color'  itemprop=\"text\" ><p><strong>DATUM<\/strong><\/p>\n<p>Oktober 2019<\/p>\n<p><strong>EINTRITTSPREISE<\/strong><\/p>\n<p>Eintritt frei<\/p>\n<\/div><\/section><\/div><div  class='flex_column av-1z4qpq-c5c1b16af28cb18424582514960a5531 av_three_fifth  avia-builder-el-10  el_after_av_two_fifth  avia-builder-el-last  flex_column_div'     ><style type=\"text\/css\" data-created_by=\"avia_inline_auto\" id=\"style-css-av-m87gmo3x-ab351d65d7b20b5dd5407246b49ab702\">\n#top .av_textblock_section.av-m87gmo3x-ab351d65d7b20b5dd5407246b49ab702 .avia_textblock{\ncolor:#000000;\ntext-align:left;\n}\n<\/style>\n<section  class='av_textblock_section av-m87gmo3x-ab351d65d7b20b5dd5407246b49ab702'   itemscope=\"itemscope\" itemtype=\"https:\/\/schema.org\/CreativeWork\" ><div class='avia_textblock av_inherit_color'  itemprop=\"text\" ><p>Komm zum brandneuen\u00a0analogueNOW! MeetUp! Nach einer langen Pause sind unsere regelm\u00e4ssigen Events wieder voll im Gange!<br \/>\nBei dieser ersten Veranstaltung sind wir Gast bei dem analogen Fotografen <a href=\"http:\/\/www.behrmann-fotografie.de\/\" target=\"_blank\" rel=\"noopener\">Roland Behrmann<\/a>, der sein neues\u2028Pr\u00e4sentationsformat vorstellen wird: eine \u201eBildlesung\u201c. Eventuell wird Roland noch ein paar \u00dcberraschungen aus den \u00c4rmeln sch\u00fctteln. Seid gespannt und kommt vorbei!<\/p>\n<p>Our new event series, the analogueNOW! MeetUp takes place every last Wednesday of the month. With program and location changing every time, we want to introduce and connect all agents and institutions of the analog photography, both local and international. And create a space for sharing and networking in Berlin, where all analog photography enthusiasts are warmly welcome.<\/p>\n<\/div><\/section><\/div>","protected":false},"excerpt":{"rendered":"","protected":false},"author":1,"featured_media":4030,"parent":9930,"menu_order":0,"comment_status":"closed","ping_status":"closed","template":"","meta":{"footnotes":""},"mt-event-group":[],"class_list":["post-3982","page","type-page","status-publish","has-post-thumbnail","hentry"],"_links":{"self":[{"href":"https:\/\/analoguenow.com\/de\/wp-json\/wp\/v2\/pages\/3982","targetHints":{"allow":["GET"]}}],"collection":[{"href":"https:\/\/analoguenow.com\/de\/wp-json\/wp\/v2\/pages"}],"about":[{"href":"https:\/\/analoguenow.com\/de\/wp-json\/wp\/v2\/types\/page"}],"author":[{"embeddable":true,"href":"https:\/\/analoguenow.com\/de\/wp-json\/wp\/v2\/users\/1"}],"replies":[{"embeddable":true,"href":"https:\/\/analoguenow.com\/de\/wp-json\/wp\/v2\/comments?post=3982"}],"version-history":[{"count":13,"href":"https:\/\/analoguenow.com\/de\/wp-json\/wp\/v2\/pages\/3982\/revisions"}],"predecessor-version":[{"id":13220,"href":"https:\/\/analoguenow.com\/de\/wp-json\/wp\/v2\/pages\/3982\/revisions\/13220"}],"up":[{"embeddable":true,"href":"https:\/\/analoguenow.com\/de\/wp-json\/wp\/v2\/pages\/9930"}],"wp:featuredmedia":[{"embeddable":true,"href":"https:\/\/analoguenow.com\/de\/wp-json\/wp\/v2\/media\/4030"}],"wp:attachment":[{"href":"https:\/\/analoguenow.com\/de\/wp-json\/wp\/v2\/media?parent=3982"}],"wp:term":[{"taxonomy":"mt-event-group","embeddable":true,"href":"https:\/\/analoguenow.com\/de\/wp-json\/wp\/v2\/mt-event-group?post=3982"}],"curies":[{"name":"wp","href":"https:\/\/api.w.org\/{rel}","templated":true}]}}