{"id":14606,"date":"2026-04-19T16:04:28","date_gmt":"2026-04-19T14:04:28","guid":{"rendered":"https:\/\/analoguenow.com\/?page_id=14606"},"modified":"2026-04-19T16:08:12","modified_gmt":"2026-04-19T14:08:12","slug":"exhibition-room-for-doubt","status":"publish","type":"page","link":"https:\/\/analoguenow.com\/de\/show\/exhibitions\/exhibition-room-for-doubt\/","title":{"rendered":"Exhibition &#8220;ROOM FOR DOUBT&#8221;"},"content":{"rendered":"<style type=\"text\/css\" data-created_by=\"avia_inline_auto\" id=\"style-css-av-mo5u4asg-ea9a5335f1bc7a75657f3c93777dfd51\">\n.avia-section.av-mo5u4asg-ea9a5335f1bc7a75657f3c93777dfd51{\nbackground-repeat:no-repeat;\nbackground-image:url(https:\/\/analoguenow.com\/wp-content\/uploads\/2026\/04\/AN2026-exhibition-Room-for-Doubt\u00a9-Peter-Kronenberg.jpg);\nbackground-position:50% 50%;\nbackground-attachment:fixed;\n}\n.avia-section.av-mo5u4asg-ea9a5335f1bc7a75657f3c93777dfd51 .av-section-color-overlay{\nopacity:0.6;\nbackground-color:#adbfff;\n}\n<\/style>\n<div id='av_section_1'  class='avia-section av-mo5u4asg-ea9a5335f1bc7a75657f3c93777dfd51 main_color avia-section-default avia-no-border-styling  avia-builder-el-0  avia-builder-el-no-sibling  avia-full-stretch avia-bg-style-fixed av-section-color-overlay-active av-minimum-height av-minimum-height-75 av-height-75  container_wrap fullsize'  data-section-bg-repeat='stretch' data-av_minimum_height_pc='75' data-av_min_height_opt='75'><div class=\"av-section-color-overlay-wrap\"><div class=\"av-section-color-overlay\"><\/div><div class='container av-section-cont-open' ><main  role=\"main\" itemprop=\"mainContentOfPage\"  class='template-page content  av-content-full alpha units'><div class='post-entry post-entry-type-page post-entry-14606'><div class='entry-content-wrapper clearfix'>\n<div  class='flex_column av-3xi134e-0c220c9de4f0cd1b3d12ac02aaf139b5 av_one_third  avia-builder-el-1  el_before_av_one_fourth  avia-builder-el-first  first flex_column_div'     ><style type=\"text\/css\" data-created_by=\"avia_inline_auto\" id=\"style-css-av-mo5txwrc-890ef8db83e9052ca583050ab2e59b44\">\n.avia-image-container.av-mo5txwrc-890ef8db83e9052ca583050ab2e59b44 img.avia_image{\nbox-shadow:none;\n}\n.avia-image-container.av-mo5txwrc-890ef8db83e9052ca583050ab2e59b44 .av-image-caption-overlay-center{\ncolor:#ffffff;\n}\n<\/style>\n<div  class='avia-image-container av-mo5txwrc-890ef8db83e9052ca583050ab2e59b44 av-styling- avia-align-center  avia-builder-el-2  avia-builder-el-no-sibling'   itemprop=\"image\" itemscope=\"itemscope\" itemtype=\"https:\/\/schema.org\/ImageObject\" ><div class=\"avia-image-container-inner\"><div class=\"avia-image-overlay-wrap\"><img decoding=\"async\" fetchpriority=\"high\" class='wp-image-14549 avia-img-lazy-loading-not-14549 avia_image' src=\"https:\/\/analoguenow.com\/wp-content\/uploads\/2026\/04\/AN2026-exhibition-Room-for-doubt_poster-728x1030.jpeg\" alt='' title='AN2026-exhibition-Room-for-doubt_poster'  height=\"1030\" width=\"728\"  itemprop=\"thumbnailUrl\" srcset=\"https:\/\/analoguenow.com\/wp-content\/uploads\/2026\/04\/AN2026-exhibition-Room-for-doubt_poster-728x1030.jpeg 728w, https:\/\/analoguenow.com\/wp-content\/uploads\/2026\/04\/AN2026-exhibition-Room-for-doubt_poster-212x300.jpeg 212w, https:\/\/analoguenow.com\/wp-content\/uploads\/2026\/04\/AN2026-exhibition-Room-for-doubt_poster-57x80.jpeg 57w, https:\/\/analoguenow.com\/wp-content\/uploads\/2026\/04\/AN2026-exhibition-Room-for-doubt_poster-768x1086.jpeg 768w, https:\/\/analoguenow.com\/wp-content\/uploads\/2026\/04\/AN2026-exhibition-Room-for-doubt_poster-8x12.jpeg 8w, https:\/\/analoguenow.com\/wp-content\/uploads\/2026\/04\/AN2026-exhibition-Room-for-doubt_poster-498x705.jpeg 498w, https:\/\/analoguenow.com\/wp-content\/uploads\/2026\/04\/AN2026-exhibition-Room-for-doubt_poster.jpeg 905w\" sizes=\"(max-width: 728px) 100vw, 728px\" \/><\/div><\/div><\/div><\/div><div  class='flex_column av-3nxs95a-49c4b9376de08fd13f40269c0b60441c av_one_fourth  avia-builder-el-3  el_after_av_one_third  el_before_av_two_fifth  flex_column_div'     ><style type=\"text\/css\" data-created_by=\"avia_inline_auto\" id=\"style-css-av-amybke-0a6796795cc9783504db5f6501667a51\">\n#top .av_textblock_section.av-amybke-0a6796795cc9783504db5f6501667a51 .avia_textblock{\ncolor:#000000;\n}\n<\/style>\n<section  class='av_textblock_section av-amybke-0a6796795cc9783504db5f6501667a51'   itemscope=\"itemscope\" itemtype=\"https:\/\/schema.org\/CreativeWork\" ><div class='avia_textblock av_inherit_color'  itemprop=\"text\" ><h5>GRUPPENAUSSTELLUNG<\/h5>\n<\/div><\/section><br \/>\n\n<style type=\"text\/css\" data-created_by=\"avia_inline_auto\" id=\"style-css-av-2o99jhq-e7a223a60f3e0a6292e4fb882fb0a77b\">\n#top .hr.hr-invisible.av-2o99jhq-e7a223a60f3e0a6292e4fb882fb0a77b{\nheight:25px;\n}\n<\/style>\n<div  class='hr av-2o99jhq-e7a223a60f3e0a6292e4fb882fb0a77b hr-invisible  avia-builder-el-5  el_after_av_textblock  el_before_av_textblock'><span class='hr-inner'><span class=\"hr-inner-style\"><\/span><\/span><\/div><br \/>\n\n<style type=\"text\/css\" data-created_by=\"avia_inline_auto\" id=\"style-css-av-mo5ty3ue-016da2dee4cd4c4f2738b6fa518823b4\">\n#top .av_textblock_section.av-mo5ty3ue-016da2dee4cd4c4f2738b6fa518823b4 .avia_textblock{\ncolor:#000000;\n}\n<\/style>\n<section  class='av_textblock_section av-mo5ty3ue-016da2dee4cd4c4f2738b6fa518823b4'   itemscope=\"itemscope\" itemtype=\"https:\/\/schema.org\/CreativeWork\" ><div class='avia_textblock av_inherit_color'  itemprop=\"text\" ><h1>ROOM FOR DOUBT<\/h1>\n<\/div><\/section><br \/>\n\n<style type=\"text\/css\" data-created_by=\"avia_inline_auto\" id=\"style-css-av-7mu03y-3fb0c9db1d178eebff82d5231cda815e\">\n#top .hr.hr-invisible.av-7mu03y-3fb0c9db1d178eebff82d5231cda815e{\nheight:30px;\n}\n<\/style>\n<div  class='hr av-7mu03y-3fb0c9db1d178eebff82d5231cda815e hr-invisible  avia-builder-el-7  el_after_av_textblock  el_before_av_textblock'><span class='hr-inner'><span class=\"hr-inner-style\"><\/span><\/span><\/div><br \/>\n\n<style type=\"text\/css\" data-created_by=\"avia_inline_auto\" id=\"style-css-av-mo5typr6-47046f52a6b44d24119050a2b3991f2a\">\n#top .av_textblock_section.av-mo5typr6-47046f52a6b44d24119050a2b3991f2a .avia_textblock{\ncolor:#000000;\n}\n<\/style>\n<section  class='av_textblock_section av-mo5typr6-47046f52a6b44d24119050a2b3991f2a'   itemscope=\"itemscope\" itemtype=\"https:\/\/schema.org\/CreativeWork\" ><div class='avia_textblock av_inherit_color'  itemprop=\"text\" ><p>9. Mai \u2013 19. Juni 2026<\/p>\n<p>Fotogalerie Friedrichshain<\/p>\n<p>Helsingforser Platz 1, 10243 Berlin<\/p>\n<\/div><\/section><br \/>\n\n<style type=\"text\/css\" data-created_by=\"avia_inline_auto\" id=\"style-css-av-1i7riku-d4ab54b9d961085301b8b0dafa8a6479\">\n#top .hr.hr-invisible.av-1i7riku-d4ab54b9d961085301b8b0dafa8a6479{\nheight:40px;\n}\n<\/style>\n<div  class='hr av-1i7riku-d4ab54b9d961085301b8b0dafa8a6479 hr-invisible  avia-builder-el-9  el_after_av_textblock  el_before_av_textblock'><span class='hr-inner'><span class=\"hr-inner-style\"><\/span><\/span><\/div><br \/>\n\n<style type=\"text\/css\" data-created_by=\"avia_inline_auto\" id=\"style-css-av-mo5u0s0r-5d07a74e559c0d9de84ece70f2fea07d\">\n#top .av_textblock_section.av-mo5u0s0r-5d07a74e559c0d9de84ece70f2fea07d .avia_textblock{\ncolor:#000000;\n}\n<\/style>\n<section  class='av_textblock_section av-mo5u0s0r-5d07a74e559c0d9de84ece70f2fea07d'   itemscope=\"itemscope\" itemtype=\"https:\/\/schema.org\/CreativeWork\" ><div class='avia_textblock av_inherit_color'  itemprop=\"text\" ><h6><a href=\"https:\/\/www.instagram.com\/danilkhromov\/\" target=\"_blank\" rel=\"noopener\">Danil Khromov<\/a><br \/>\n<a href=\"https:\/\/www.instagram.com\/klebeflaeche\/\" target=\"_blank\" rel=\"noopener\">Sina Muehlbauer<\/a><br \/>\n<a href=\"https:\/\/www.instagram.com\/olivia.noss\/\" target=\"_blank\" rel=\"noopener\">Olivia Noss<\/a><br \/>\n<a href=\"https:\/\/www.instagram.com\/tearsandlashes\/\" target=\"_blank\" rel=\"noopener\">\u00d3scar Barbosa<\/a><br \/>\n<a href=\"https:\/\/www.instagram.com\/jonas.speer\/\" target=\"_blank\" rel=\"noopener\">Jonas Speer<\/a><br \/>\n<a href=\"https:\/\/www.instagram.com\/tjs.shoots\/\" target=\"_blank\" rel=\"noopener\">Tabea Jablonski<\/a><br \/>\n<a href=\"https:\/\/www.instagram.com\/heike_zappe\/\" target=\"_blank\" rel=\"noopener\">Heike Zappe<\/a><br \/>\n<a href=\"https:\/\/www.instagram.com\/amael.r\/\" target=\"_blank\" rel=\"noopener\">Amael Ramand<\/a><br \/>\n<a href=\"https:\/\/www.instagram.com\/junetaraneh\/\" target=\"_blank\" rel=\"noopener\">June Taraneh Ahuraian<\/a><br \/>\n<a href=\"https:\/\/www.instagram.com\/leonard.tuschl\/\" target=\"_blank\" rel=\"noopener\">Leonard Tuschl<\/a><br \/>\n<a href=\"https:\/\/www.instagram.com\/anna.lena.berger\/\" target=\"_blank\" rel=\"noopener\">Anna-Lena Berger<\/a><br \/>\n<a href=\"https:\/\/www.instagram.com\/peter_kronenberg\/\" target=\"_blank\" rel=\"noopener\">Peter Kronenberg<\/a><br \/>\n<a href=\"https:\/\/www.instagram.com\/medouze.prints\/\" target=\"_blank\" rel=\"noopener\">Nathalie Scattolon<\/a><br \/>\n<a href=\"https:\/\/www.instagram.com\/sandromosco\/\" target=\"_blank\" rel=\"noopener\">Sandro Mosco<\/a><br \/>\n<a href=\"https:\/\/www.instagram.com\/taf_mi20\/\" target=\"_blank\" rel=\"noopener\">Theodoros Moutsos<\/a><br \/>\n<a href=\"https:\/\/www.instagram.com\/m.c.cooper\/\" target=\"_blank\" rel=\"noopener\">Merle Cooper<\/a><\/h6>\n<\/div><\/section><\/p><\/div><div  class='flex_column av-11chdji-0003f474c79fad966d483a3866a11e80 av_two_fifth  avia-builder-el-11  el_after_av_one_fourth  el_before_av_hr  flex_column_div'     ><style type=\"text\/css\" data-created_by=\"avia_inline_auto\" id=\"style-css-av-mo5u17ou-df0244c504ceb85cecd6a726e0afb064\">\n#top .av_textblock_section.av-mo5u17ou-df0244c504ceb85cecd6a726e0afb064 .avia_textblock{\ncolor:#000000;\n}\n<\/style>\n<section  class='av_textblock_section av-mo5u17ou-df0244c504ceb85cecd6a726e0afb064'   itemscope=\"itemscope\" itemtype=\"https:\/\/schema.org\/CreativeWork\" ><div class='avia_textblock av_inherit_color'  itemprop=\"text\" ><p>Die analoge Fotografie gr\u00fcndet auf Experimenten, einem Prozess des Ausprobierens und oft ungewissen Ergebnissen; dadurch schafft sie R\u00e4ume, die sich den heutigen Anforderungen an Produktivit\u00e4t, Effizienz und \u00dcberleistung entziehen. Indem sie Raum f\u00fcr Zweifel schaffen, f\u00f6rdern die Ausstellungsplattformen eine bescheidene Herangehensweise an die eigene k\u00fcnstlerische Praxis und an die Welt. <i>Room for Doubt<\/i> bezieht sich auf jene R\u00e4ume \u2013 mentale, emotionale, physische oder soziale \u2013, in denen Gewissheit dem Hinterfragen weicht. Ausgehend von dem Sprichwort \u201eSehen ist Glauben\u201c laden wir auch Fotografen ein, deren Arbeiten zum kritischen Denken anregen und uns dazu bringen, unsere Annahmen und \u00dcberzeugungen zu hinterfragen.<\/p>\n<p><i>Room for doubt<\/i> begr\u00fc\u00dft Projekte, die Unsicherheit als fruchtbaren, kreativen N\u00e4hrboden und Zweifel als notwendiges Mittel betrachten, um zu lernen, die Welt mit anderen Augen zu sehen.<\/p>\n<p class=\"p1\">F\u00fcr die diesj\u00e4hrige Ausstellung haben wir ausschlie\u00dflich in Berlin ans\u00e4ssige Schulen und Kollektive zur Teilnahme eingeladen. Indem wir den Fokus auf die lokale Szene legen, m\u00f6chten wir die Verbindungen innerhalb der Community der analogen Fotografie st\u00e4rken und Br\u00fccken zwischen Profis, Amateuren und Studierenden schlagen.<\/p>\n<p class=\"p1\">Participating organizations include <a href=\"https:\/\/www.ostkreuzschule.de\/de\" target=\"_blank\" rel=\"noopener\">Ostkreuzschule f\u00fcr Fotografie<\/a>, <a href=\"https:\/\/www.letteverein.berlin\" target=\"_blank\" rel=\"noopener\">Lette Verein<\/a>, <a href=\"https:\/\/stattlab.org\" target=\"_blank\" rel=\"noopener\">Stattlab<\/a>, und <a href=\"https:\/\/www.fotografieberlin.de\" target=\"_blank\" rel=\"noopener\">Fotografie Berlin e.V<\/a>.<\/p>\n<\/div><\/section><\/div>\n<style type=\"text\/css\" data-created_by=\"avia_inline_auto\" id=\"style-css-av-kmqkfi-ecd8d00bc3bb1bb61d31a244c5db8291\">\n#top .hr.hr-invisible.av-kmqkfi-ecd8d00bc3bb1bb61d31a244c5db8291{\nheight:100px;\n}\n<\/style>\n<div  class='hr av-kmqkfi-ecd8d00bc3bb1bb61d31a244c5db8291 hr-invisible  avia-builder-el-13  el_after_av_two_fifth  avia-builder-el-last'><span class='hr-inner'><span class=\"hr-inner-style\"><\/span><\/span><\/div>","protected":false},"excerpt":{"rendered":"","protected":false},"author":7,"featured_media":14548,"parent":9919,"menu_order":0,"comment_status":"closed","ping_status":"closed","template":"","meta":{"footnotes":""},"mt-event-group":[],"class_list":["post-14606","page","type-page","status-publish","has-post-thumbnail","hentry"],"_links":{"self":[{"href":"https:\/\/analoguenow.com\/de\/wp-json\/wp\/v2\/pages\/14606","targetHints":{"allow":["GET"]}}],"collection":[{"href":"https:\/\/analoguenow.com\/de\/wp-json\/wp\/v2\/pages"}],"about":[{"href":"https:\/\/analoguenow.com\/de\/wp-json\/wp\/v2\/types\/page"}],"author":[{"embeddable":true,"href":"https:\/\/analoguenow.com\/de\/wp-json\/wp\/v2\/users\/7"}],"replies":[{"embeddable":true,"href":"https:\/\/analoguenow.com\/de\/wp-json\/wp\/v2\/comments?post=14606"}],"version-history":[{"count":6,"href":"https:\/\/analoguenow.com\/de\/wp-json\/wp\/v2\/pages\/14606\/revisions"}],"predecessor-version":[{"id":14618,"href":"https:\/\/analoguenow.com\/de\/wp-json\/wp\/v2\/pages\/14606\/revisions\/14618"}],"up":[{"embeddable":true,"href":"https:\/\/analoguenow.com\/de\/wp-json\/wp\/v2\/pages\/9919"}],"wp:featuredmedia":[{"embeddable":true,"href":"https:\/\/analoguenow.com\/de\/wp-json\/wp\/v2\/media\/14548"}],"wp:attachment":[{"href":"https:\/\/analoguenow.com\/de\/wp-json\/wp\/v2\/media?parent=14606"}],"wp:term":[{"taxonomy":"mt-event-group","embeddable":true,"href":"https:\/\/analoguenow.com\/de\/wp-json\/wp\/v2\/mt-event-group?post=14606"}],"curies":[{"name":"wp","href":"https:\/\/api.w.org\/{rel}","templated":true}]}}