{"id":13863,"date":"2025-05-13T17:21:58","date_gmt":"2025-05-13T15:21:58","guid":{"rendered":"https:\/\/analoguenow.com\/?page_id=13863"},"modified":"2025-05-22T17:26:34","modified_gmt":"2025-05-22T15:26:34","slug":"exhibition-under-the-rug","status":"publish","type":"page","link":"https:\/\/analoguenow.com\/de\/show\/exhibitions\/exhibition-under-the-rug\/","title":{"rendered":"Exhibition &#8220;UNDER THE RUG&#8221;"},"content":{"rendered":"<style type=\"text\/css\" data-created_by=\"avia_inline_auto\" id=\"style-css-av-gy5bfr-b2215d83fdeb0d45e3d5861f92c6db43\">\n.avia-section.av-gy5bfr-b2215d83fdeb0d45e3d5861f92c6db43{\nbackground-repeat:no-repeat;\nbackground-image:url(https:\/\/analoguenow.com\/wp-content\/uploads\/2025\/05\/AN2025-exhibition-Niederkirchner.jpeg);\nbackground-position:50% 50%;\nbackground-attachment:fixed;\n}\n.avia-section.av-gy5bfr-b2215d83fdeb0d45e3d5861f92c6db43 .av-section-color-overlay{\nopacity:0.7;\nbackground-color:#dbffd1;\n}\n<\/style>\n<div id='av_section_1'  class='avia-section av-gy5bfr-b2215d83fdeb0d45e3d5861f92c6db43 main_color avia-section-default avia-no-border-styling  avia-builder-el-0  avia-builder-el-no-sibling  avia-full-stretch avia-bg-style-fixed av-section-color-overlay-active av-minimum-height av-minimum-height-75 av-height-75  container_wrap fullsize'  data-section-bg-repeat='stretch' data-av_minimum_height_pc='75' data-av_min_height_opt='75'><div class=\"av-section-color-overlay-wrap\"><div class=\"av-section-color-overlay\"><\/div><div class='container av-section-cont-open' ><main  role=\"main\" itemprop=\"mainContentOfPage\"  class='template-page content  av-content-full alpha units'><div class='post-entry post-entry-type-page post-entry-13863'><div class='entry-content-wrapper clearfix'>\n<div  class='flex_column av-4fkppl3-6e282d8922872a1f618a8a8a543b1668 av_one_third  avia-builder-el-1  el_before_av_one_fourth  avia-builder-el-first  first flex_column_div'     ><style type=\"text\/css\" data-created_by=\"avia_inline_auto\" id=\"style-css-av-44cmtbb-b4f49e50c51dc07c8fc179fd2c0a383a\">\n.avia-image-container.av-44cmtbb-b4f49e50c51dc07c8fc179fd2c0a383a img.avia_image{\nbox-shadow:none;\n}\n.avia-image-container.av-44cmtbb-b4f49e50c51dc07c8fc179fd2c0a383a .av-image-caption-overlay-center{\ncolor:#ffffff;\n}\n<\/style>\n<div  class='avia-image-container av-44cmtbb-b4f49e50c51dc07c8fc179fd2c0a383a av-styling- avia-align-center  avia-builder-el-2  avia-builder-el-no-sibling'   itemprop=\"image\" itemscope=\"itemscope\" itemtype=\"https:\/\/schema.org\/ImageObject\" ><div class=\"avia-image-container-inner\"><div class=\"avia-image-overlay-wrap\"><img decoding=\"async\" fetchpriority=\"high\" class='wp-image-14105 avia-img-lazy-loading-not-14105 avia_image' src=\"https:\/\/analoguenow.com\/wp-content\/uploads\/2025\/05\/AN2025-exhibition-UnderTheRug-poster-web-732x1030.jpg\" alt='' title='A3 Plakat UnderTheRug Print (303 x 426 mm) - 1'  height=\"1030\" width=\"732\"  itemprop=\"thumbnailUrl\" srcset=\"https:\/\/analoguenow.com\/wp-content\/uploads\/2025\/05\/AN2025-exhibition-UnderTheRug-poster-web-732x1030.jpg 732w, https:\/\/analoguenow.com\/wp-content\/uploads\/2025\/05\/AN2025-exhibition-UnderTheRug-poster-web-213x300.jpg 213w, https:\/\/analoguenow.com\/wp-content\/uploads\/2025\/05\/AN2025-exhibition-UnderTheRug-poster-web-57x80.jpg 57w, https:\/\/analoguenow.com\/wp-content\/uploads\/2025\/05\/AN2025-exhibition-UnderTheRug-poster-web-768x1080.jpg 768w, https:\/\/analoguenow.com\/wp-content\/uploads\/2025\/05\/AN2025-exhibition-UnderTheRug-poster-web-1092x1536.jpg 1092w, https:\/\/analoguenow.com\/wp-content\/uploads\/2025\/05\/AN2025-exhibition-UnderTheRug-poster-web-9x12.jpg 9w, https:\/\/analoguenow.com\/wp-content\/uploads\/2025\/05\/AN2025-exhibition-UnderTheRug-poster-web-1067x1500.jpg 1067w, https:\/\/analoguenow.com\/wp-content\/uploads\/2025\/05\/AN2025-exhibition-UnderTheRug-poster-web-501x705.jpg 501w, https:\/\/analoguenow.com\/wp-content\/uploads\/2025\/05\/AN2025-exhibition-UnderTheRug-poster-web.jpg 1422w\" sizes=\"(max-width: 732px) 100vw, 732px\" \/><\/div><\/div><\/div><\/div><div  class='flex_column av-3h9fjnr-46b9d73cea512a8a1d259325ba9d121f av_one_fourth  avia-builder-el-3  el_after_av_one_third  el_before_av_two_fifth  flex_column_div'     ><style type=\"text\/css\" data-created_by=\"avia_inline_auto\" id=\"style-css-av-2z6v6xz-2855528fced015cd99e5b20fbccb0a3e\">\n#top .av_textblock_section.av-2z6v6xz-2855528fced015cd99e5b20fbccb0a3e .avia_textblock{\ncolor:#000000;\n}\n<\/style>\n<section  class='av_textblock_section av-2z6v6xz-2855528fced015cd99e5b20fbccb0a3e'   itemscope=\"itemscope\" itemtype=\"https:\/\/schema.org\/CreativeWork\" ><div class='avia_textblock av_inherit_color'  itemprop=\"text\" ><h5>GRUPPENAUSSTELLUNG<\/h5>\n<\/div><\/section><br \/>\n\n<style type=\"text\/css\" data-created_by=\"avia_inline_auto\" id=\"style-css-av-yd0av-2b123b2b5c5cfba8db1a6853b1982c73\">\n#top .hr.hr-invisible.av-yd0av-2b123b2b5c5cfba8db1a6853b1982c73{\nheight:25px;\n}\n<\/style>\n<div  class='hr av-yd0av-2b123b2b5c5cfba8db1a6853b1982c73 hr-invisible  avia-builder-el-5  el_after_av_textblock  el_before_av_textblock'><span class='hr-inner'><span class=\"hr-inner-style\"><\/span><\/span><\/div><br \/>\n\n<style type=\"text\/css\" data-created_by=\"avia_inline_auto\" id=\"style-css-av-mamcumps-0c5583486b49dabf7d70966746f73f1f\">\n#top .av_textblock_section.av-mamcumps-0c5583486b49dabf7d70966746f73f1f .avia_textblock{\ncolor:#000000;\n}\n<\/style>\n<section  class='av_textblock_section av-mamcumps-0c5583486b49dabf7d70966746f73f1f'   itemscope=\"itemscope\" itemtype=\"https:\/\/schema.org\/CreativeWork\" ><div class='avia_textblock av_inherit_color'  itemprop=\"text\" ><h1>UNDER THE RUG<\/h1>\n<\/div><\/section><br \/>\n\n<style type=\"text\/css\" data-created_by=\"avia_inline_auto\" id=\"style-css-av-29t9j5z-3f2bd17bfcb4fb228d5fef2cb164a023\">\n#top .hr.hr-invisible.av-29t9j5z-3f2bd17bfcb4fb228d5fef2cb164a023{\nheight:20px;\n}\n<\/style>\n<div  class='hr av-29t9j5z-3f2bd17bfcb4fb228d5fef2cb164a023 hr-invisible  avia-builder-el-7  el_after_av_textblock  el_before_av_textblock'><span class='hr-inner'><span class=\"hr-inner-style\"><\/span><\/span><\/div><br \/>\n\n<style type=\"text\/css\" data-created_by=\"avia_inline_auto\" id=\"style-css-av-mamcvk6p-b93c97564dac88c1e585887c9b116e48\">\n#top .av_textblock_section.av-mamcvk6p-b93c97564dac88c1e585887c9b116e48 .avia_textblock{\ncolor:#000000;\n}\n<\/style>\n<section  class='av_textblock_section av-mamcvk6p-b93c97564dac88c1e585887c9b116e48'   itemscope=\"itemscope\" itemtype=\"https:\/\/schema.org\/CreativeWork\" ><div class='avia_textblock av_inherit_color'  itemprop=\"text\" ><p>24. Mai - 27. Juni, 2025<\/p>\n<p>Fotogalerie Friedrichshain<\/p>\n<p>Helsingforser Platz 1, 10243 Berlin<\/p>\n<\/div><\/section><br \/>\n\n<style type=\"text\/css\" data-created_by=\"avia_inline_auto\" id=\"style-css-av-1qpsaxz-a6903042213d139550d021187f1440e0\">\n#top .hr.hr-invisible.av-1qpsaxz-a6903042213d139550d021187f1440e0{\nheight:40px;\n}\n<\/style>\n<div  class='hr av-1qpsaxz-a6903042213d139550d021187f1440e0 hr-invisible  avia-builder-el-9  el_after_av_textblock  el_before_av_textblock'><span class='hr-inner'><span class=\"hr-inner-style\"><\/span><\/span><\/div><br \/>\n\n<style type=\"text\/css\" data-created_by=\"avia_inline_auto\" id=\"style-css-av-mamczb6g-2a01a3325322c39cab7b1eb3c439b5d5\">\n#top .av_textblock_section.av-mamczb6g-2a01a3325322c39cab7b1eb3c439b5d5 .avia_textblock{\ncolor:#000000;\n}\n<\/style>\n<section  class='av_textblock_section av-mamczb6g-2a01a3325322c39cab7b1eb3c439b5d5'   itemscope=\"itemscope\" itemtype=\"https:\/\/schema.org\/CreativeWork\" ><div class='avia_textblock av_inherit_color'  itemprop=\"text\" ><p><a href=\"http:\/\/antoninasavytska.com\" target=\"_blank\" rel=\"noopener\">Antonina Savytska<\/a><br \/>\n<a href=\"http:\/\/dianemeyer.net\" target=\"_blank\" rel=\"noopener\">Diane Meyer<\/a><br \/>\n<a href=\"http:\/\/felixvollmann.com\" target=\"_blank\" rel=\"noopener\">Felix Vollmann<\/a> &#038; Jacqueline Gomes<br \/>\n<a href=\"http:\/\/iljaniederkirchner.com\" target=\"_blank\" rel=\"noopener\">Ilja Niederkirchner<\/a><br \/>\n<a href=\"http:\/\/josefinerauch.com\" target=\"_blank\" rel=\"noopener\">Josefine Rauch<\/a><br \/>\n<a href=\"http:\/\/joshuacockroft.com\" target=\"_blank\" rel=\"noopener\">Joshua Cockroft<\/a><br \/>\n<a href=\"http:\/\/matevzcebasek.com\" target=\"_blank\" rel=\"noopener\">Matev\u017e \u010ceba\u0161ek<\/a><br \/>\n<a href=\"http:\/\/therawangels.com\" target=\"_blank\" rel=\"noopener\">M\u00f3nica Mu\u00f1oz<\/a><br \/>\n<a href=\"https:\/\/www.instagram.com\/peter.pflugler\/\" target=\"_blank\" rel=\"noopener\">Peter Pfl\u00fcgler<\/a><br \/>\n<a href=\"http:\/\/ramonazordini.com\" target=\"_blank\" rel=\"noopener\">Ramona Zordini<\/a><br \/>\n<a href=\"http:\/\/madebyusradioactive.de\" target=\"_blank\" rel=\"noopener\">Saori Kaneko &#038; Richard Welz<\/a><\/p>\n<\/div><\/section><\/p><\/div><div  class='flex_column av-19repk7-57a07c311b789ea29f2d60e3b5a2da7f av_two_fifth  avia-builder-el-11  el_after_av_one_fourth  el_before_av_hr  flex_column_div'     ><style type=\"text\/css\" data-created_by=\"avia_inline_auto\" id=\"style-css-av-mamd0ynr-c7c5ea7010195e07bf09a85674a9cc9a\">\n#top .av_textblock_section.av-mamd0ynr-c7c5ea7010195e07bf09a85674a9cc9a .avia_textblock{\ncolor:#000000;\ntext-align:justify;\n}\n<\/style>\n<section  class='av_textblock_section av-mamd0ynr-c7c5ea7010195e07bf09a85674a9cc9a'   itemscope=\"itemscope\" itemtype=\"https:\/\/schema.org\/CreativeWork\" ><div class='avia_textblock av_inherit_color'  itemprop=\"text\" ><p><b>Was wird versteckt, unterdr\u00fcckt oder absichtlich unter den Teppich gekehrt?<\/b><\/p>\n<p><span style=\"font-weight: 400;\">Die Gruppenausstellung <\/span><em><span style=\"font-weight: 400;\">Under the Rug<\/span><\/em><span style=\"font-weight: 400;\"> richtet seinen Blick auf das \u00dcbersehene und Unsichtbare - pers\u00f6nliche Gef\u00fchle, gesellschaftliche Tabus und kollektive blinde Flecken. In einer Zeit, die von digitalen Bildern dominiert wird, hat die analoge Fotografie ihre Sprache weiterentwickelt - mit neuen Formen, hybriden Verfahren und unerwarteten Perspektiven. <\/span><em><span style=\"font-weight: 400;\">Under the Rug<\/span><\/em><span style=\"font-weight: 400;\"> beleuchtet Themen, die oft unbemerkt bleiben oder absichtlich an den Rand gedr\u00e4ngt werden - seien es intime Wahrheiten, toxische Realit\u00e4ten oder kulturelle Unterdr\u00fcckungsmechanismen. Die Arbeiten bewegen sich zwischen Dokumentation und Interpretation, zwischen N\u00e4he und Distanz - und fragen: Was bleibt ungesehen? Und warum?<\/span><\/p>\n<p><span style=\"font-weight: 400;\">Eine visuelle Untersuchung beginnt - an Orten, wo wir normalerweise nicht hinschauen.<\/span><\/p>\n<p><br style=\"font-weight: 400;\" \/><br style=\"font-weight: 400;\" \/><\/p>\n<\/div><\/section><\/div>\n<style type=\"text\/css\" data-created_by=\"avia_inline_auto\" id=\"style-css-av-l1oj53-5c17093162bd0f2cdbbce531a484f85d\">\n#top .hr.hr-invisible.av-l1oj53-5c17093162bd0f2cdbbce531a484f85d{\nheight:100px;\n}\n<\/style>\n<div  class='hr av-l1oj53-5c17093162bd0f2cdbbce531a484f85d hr-invisible  avia-builder-el-13  el_after_av_two_fifth  avia-builder-el-last'><span class='hr-inner'><span class=\"hr-inner-style\"><\/span><\/span><\/div>","protected":false},"excerpt":{"rendered":"","protected":false},"author":7,"featured_media":0,"parent":9919,"menu_order":0,"comment_status":"closed","ping_status":"closed","template":"","meta":{"footnotes":""},"mt-event-group":[],"class_list":["post-13863","page","type-page","status-publish","hentry"],"_links":{"self":[{"href":"https:\/\/analoguenow.com\/de\/wp-json\/wp\/v2\/pages\/13863","targetHints":{"allow":["GET"]}}],"collection":[{"href":"https:\/\/analoguenow.com\/de\/wp-json\/wp\/v2\/pages"}],"about":[{"href":"https:\/\/analoguenow.com\/de\/wp-json\/wp\/v2\/types\/page"}],"author":[{"embeddable":true,"href":"https:\/\/analoguenow.com\/de\/wp-json\/wp\/v2\/users\/7"}],"replies":[{"embeddable":true,"href":"https:\/\/analoguenow.com\/de\/wp-json\/wp\/v2\/comments?post=13863"}],"version-history":[{"count":13,"href":"https:\/\/analoguenow.com\/de\/wp-json\/wp\/v2\/pages\/13863\/revisions"}],"predecessor-version":[{"id":14247,"href":"https:\/\/analoguenow.com\/de\/wp-json\/wp\/v2\/pages\/13863\/revisions\/14247"}],"up":[{"embeddable":true,"href":"https:\/\/analoguenow.com\/de\/wp-json\/wp\/v2\/pages\/9919"}],"wp:attachment":[{"href":"https:\/\/analoguenow.com\/de\/wp-json\/wp\/v2\/media?parent=13863"}],"wp:term":[{"taxonomy":"mt-event-group","embeddable":true,"href":"https:\/\/analoguenow.com\/de\/wp-json\/wp\/v2\/mt-event-group?post=13863"}],"curies":[{"name":"wp","href":"https:\/\/api.w.org\/{rel}","templated":true}]}}