{"id":13809,"date":"2025-04-29T12:56:32","date_gmt":"2025-04-29T10:56:32","guid":{"rendered":"https:\/\/analoguenow.com\/?page_id=13809"},"modified":"2025-04-29T13:01:22","modified_gmt":"2025-04-29T11:01:22","slug":"exhibition-after-the-shot","status":"publish","type":"page","link":"https:\/\/analoguenow.com\/de\/show\/exhibitions\/exhibition-after-the-shot\/","title":{"rendered":"Exhibition &#8220;AFTER THE SHOT&#8221;"},"content":{"rendered":"<style type=\"text\/css\" data-created_by=\"avia_inline_auto\" id=\"style-css-av-ma2e39wb-92763ef9646e2d0ae8fe850c68b83e86\">\n.avia-section.av-ma2e39wb-92763ef9646e2d0ae8fe850c68b83e86{\nbackground-repeat:no-repeat;\nbackground-image:url(https:\/\/analoguenow.com\/wp-content\/uploads\/2025\/02\/06_Urizen-Freaza_Dobles_Doble-Nike.jpg);\nbackground-position:50% 0%;\nbackground-attachment:fixed;\n}\n.avia-section.av-ma2e39wb-92763ef9646e2d0ae8fe850c68b83e86 .av-section-color-overlay{\nopacity:0.6;\nbackground-color:#ffa384;\n}\n<\/style>\n<div id='av_section_1'  class='avia-section av-ma2e39wb-92763ef9646e2d0ae8fe850c68b83e86 main_color avia-section-default avia-no-border-styling  avia-builder-el-0  avia-builder-el-no-sibling  avia-full-stretch avia-bg-style-fixed av-section-color-overlay-active av-minimum-height av-minimum-height-75 av-height-75  container_wrap fullsize'  data-section-bg-repeat='stretch' data-av_minimum_height_pc='75' data-av_min_height_opt='75'><div class=\"av-section-color-overlay-wrap\"><div class=\"av-section-color-overlay\"><\/div><div class='container av-section-cont-open' ><main  role=\"main\" itemprop=\"mainContentOfPage\"  class='template-page content  av-content-full alpha units'><div class='post-entry post-entry-type-page post-entry-13809'><div class='entry-content-wrapper clearfix'>\n<div  class='flex_column av-43jvkr5-51d0026603789a4feaf74ea7219a9dec av_one_third  avia-builder-el-1  el_before_av_one_fourth  avia-builder-el-first  first flex_column_div'     ><style type=\"text\/css\" data-created_by=\"avia_inline_auto\" id=\"style-css-av-ma2dz0l6-11f0b706a97111ca7044fa6302d2bae9\">\n.avia-image-container.av-ma2dz0l6-11f0b706a97111ca7044fa6302d2bae9 img.avia_image{\nbox-shadow:none;\n}\n.avia-image-container.av-ma2dz0l6-11f0b706a97111ca7044fa6302d2bae9 .av-image-caption-overlay-center{\ncolor:#ffffff;\n}\n<\/style>\n<div  class='avia-image-container av-ma2dz0l6-11f0b706a97111ca7044fa6302d2bae9 av-styling- avia-align-center  avia-builder-el-2  avia-builder-el-no-sibling'   itemprop=\"image\" itemscope=\"itemscope\" itemtype=\"https:\/\/schema.org\/ImageObject\" ><div class=\"avia-image-container-inner\"><div class=\"avia-image-overlay-wrap\"><img decoding=\"async\" fetchpriority=\"high\" class='wp-image-11985 avia-img-lazy-loading-not-11985 avia_image' src=\"https:\/\/analoguenow.com\/wp-content\/uploads\/2025\/03\/signal-2025-03-11-095052_002-728x1030.jpeg\" alt='Poster of the group exhibition &quot;Under the Shot,&quot; on view from March 15 to 23 at Reflektor in Neuk\u00f6lln' title='Under-the-Shot-poster'  height=\"1030\" width=\"728\"  itemprop=\"thumbnailUrl\" srcset=\"https:\/\/analoguenow.com\/wp-content\/uploads\/2025\/03\/signal-2025-03-11-095052_002-728x1030.jpeg 728w, https:\/\/analoguenow.com\/wp-content\/uploads\/2025\/03\/signal-2025-03-11-095052_002-212x300.jpeg 212w, https:\/\/analoguenow.com\/wp-content\/uploads\/2025\/03\/signal-2025-03-11-095052_002-768x1086.jpeg 768w, https:\/\/analoguenow.com\/wp-content\/uploads\/2025\/03\/signal-2025-03-11-095052_002-1086x1536.jpeg 1086w, https:\/\/analoguenow.com\/wp-content\/uploads\/2025\/03\/signal-2025-03-11-095052_002-8x12.jpeg 8w, https:\/\/analoguenow.com\/wp-content\/uploads\/2025\/03\/signal-2025-03-11-095052_002-1061x1500.jpeg 1061w, https:\/\/analoguenow.com\/wp-content\/uploads\/2025\/03\/signal-2025-03-11-095052_002-498x705.jpeg 498w, https:\/\/analoguenow.com\/wp-content\/uploads\/2025\/03\/signal-2025-03-11-095052_002.jpeg 1448w\" sizes=\"(max-width: 728px) 100vw, 728px\" \/><\/div><\/div><\/div><\/div><div  class='flex_column av-3hqztyp-a7daf43412e5980c577f24a70fb4e93c av_one_fourth  avia-builder-el-3  el_after_av_one_third  el_before_av_two_fifth  flex_column_div'     ><style type=\"text\/css\" data-created_by=\"avia_inline_auto\" id=\"style-css-av-33ap4ep-fee026185421642c743bc4c1f838bf68\">\n#top .av_textblock_section.av-33ap4ep-fee026185421642c743bc4c1f838bf68 .avia_textblock{\ncolor:#000000;\n}\n<\/style>\n<section  class='av_textblock_section av-33ap4ep-fee026185421642c743bc4c1f838bf68'   itemscope=\"itemscope\" itemtype=\"https:\/\/schema.org\/CreativeWork\" ><div class='avia_textblock av_inherit_color'  itemprop=\"text\" ><h5>GRUPPENAUSSTELLUNG<\/h5>\n<\/div><\/section><br \/>\n\n<style type=\"text\/css\" data-created_by=\"avia_inline_auto\" id=\"style-css-av-8fy2z5-1b7dd95893f766eb4fef9ff325eca174\">\n#top .hr.hr-invisible.av-8fy2z5-1b7dd95893f766eb4fef9ff325eca174{\nheight:25px;\n}\n<\/style>\n<div  class='hr av-8fy2z5-1b7dd95893f766eb4fef9ff325eca174 hr-invisible  avia-builder-el-5  el_after_av_textblock  el_before_av_textblock'><span class='hr-inner'><span class=\"hr-inner-style\"><\/span><\/span><\/div><br \/>\n\n<style type=\"text\/css\" data-created_by=\"avia_inline_auto\" id=\"style-css-av-ma2dz6u9-df2d07381fe8960251989f1d5a31b246\">\n#top .av_textblock_section.av-ma2dz6u9-df2d07381fe8960251989f1d5a31b246 .avia_textblock{\ncolor:#000000;\n}\n<\/style>\n<section  class='av_textblock_section av-ma2dz6u9-df2d07381fe8960251989f1d5a31b246'   itemscope=\"itemscope\" itemtype=\"https:\/\/schema.org\/CreativeWork\" ><div class='avia_textblock av_inherit_color'  itemprop=\"text\" ><h1>AFTER THE SHOT<\/h1>\n<\/div><\/section><br \/>\n\n<style type=\"text\/css\" data-created_by=\"avia_inline_auto\" id=\"style-css-av-21ftrjl-fbeea182d832eecb3224aadb866a851c\">\n#top .hr.hr-invisible.av-21ftrjl-fbeea182d832eecb3224aadb866a851c{\nheight:30px;\n}\n<\/style>\n<div  class='hr av-21ftrjl-fbeea182d832eecb3224aadb866a851c hr-invisible  avia-builder-el-7  el_after_av_textblock  el_before_av_textblock'><span class='hr-inner'><span class=\"hr-inner-style\"><\/span><\/span><\/div><br \/>\n\n<style type=\"text\/css\" data-created_by=\"avia_inline_auto\" id=\"style-css-av-ma2e1fvx-495ff46345941630bb630e77e9bc418e\">\n#top .av_textblock_section.av-ma2e1fvx-495ff46345941630bb630e77e9bc418e .avia_textblock{\ncolor:#000000;\n}\n<\/style>\n<section  class='av_textblock_section av-ma2e1fvx-495ff46345941630bb630e77e9bc418e'   itemscope=\"itemscope\" itemtype=\"https:\/\/schema.org\/CreativeWork\" ><div class='avia_textblock av_inherit_color'  itemprop=\"text\" ><p>15. \u2013 23. M\u00e4rz 2025<\/p>\n<p>Reflektor Neuk\u00f6lln<\/p>\n<p>Weisestra\u00dfe 27, 12049 Berlin<\/p>\n<\/div><\/section><br \/>\n\n<style type=\"text\/css\" data-created_by=\"avia_inline_auto\" id=\"style-css-av-1gk85gx-aa541fdf168305350b532d5a073d351c\">\n#top .hr.hr-invisible.av-1gk85gx-aa541fdf168305350b532d5a073d351c{\nheight:40px;\n}\n<\/style>\n<div  class='hr av-1gk85gx-aa541fdf168305350b532d5a073d351c hr-invisible  avia-builder-el-9  el_after_av_textblock  el_before_av_textblock'><span class='hr-inner'><span class=\"hr-inner-style\"><\/span><\/span><\/div><br \/>\n\n<style type=\"text\/css\" data-created_by=\"avia_inline_auto\" id=\"style-css-av-ma2e02ik-a07dc0b74935ec04154926a137a1a52d\">\n#top .av_textblock_section.av-ma2e02ik-a07dc0b74935ec04154926a137a1a52d .avia_textblock{\ncolor:#000000;\n}\n<\/style>\n<section  class='av_textblock_section av-ma2e02ik-a07dc0b74935ec04154926a137a1a52d'   itemscope=\"itemscope\" itemtype=\"https:\/\/schema.org\/CreativeWork\" ><div class='avia_textblock av_inherit_color'  itemprop=\"text\" ><h6>Ina Echternach<\/h6>\n<h6>Urizen Freaza<\/h6>\n<h6>Antonia Gruber<\/h6>\n<h6>Barbara Schieb<\/h6>\n<h6>Ian Wainaina<\/h6>\n<h6>Daniel Wetzel<\/h6>\n<\/div><\/section><\/p><\/div><div  class='flex_column av-12np175-92094c79e13e760f358821947a1a43f6 av_two_fifth  avia-builder-el-11  el_after_av_one_fourth  el_before_av_hr  flex_column_div'     ><style type=\"text\/css\" data-created_by=\"avia_inline_auto\" id=\"style-css-av-ma2e1ucy-767e24a7f402f94b7e0fe218e100b0cb\">\n#top .av_textblock_section.av-ma2e1ucy-767e24a7f402f94b7e0fe218e100b0cb .avia_textblock{\ncolor:#000000;\ntext-align:justify;\n}\n<\/style>\n<section  class='av_textblock_section av-ma2e1ucy-767e24a7f402f94b7e0fe218e100b0cb'   itemscope=\"itemscope\" itemtype=\"https:\/\/schema.org\/CreativeWork\" ><div class='avia_textblock av_inherit_color'  itemprop=\"text\" ><p>After the Shot. Eine Polaroid-Ausstellung \u00fcber Manipulation<\/p>\n<p>In dieser Ausstellung nimmt die Sofortbildfotografie eine besondere Rolle ein \u2013 nicht nur als Medium, das Realit\u00e4t einf\u00e4ngt, sondern auch als eines, das bewusst ver\u00e4ndert und gestaltet werden kann. In einer Welt, die von digitalen und KI-generierten Bildern gepr\u00e4gt ist, schafft die Sofortbildfotografie eine greifbare Verbindung zur Wirklichkeit. Doch die Realit\u00e4t ist niemals statisch und ebenso wenig ist es das Medium, das sie abbildet. Diese Ausstellung untersucht sowohl die Authentizit\u00e4t der Sofortbildfotografie als auch die M\u00f6glichkeiten ihrer Transformation durch k\u00fcnstlerische Eingriffe. Indem Materialien neu bearbeitet und experimentelle Ans\u00e4tze verfolgt werden, erweitern die K\u00fcnstler*innen die Fotografie \u00fcber die blo\u00dfe Darstellung hinaus und schaffen dynamische, expressive Werke. Diese neu interpretierten Bilder stellen die Grenze zwischen Realit\u00e4t und Gestaltung infrage. Sie regen an, dar\u00fcber nachzudenken, wie Bedeutungen durch Manipulation und den Einfluss der Zeit entstehen. Die Sofortbildfotografie \u00fcberschreitet so ihre urspr\u00fcngliche Form und wird zu einem lebendigen Artefakt \u2013 geformt durch menschliche Kreativit\u00e4t, Interaktion und Intention.<\/p>\n<p>Kuratiert von Alice Odegova und Clara Stein<\/p>\n<p>Teil des EMOP 2025<\/p>\n<\/div><\/section><\/div>\n<style type=\"text\/css\" data-created_by=\"avia_inline_auto\" id=\"style-css-av-omp5w1-7b5b3504c2369c7581665a4b12cc6e8d\">\n#top .hr.hr-invisible.av-omp5w1-7b5b3504c2369c7581665a4b12cc6e8d{\nheight:100px;\n}\n<\/style>\n<div  class='hr av-omp5w1-7b5b3504c2369c7581665a4b12cc6e8d hr-invisible  avia-builder-el-13  el_after_av_two_fifth  avia-builder-el-last'><span class='hr-inner'><span class=\"hr-inner-style\"><\/span><\/span><\/div>","protected":false},"excerpt":{"rendered":"","protected":false},"author":7,"featured_media":0,"parent":9919,"menu_order":0,"comment_status":"closed","ping_status":"closed","template":"","meta":{"footnotes":""},"mt-event-group":[],"class_list":["post-13809","page","type-page","status-publish","hentry"],"_links":{"self":[{"href":"https:\/\/analoguenow.com\/de\/wp-json\/wp\/v2\/pages\/13809","targetHints":{"allow":["GET"]}}],"collection":[{"href":"https:\/\/analoguenow.com\/de\/wp-json\/wp\/v2\/pages"}],"about":[{"href":"https:\/\/analoguenow.com\/de\/wp-json\/wp\/v2\/types\/page"}],"author":[{"embeddable":true,"href":"https:\/\/analoguenow.com\/de\/wp-json\/wp\/v2\/users\/7"}],"replies":[{"embeddable":true,"href":"https:\/\/analoguenow.com\/de\/wp-json\/wp\/v2\/comments?post=13809"}],"version-history":[{"count":11,"href":"https:\/\/analoguenow.com\/de\/wp-json\/wp\/v2\/pages\/13809\/revisions"}],"predecessor-version":[{"id":13822,"href":"https:\/\/analoguenow.com\/de\/wp-json\/wp\/v2\/pages\/13809\/revisions\/13822"}],"up":[{"embeddable":true,"href":"https:\/\/analoguenow.com\/de\/wp-json\/wp\/v2\/pages\/9919"}],"wp:attachment":[{"href":"https:\/\/analoguenow.com\/de\/wp-json\/wp\/v2\/media?parent=13809"}],"wp:term":[{"taxonomy":"mt-event-group","embeddable":true,"href":"https:\/\/analoguenow.com\/de\/wp-json\/wp\/v2\/mt-event-group?post=13809"}],"curies":[{"name":"wp","href":"https:\/\/api.w.org\/{rel}","templated":true}]}}