{"id":13776,"date":"2025-04-29T12:42:11","date_gmt":"2025-04-29T10:42:11","guid":{"rendered":"https:\/\/analoguenow.com\/?page_id=13776"},"modified":"2025-04-29T13:01:26","modified_gmt":"2025-04-29T11:01:26","slug":"13776-2","status":"publish","type":"page","link":"https:\/\/analoguenow.com\/de\/show\/exhibitions\/13776-2\/","title":{"rendered":"Exhibition &#8220;SURRENDER TO THE DREAMERS&#8221;"},"content":{"rendered":"<style type=\"text\/css\" data-created_by=\"avia_inline_auto\" id=\"style-css-av-ma2d6jh5-e2175c1634b4a66ec9d95c43940ba275\">\n.avia-section.av-ma2d6jh5-e2175c1634b4a66ec9d95c43940ba275{\nbackground-repeat:no-repeat;\nbackground-image:url(https:\/\/analoguenow.com\/wp-content\/uploads\/2025\/01\/AN-EMOP_Surrender-to-the-Dreamers_Museum-fur-Fotografie_2025-1.jpg);\nbackground-position:50% 50%;\nbackground-attachment:fixed;\n}\n.avia-section.av-ma2d6jh5-e2175c1634b4a66ec9d95c43940ba275 .av-section-color-overlay{\nopacity:0.6;\nbackground-color:#e8a786;\n}\n<\/style>\n<div id='av_section_1'  class='avia-section av-ma2d6jh5-e2175c1634b4a66ec9d95c43940ba275 main_color avia-section-default avia-no-border-styling  avia-builder-el-0  avia-builder-el-no-sibling  avia-full-stretch avia-bg-style-fixed av-section-color-overlay-active av-minimum-height av-minimum-height-75 av-height-75  container_wrap fullsize'  data-section-bg-repeat='stretch' data-av_minimum_height_pc='75' data-av_min_height_opt='75'><div class=\"av-section-color-overlay-wrap\"><div class=\"av-section-color-overlay\"><\/div><div class='container av-section-cont-open' ><main  role=\"main\" itemprop=\"mainContentOfPage\"  class='template-page content  av-content-full alpha units'><div class='post-entry post-entry-type-page post-entry-13776'><div class='entry-content-wrapper clearfix'>\n<div  class='flex_column av-3yjw8k0-a815d29f7a8b78fa77835f08dbced5b4 av_one_third  avia-builder-el-1  el_before_av_one_fourth  avia-builder-el-first  first flex_column_div'     ><style type=\"text\/css\" data-created_by=\"avia_inline_auto\" id=\"style-css-av-ma2cyzi4-4a909a40198ad1a2c6c9b1e14c65414c\">\n.avia-image-container.av-ma2cyzi4-4a909a40198ad1a2c6c9b1e14c65414c img.avia_image{\nbox-shadow:none;\n}\n.avia-image-container.av-ma2cyzi4-4a909a40198ad1a2c6c9b1e14c65414c .av-image-caption-overlay-center{\ncolor:#ffffff;\n}\n<\/style>\n<div  class='avia-image-container av-ma2cyzi4-4a909a40198ad1a2c6c9b1e14c65414c av-styling- avia-align-center  avia-builder-el-2  avia-builder-el-no-sibling'   itemprop=\"image\" itemscope=\"itemscope\" itemtype=\"https:\/\/schema.org\/ImageObject\" ><div class=\"avia-image-container-inner\"><div class=\"avia-image-overlay-wrap\"><img decoding=\"async\" fetchpriority=\"high\" class='wp-image-13777 avia-img-lazy-loading-not-13777 avia_image' src=\"https:\/\/analoguenow.com\/wp-content\/uploads\/2025\/04\/exhibition_Surrender-2025_poster-364x1030.jpg\" alt='' title='exhibition_Surrender-2025_poster'  height=\"1030\" width=\"364\"  itemprop=\"thumbnailUrl\" srcset=\"https:\/\/analoguenow.com\/wp-content\/uploads\/2025\/04\/exhibition_Surrender-2025_poster-364x1030.jpg 364w, https:\/\/analoguenow.com\/wp-content\/uploads\/2025\/04\/exhibition_Surrender-2025_poster-106x300.jpg 106w, https:\/\/analoguenow.com\/wp-content\/uploads\/2025\/04\/exhibition_Surrender-2025_poster-28x80.jpg 28w, https:\/\/analoguenow.com\/wp-content\/uploads\/2025\/04\/exhibition_Surrender-2025_poster-768x2172.jpg 768w, https:\/\/analoguenow.com\/wp-content\/uploads\/2025\/04\/exhibition_Surrender-2025_poster-543x1536.jpg 543w, https:\/\/analoguenow.com\/wp-content\/uploads\/2025\/04\/exhibition_Surrender-2025_poster-724x2048.jpg 724w, https:\/\/analoguenow.com\/wp-content\/uploads\/2025\/04\/exhibition_Surrender-2025_poster-4x12.jpg 4w, https:\/\/analoguenow.com\/wp-content\/uploads\/2025\/04\/exhibition_Surrender-2025_poster-530x1500.jpg 530w, https:\/\/analoguenow.com\/wp-content\/uploads\/2025\/04\/exhibition_Surrender-2025_poster-249x705.jpg 249w, https:\/\/analoguenow.com\/wp-content\/uploads\/2025\/04\/exhibition_Surrender-2025_poster-scaled.jpg 905w\" sizes=\"(max-width: 364px) 100vw, 364px\" \/><\/div><\/div><\/div><\/div><div  class='flex_column av-3jo2440-f004646566157cf5258ffdb97037986f av_one_fourth  avia-builder-el-3  el_after_av_one_third  el_before_av_two_fifth  flex_column_div'     ><style type=\"text\/css\" data-created_by=\"avia_inline_auto\" id=\"style-css-av-30q8i4w-0de8c720cce99948c3855c74e66dcb27\">\n#top .av_textblock_section.av-30q8i4w-0de8c720cce99948c3855c74e66dcb27 .avia_textblock{\ncolor:#000000;\n}\n<\/style>\n<section  class='av_textblock_section av-30q8i4w-0de8c720cce99948c3855c74e66dcb27'   itemscope=\"itemscope\" itemtype=\"https:\/\/schema.org\/CreativeWork\" ><div class='avia_textblock av_inherit_color'  itemprop=\"text\" ><h5>GRUPPENAUSSTELLUNG<\/h5>\n<\/div><\/section><br \/>\n\n<style type=\"text\/css\" data-created_by=\"avia_inline_auto\" id=\"style-css-av-2h6v028-cb0e8c9904836db09fb3f8aca625852b\">\n#top .hr.hr-invisible.av-2h6v028-cb0e8c9904836db09fb3f8aca625852b{\nheight:25px;\n}\n<\/style>\n<div  class='hr av-2h6v028-cb0e8c9904836db09fb3f8aca625852b hr-invisible  avia-builder-el-5  el_after_av_textblock  el_before_av_textblock'><span class='hr-inner'><span class=\"hr-inner-style\"><\/span><\/span><\/div><br \/>\n\n<style type=\"text\/css\" data-created_by=\"avia_inline_auto\" id=\"style-css-av-ma2croy0-c2624efc7bdc18fdddcda4e785d9a7ce\">\n#top .av_textblock_section.av-ma2croy0-c2624efc7bdc18fdddcda4e785d9a7ce .avia_textblock{\ncolor:#000000;\n}\n<\/style>\n<section  class='av_textblock_section av-ma2croy0-c2624efc7bdc18fdddcda4e785d9a7ce'   itemscope=\"itemscope\" itemtype=\"https:\/\/schema.org\/CreativeWork\" ><div class='avia_textblock av_inherit_color'  itemprop=\"text\" ><h1>SURRENDER TO THE DREAMERS<\/h1>\n<\/div><\/section><br \/>\n\n<style type=\"text\/css\" data-created_by=\"avia_inline_auto\" id=\"style-css-av-2aglq0g-ebe5ea1f2e23eae8a080bebc7d312bfd\">\n#top .hr.hr-invisible.av-2aglq0g-ebe5ea1f2e23eae8a080bebc7d312bfd{\nheight:30px;\n}\n<\/style>\n<div  class='hr av-2aglq0g-ebe5ea1f2e23eae8a080bebc7d312bfd hr-invisible  avia-builder-el-7  el_after_av_textblock  el_before_av_textblock'><span class='hr-inner'><span class=\"hr-inner-style\"><\/span><\/span><\/div><br \/>\n\n<style type=\"text\/css\" data-created_by=\"avia_inline_auto\" id=\"style-css-av-ma2cwm57-8ae1628f040ee1eebe00625a57c64ad1\">\n#top .av_textblock_section.av-ma2cwm57-8ae1628f040ee1eebe00625a57c64ad1 .avia_textblock{\ncolor:#000000;\n}\n<\/style>\n<section  class='av_textblock_section av-ma2cwm57-8ae1628f040ee1eebe00625a57c64ad1'   itemscope=\"itemscope\" itemtype=\"https:\/\/schema.org\/CreativeWork\" ><div class='avia_textblock av_inherit_color'  itemprop=\"text\" ><p>7. M\u00e4rz \u2013 27. April 2025<\/p>\n<p>Museum f\u00fcr Fotografie<\/p>\n<p>Jebensstra\u00dfe 2, 10623 Berlin<\/p>\n<\/div><\/section><br \/>\n\n<style type=\"text\/css\" data-created_by=\"avia_inline_auto\" id=\"style-css-av-1t5fb4g-38691a89fd69b95cf4f4fcb8ac4a2780\">\n#top .hr.hr-invisible.av-1t5fb4g-38691a89fd69b95cf4f4fcb8ac4a2780{\nheight:40px;\n}\n<\/style>\n<div  class='hr av-1t5fb4g-38691a89fd69b95cf4f4fcb8ac4a2780 hr-invisible  avia-builder-el-9  el_after_av_textblock  el_before_av_textblock'><span class='hr-inner'><span class=\"hr-inner-style\"><\/span><\/span><\/div><br \/>\n\n<style type=\"text\/css\" data-created_by=\"avia_inline_auto\" id=\"style-css-av-ma2d3cxx-6c8589e30da097b3bb37ca80de471364\">\n#top .av_textblock_section.av-ma2d3cxx-6c8589e30da097b3bb37ca80de471364 .avia_textblock{\ncolor:#000000;\n}\n<\/style>\n<section  class='av_textblock_section av-ma2d3cxx-6c8589e30da097b3bb37ca80de471364'   itemscope=\"itemscope\" itemtype=\"https:\/\/schema.org\/CreativeWork\" ><div class='avia_textblock av_inherit_color'  itemprop=\"text\" ><h6><a href=\"https:\/\/michaelborowski.com\/the-wooden-beaver-archive\" target=\"_blank\" rel=\"noopener\">Michael Borowski<\/a><\/h6>\n<h6><a href=\"https:\/\/anaisboudot.fr\/les-oubliees.html\" target=\"_blank\" rel=\"noopener\">Ana\u00efs Boudot<\/a><\/h6>\n<h6><a href=\"https:\/\/www.timotheusbuettner.com\/installation-photography-is-fluid\" target=\"_blank\" rel=\"noopener\">Timotheus B\u00fcttner<\/a><\/h6>\n<h6><a href=\"https:\/\/www.instagram.com\/caidongdong\/\" target=\"_blank\" rel=\"noopener\">Cai Dongdong<\/a><\/h6>\n<h6><a href=\"https:\/\/ioannasakellaraki.com\/project\/the-seven-circuits-of-a-pearl\/\" target=\"_blank\" rel=\"noopener\">Ioanna Sakellaraki<\/a><\/h6>\n<h6><a href=\"https:\/\/www.instagram.com\/ria.wank\/\" target=\"_blank\" rel=\"noopener\">Ria Wank<\/a><\/h6>\n<\/div><\/section><\/p><\/div><div  class='flex_column av-3h5lzk-a91d736af73b867d08414adc87071377 av_two_fifth  avia-builder-el-11  el_after_av_one_fourth  el_before_av_hr  flex_column_div'     ><style type=\"text\/css\" data-created_by=\"avia_inline_auto\" id=\"style-css-av-ma2d4osn-306fa8d737de603140dbc7865794dba3\">\n#top .av_textblock_section.av-ma2d4osn-306fa8d737de603140dbc7865794dba3 .avia_textblock{\ncolor:#000000;\ntext-align:justify;\n}\n<\/style>\n<section  class='av_textblock_section av-ma2d4osn-306fa8d737de603140dbc7865794dba3'   itemscope=\"itemscope\" itemtype=\"https:\/\/schema.org\/CreativeWork\" ><div class='avia_textblock av_inherit_color'  itemprop=\"text\" ><p>Die Ausstellung \u201eSurrender to the Dreamers\u201c zeigt junge k\u00fcnstlerische Positionen zum Thema Surrealismus und Fotografie. Anlass ist die Ausstellung \u201eFOTOGAGA. Max Ernst und die Fotografie. Die Sammlung W\u00fcrth zu Gast\u201c, die bis zum 27. April im Museum f\u00fcr Fotografie zu sehen ist. Organisiert und kuratiert wird \u201eSurrender to the Dreamers\u201c von analogueNOW, einem gemeinn\u00fctzigen Verein in Berlin, der K\u00fcnstler*innen, Fotografen*innen, Kuratoren*innen, P\u00e4dagogen*innen und Fotoenthusiasten zur F\u00f6rderung der analogen Fotografie zusammenbringt.\u00a0<span class=\"Apple-converted-space\">\u00a0<\/span><\/p>\n<p>\u201eSurrender to the Dreamers\u201c betrachtet Fotografie als ein Medium, das die Grenzen des Sichtbaren \u00fcberschreitet und \u00fcber die reine Sinneswahrnehmung hinausf\u00fchrt. In beiden Ausstellungen nutzen K\u00fcnstler*innen die Fotografie, um das Verborgene freizulegen und bisher unbekannte, faszinierende Bildwelten zu erschaffen.<\/p>\n<p>Durch experimentelle Eingriffe und unkonventionelle Techniken verwandeln die teilnehmenden K\u00fcnstler*innen fotografische Bilder in lebendige Erz\u00e4hlungen, die weit \u00fcber die Grenzen des Sichtbaren hinausf\u00fchren: Sie bringen verborgene Familiengeschichten ans Licht, r\u00fccken vergessene Menschen in den Fokus oder rekonstruieren verlorene Archive. Dabei geht es nicht um blo\u00dfe Flucht in Fantasiewelten \u2013 vielmehr hinterfragen ihre Werke g\u00e4ngige Darstellungen der Realit\u00e4t und setzen sich kritisch mit ihnen auseinander.<span class=\"Apple-converted-space\">\u00a0<\/span><\/p>\n<p>Mit Hilfe von Imagination, Fiktion und Rekonstruktion nutzen die K\u00fcnstler*innen die Fotografie als Werkzeug, um neue Blickwinkel zu er\u00f6ffnen und pers\u00f6nliche, famili\u00e4re sowie kollektive Erinnerungen neu zu verhandeln. Das fotografische Bild ist dabei kein abgeschlossenes Endprodukt, sondern ein flexibles Material, das sich ver\u00e4ndern, formen und neu interpretieren l\u00e4sst, um Leerstellen sichtbar zu machen und verloren gegangene Geschichten wieder ins Bewusstsein zu r\u00fccken.<\/p>\n<p>Eine Ausstellung von analogueNOW in Kooperation mit der Kunstbibliothek \u2013 Staatliche Museen zu Berlin<\/p>\n<p><i>Kuratiert von <a href=\"https:\/\/claireducressonboet.com\/en\" target=\"_blank\" rel=\"noopener\">Claire Ducresson-Bo\u00ebt<\/a> und <a href=\"https:\/\/stanka.me\" target=\"_blank\" rel=\"noopener\">Thomas Ming-Hui Stanka<\/a><\/i><\/p>\n<\/div><\/section><\/div>\n<style type=\"text\/css\" data-created_by=\"avia_inline_auto\" id=\"style-css-av-98ii8-491e5b0c8f462da72f3ef6d3faab0d5c\">\n#top .hr.hr-invisible.av-98ii8-491e5b0c8f462da72f3ef6d3faab0d5c{\nheight:100px;\n}\n<\/style>\n<div  class='hr av-98ii8-491e5b0c8f462da72f3ef6d3faab0d5c hr-invisible  avia-builder-el-13  el_after_av_two_fifth  avia-builder-el-last'><span class='hr-inner'><span class=\"hr-inner-style\"><\/span><\/span><\/div>","protected":false},"excerpt":{"rendered":"","protected":false},"author":7,"featured_media":0,"parent":9919,"menu_order":0,"comment_status":"closed","ping_status":"closed","template":"","meta":{"footnotes":""},"mt-event-group":[],"class_list":["post-13776","page","type-page","status-publish","hentry"],"_links":{"self":[{"href":"https:\/\/analoguenow.com\/de\/wp-json\/wp\/v2\/pages\/13776","targetHints":{"allow":["GET"]}}],"collection":[{"href":"https:\/\/analoguenow.com\/de\/wp-json\/wp\/v2\/pages"}],"about":[{"href":"https:\/\/analoguenow.com\/de\/wp-json\/wp\/v2\/types\/page"}],"author":[{"embeddable":true,"href":"https:\/\/analoguenow.com\/de\/wp-json\/wp\/v2\/users\/7"}],"replies":[{"embeddable":true,"href":"https:\/\/analoguenow.com\/de\/wp-json\/wp\/v2\/comments?post=13776"}],"version-history":[{"count":25,"href":"https:\/\/analoguenow.com\/de\/wp-json\/wp\/v2\/pages\/13776\/revisions"}],"predecessor-version":[{"id":13821,"href":"https:\/\/analoguenow.com\/de\/wp-json\/wp\/v2\/pages\/13776\/revisions\/13821"}],"up":[{"embeddable":true,"href":"https:\/\/analoguenow.com\/de\/wp-json\/wp\/v2\/pages\/9919"}],"wp:attachment":[{"href":"https:\/\/analoguenow.com\/de\/wp-json\/wp\/v2\/media?parent=13776"}],"wp:term":[{"taxonomy":"mt-event-group","embeddable":true,"href":"https:\/\/analoguenow.com\/de\/wp-json\/wp\/v2\/mt-event-group?post=13776"}],"curies":[{"name":"wp","href":"https:\/\/api.w.org\/{rel}","templated":true}]}}