{"id":12382,"date":"2025-03-13T18:58:39","date_gmt":"2025-03-13T17:58:39","guid":{"rendered":"https:\/\/analoguenow.com\/?page_id=12382"},"modified":"2025-04-29T12:49:14","modified_gmt":"2025-04-29T10:49:14","slug":"exhibition-transition","status":"publish","type":"page","link":"https:\/\/analoguenow.com\/de\/show\/exhibitions\/exhibition-transition\/","title":{"rendered":"Exhibition &#8220;TRANSITION&#8221;"},"content":{"rendered":"<style type=\"text\/css\" data-created_by=\"avia_inline_auto\" id=\"style-css-av-m87n83hj-24222094aaf988accab8df06033156b3\">\n.avia-section.av-m87n83hj-24222094aaf988accab8df06033156b3{\nbackground-repeat:no-repeat;\nbackground-image:url(https:\/\/analoguenow.com\/wp-content\/uploads\/2022\/08\/buslay-05.jpg);\nbackground-position:50% 100%;\nbackground-attachment:fixed;\n}\n.avia-section.av-m87n83hj-24222094aaf988accab8df06033156b3 .av-section-color-overlay{\nopacity:0.7;\nbackground-color:#ccffe3;\n}\n<\/style>\n<div id='av_section_1'  class='avia-section av-m87n83hj-24222094aaf988accab8df06033156b3 main_color avia-section-default avia-no-border-styling  avia-builder-el-0  avia-builder-el-no-sibling  avia-full-stretch avia-bg-style-fixed av-section-color-overlay-active av-minimum-height av-minimum-height-75 av-height-75  container_wrap fullsize'  data-section-bg-repeat='stretch' data-av_minimum_height_pc='75' data-av_min_height_opt='75'><div class=\"av-section-color-overlay-wrap\"><div class=\"av-section-color-overlay\"><\/div><div class='container av-section-cont-open' ><main  role=\"main\" itemprop=\"mainContentOfPage\"  class='template-page content  av-content-full alpha units'><div class='post-entry post-entry-type-page post-entry-12382'><div class='entry-content-wrapper clearfix'>\n<div  class='flex_column av-49jn1a6-356471052d91f0d85c39c68e197fafc0 av_one_third  avia-builder-el-1  el_before_av_one_fourth  avia-builder-el-first  first flex_column_div'     ><style type=\"text\/css\" data-created_by=\"avia_inline_auto\" id=\"style-css-av-m87n960a-b71fa8adad9c7d467fde28209ff2f2ec\">\n.avia-image-container.av-m87n960a-b71fa8adad9c7d467fde28209ff2f2ec img.avia_image{\nbox-shadow:none;\n}\n.avia-image-container.av-m87n960a-b71fa8adad9c7d467fde28209ff2f2ec .av-image-caption-overlay-center{\ncolor:#ffffff;\n}\n<\/style>\n<div  class='avia-image-container av-m87n960a-b71fa8adad9c7d467fde28209ff2f2ec av-styling- avia-align-center  avia-builder-el-2  avia-builder-el-no-sibling'   itemprop=\"image\" itemscope=\"itemscope\" itemtype=\"https:\/\/schema.org\/ImageObject\" ><div class=\"avia-image-container-inner\"><div class=\"avia-image-overlay-wrap\"><img decoding=\"async\" fetchpriority=\"high\" class='wp-image-12385 avia-img-lazy-loading-not-12385 avia_image' src=\"https:\/\/analoguenow.com\/wp-content\/uploads\/2025\/03\/AN_exhibition_transition_poster-728x1030.jpeg\" alt='' title='AN_exhibition_transition_poster'  height=\"1030\" width=\"728\"  itemprop=\"thumbnailUrl\" srcset=\"https:\/\/analoguenow.com\/wp-content\/uploads\/2025\/03\/AN_exhibition_transition_poster-728x1030.jpeg 728w, https:\/\/analoguenow.com\/wp-content\/uploads\/2025\/03\/AN_exhibition_transition_poster-212x300.jpeg 212w, https:\/\/analoguenow.com\/wp-content\/uploads\/2025\/03\/AN_exhibition_transition_poster-768x1087.jpeg 768w, https:\/\/analoguenow.com\/wp-content\/uploads\/2025\/03\/AN_exhibition_transition_poster-1085x1536.jpeg 1085w, https:\/\/analoguenow.com\/wp-content\/uploads\/2025\/03\/AN_exhibition_transition_poster-1447x2048.jpeg 1447w, https:\/\/analoguenow.com\/wp-content\/uploads\/2025\/03\/AN_exhibition_transition_poster-8x12.jpeg 8w, https:\/\/analoguenow.com\/wp-content\/uploads\/2025\/03\/AN_exhibition_transition_poster-1060x1500.jpeg 1060w, https:\/\/analoguenow.com\/wp-content\/uploads\/2025\/03\/AN_exhibition_transition_poster-498x705.jpeg 498w, https:\/\/analoguenow.com\/wp-content\/uploads\/2025\/03\/AN_exhibition_transition_poster.jpeg 1684w\" sizes=\"(max-width: 728px) 100vw, 728px\" \/><\/div><\/div><\/div><\/div><div  class='flex_column av-42yi31a-f8d39e6553671642c4082e343f60ecc3 av_one_fourth  avia-builder-el-3  el_after_av_one_third  el_before_av_two_fifth  flex_column_div'     ><style type=\"text\/css\" data-created_by=\"avia_inline_auto\" id=\"style-css-av-d5iaym-ed67b30718741fa8aea96a816d3b6980\">\n#top .av_textblock_section.av-d5iaym-ed67b30718741fa8aea96a816d3b6980 .avia_textblock{\ncolor:#000000;\n}\n<\/style>\n<section  class='av_textblock_section av-d5iaym-ed67b30718741fa8aea96a816d3b6980'   itemscope=\"itemscope\" itemtype=\"https:\/\/schema.org\/CreativeWork\" ><div class='avia_textblock av_inherit_color'  itemprop=\"text\" ><h5>GRUPPENAUSSTELLUNG<\/h5>\n<\/div><\/section><br \/>\n\n<style type=\"text\/css\" data-created_by=\"avia_inline_auto\" id=\"style-css-av-agzxsu-0c08e05b5a5184b9f3193bcd8d5e4031\">\n#top .hr.hr-invisible.av-agzxsu-0c08e05b5a5184b9f3193bcd8d5e4031{\nheight:25px;\n}\n<\/style>\n<div  class='hr av-agzxsu-0c08e05b5a5184b9f3193bcd8d5e4031 hr-invisible  avia-builder-el-5  el_after_av_textblock  el_before_av_textblock'><span class='hr-inner'><span class=\"hr-inner-style\"><\/span><\/span><\/div><br \/>\n\n<style type=\"text\/css\" data-created_by=\"avia_inline_auto\" id=\"style-css-av-m87nc6nx-2c829d0a57f679dc2ee0b75b764b743e\">\n#top .av_textblock_section.av-m87nc6nx-2c829d0a57f679dc2ee0b75b764b743e .avia_textblock{\ncolor:#000000;\n}\n<\/style>\n<section  class='av_textblock_section av-m87nc6nx-2c829d0a57f679dc2ee0b75b764b743e'   itemscope=\"itemscope\" itemtype=\"https:\/\/schema.org\/CreativeWork\" ><div class='av-medium-hide avia_textblock av_inherit_color'  itemprop=\"text\" ><h1>TRANSITION<\/h1>\n<\/div><\/section><br \/>\n\n<style type=\"text\/css\" data-created_by=\"avia_inline_auto\" id=\"style-css-av-m8czqdb7-c73afa4a54e59e8b99633d1b0525a34a\">\n#top .av_textblock_section.av-m8czqdb7-c73afa4a54e59e8b99633d1b0525a34a .avia_textblock{\ncolor:#000000;\n}\n<\/style>\n<section  class='av_textblock_section av-m8czqdb7-c73afa4a54e59e8b99633d1b0525a34a'   itemscope=\"itemscope\" itemtype=\"https:\/\/schema.org\/CreativeWork\" ><div class='av-desktop-hide av-small-hide av-mini-hide avia_textblock av_inherit_color'  itemprop=\"text\" ><h3>TRANSITION<\/h3>\n<\/div><\/section><br \/>\n\n<style type=\"text\/css\" data-created_by=\"avia_inline_auto\" id=\"style-css-av-9m7ttq-7bca00a9d91da0365bd1605455786f80\">\n#top .hr.hr-invisible.av-9m7ttq-7bca00a9d91da0365bd1605455786f80{\nheight:30px;\n}\n<\/style>\n<div  class='hr av-9m7ttq-7bca00a9d91da0365bd1605455786f80 hr-invisible  avia-builder-el-8  el_after_av_textblock  el_before_av_textblock'><span class='hr-inner'><span class=\"hr-inner-style\"><\/span><\/span><\/div><br \/>\n\n<style type=\"text\/css\" data-created_by=\"avia_inline_auto\" id=\"style-css-av-m87nczdn-099b258b806c8a4556dd7280d49e9a69\">\n#top .av_textblock_section.av-m87nczdn-099b258b806c8a4556dd7280d49e9a69 .avia_textblock{\ncolor:#000000;\n}\n<\/style>\n<section  class='av_textblock_section av-m87nczdn-099b258b806c8a4556dd7280d49e9a69'   itemscope=\"itemscope\" itemtype=\"https:\/\/schema.org\/CreativeWork\" ><div class='avia_textblock av_inherit_color'  itemprop=\"text\" ><p>2. September \u2013 28. Oktober 2022<\/p>\n<p>Fotogalerie Friedrichshain<\/p>\n<p>Helsingforser Platz 1, 10243 Berlin<\/p>\n<\/div><\/section><br \/>\n\n<style type=\"text\/css\" data-created_by=\"avia_inline_auto\" id=\"style-css-av-6w5qhq-003a5bc2eb329ab67f2df89889fe9022\">\n#top .hr.hr-invisible.av-6w5qhq-003a5bc2eb329ab67f2df89889fe9022{\nheight:40px;\n}\n<\/style>\n<div  class='hr av-6w5qhq-003a5bc2eb329ab67f2df89889fe9022 hr-invisible  avia-builder-el-10  el_after_av_textblock  el_before_av_textblock'><span class='hr-inner'><span class=\"hr-inner-style\"><\/span><\/span><\/div><br \/>\n\n<style type=\"text\/css\" data-created_by=\"avia_inline_auto\" id=\"style-css-av-m87nf7t2-5624e0e58dc257286fa6cc772d05ab3a\">\n#top .av_textblock_section.av-m87nf7t2-5624e0e58dc257286fa6cc772d05ab3a .avia_textblock{\ncolor:#000000;\n}\n<\/style>\n<section  class='av_textblock_section av-m87nf7t2-5624e0e58dc257286fa6cc772d05ab3a'   itemscope=\"itemscope\" itemtype=\"https:\/\/schema.org\/CreativeWork\" ><div class='avia_textblock av_inherit_color'  itemprop=\"text\" ><h6>Andy Mattern<\/h6>\n<h6>C\u00e9line Pilch<\/h6>\n<h6>Cristina Fontsare<\/h6>\n<h6>Filippo Bardazzi<\/h6>\n<h6>Fiona Howarth<\/h6>\n<h6>Fred Johnsson<\/h6>\n<h6>Fungi<\/h6>\n<h6>Ilja Niederkirchner<\/h6>\n<h6>Jette Held<\/h6>\n<h6>Kate Schultze<\/h6>\n<h6>Ken Buslay<\/h6>\n<h6>Kerstin Pfleger<\/h6>\n<h6>Lorenz Kienzle<\/h6>\n<h6>Mila Panic<\/h6>\n<h6>Nant\u00e9n\u00e9 Traor\u00e9<\/h6>\n<h6>Natalia Kepesz<\/h6>\n<h6>Nuno Serr\u00e3o<\/h6>\n<h6>Theo Godmann<\/h6>\n<\/div><\/section><\/p><\/div><div  class='flex_column av-1jjov26-0f16176bda8e390c3bc1a708e0d13509 av_two_fifth  avia-builder-el-12  el_after_av_one_fourth  avia-builder-el-last  flex_column_div'     ><style type=\"text\/css\" data-created_by=\"avia_inline_auto\" id=\"style-css-av-m87nhofz-ea2a0b6c0611007cc04c7f00029af874\">\n#top .av_textblock_section.av-m87nhofz-ea2a0b6c0611007cc04c7f00029af874 .avia_textblock{\ncolor:#000000;\ntext-align:justify;\n}\n<\/style>\n<section  class='av_textblock_section av-m87nhofz-ea2a0b6c0611007cc04c7f00029af874'   itemscope=\"itemscope\" itemtype=\"https:\/\/schema.org\/CreativeWork\" ><div class='avia_textblock av_inherit_color'  itemprop=\"text\" ><p>Die Fotogalerie Friedrichshain und analogNOW! freuen sich, ihre erste kuratorische Zusammenarbeit bekannt zu geben.<\/p>\n<p>The exhibition will showcase analog photography projects focused on narrating change, capturing development or decline, and witnessing or challenging the turn of events.<\/p>\n<p>Ob individuell oder kollektiv, sozial oder \u00f6kologisch, schrittweise oder brutal, unerwartet oder freiwillig, ein \u00dcbergang kann als ein Prozess der Ver\u00e4nderung definiert werden, von einem Vorher zu einem Nachher.<\/p>\n<p>Wenn der Begriff des \u00dcbergangs allen Lebensformen inh\u00e4rent ist, so scheint unsere Gegenwart durch eine Beschleunigung der Geschichte gekennzeichnet zu sein, so dass einige \u00dcberg\u00e4nge, die einst nur in der Ferne der Zeit zu beobachten waren, nun auf der Ebene eines Menschenlebens wahrnehmbar zu sein scheinen. Diese Ausstellung ist als ein Moment der Entschleunigung gedacht, als eine Atempause, die notwendig ist, um \u00fcber die j\u00fcngsten und noch andauernden \u00dcberg\u00e4nge nachzudenken.<\/p>\n<\/div><\/section><br \/>\n\n<style type=\"text\/css\" data-created_by=\"avia_inline_auto\" id=\"style-css-av-13nw5oe-d1d9786c1c1fd3f07c021a28004b5f1b\">\n#top .hr.hr-invisible.av-13nw5oe-d1d9786c1c1fd3f07c021a28004b5f1b{\nheight:40px;\n}\n<\/style>\n<div  class='hr av-13nw5oe-d1d9786c1c1fd3f07c021a28004b5f1b hr-invisible  avia-builder-el-14  el_after_av_textblock  el_before_av_textblock'><span class='hr-inner'><span class=\"hr-inner-style\"><\/span><\/span><\/div><br \/>\n\n<style type=\"text\/css\" data-created_by=\"avia_inline_auto\" id=\"style-css-av-m87nj8bb-dd8a1db9308628c6ab0593be63828aa6\">\n#top .av_textblock_section.av-m87nj8bb-dd8a1db9308628c6ab0593be63828aa6 .avia_textblock{\ncolor:#000000;\ntext-align:justify;\n}\n<\/style>\n<section  class='av_textblock_section av-m87nj8bb-dd8a1db9308628c6ab0593be63828aa6'   itemscope=\"itemscope\" itemtype=\"https:\/\/schema.org\/CreativeWork\" ><div class='avia_textblock av_inherit_color'  itemprop=\"text\" ><p>Kuratoriert von Clara Stein, Thomas Ming-Hui Stanka, Urizen Freaza, Claire Ducresson-Bo\u00ebt (Fotogalerie Friedrichshain), and Felix Hawran (Fotogalerie Friedrichshain).<\/p>\n<\/div><\/section><\/p><\/div>","protected":false},"excerpt":{"rendered":"","protected":false},"author":7,"featured_media":12385,"parent":9919,"menu_order":0,"comment_status":"closed","ping_status":"closed","template":"","meta":{"footnotes":""},"mt-event-group":[],"class_list":["post-12382","page","type-page","status-publish","has-post-thumbnail","hentry"],"_links":{"self":[{"href":"https:\/\/analoguenow.com\/de\/wp-json\/wp\/v2\/pages\/12382","targetHints":{"allow":["GET"]}}],"collection":[{"href":"https:\/\/analoguenow.com\/de\/wp-json\/wp\/v2\/pages"}],"about":[{"href":"https:\/\/analoguenow.com\/de\/wp-json\/wp\/v2\/types\/page"}],"author":[{"embeddable":true,"href":"https:\/\/analoguenow.com\/de\/wp-json\/wp\/v2\/users\/7"}],"replies":[{"embeddable":true,"href":"https:\/\/analoguenow.com\/de\/wp-json\/wp\/v2\/comments?post=12382"}],"version-history":[{"count":17,"href":"https:\/\/analoguenow.com\/de\/wp-json\/wp\/v2\/pages\/12382\/revisions"}],"predecessor-version":[{"id":13807,"href":"https:\/\/analoguenow.com\/de\/wp-json\/wp\/v2\/pages\/12382\/revisions\/13807"}],"up":[{"embeddable":true,"href":"https:\/\/analoguenow.com\/de\/wp-json\/wp\/v2\/pages\/9919"}],"wp:featuredmedia":[{"embeddable":true,"href":"https:\/\/analoguenow.com\/de\/wp-json\/wp\/v2\/media\/12385"}],"wp:attachment":[{"href":"https:\/\/analoguenow.com\/de\/wp-json\/wp\/v2\/media?parent=12382"}],"wp:term":[{"taxonomy":"mt-event-group","embeddable":true,"href":"https:\/\/analoguenow.com\/de\/wp-json\/wp\/v2\/mt-event-group?post=12382"}],"curies":[{"name":"wp","href":"https:\/\/api.w.org\/{rel}","templated":true}]}}