{"id":12351,"date":"2025-03-13T18:19:01","date_gmt":"2025-03-13T17:19:01","guid":{"rendered":"https:\/\/analoguenow.com\/?page_id=12351"},"modified":"2025-04-29T12:49:34","modified_gmt":"2025-04-29T10:49:34","slug":"exhibition-heinz-staab","status":"publish","type":"page","link":"https:\/\/analoguenow.com\/de\/show\/exhibitions\/exhibition-heinz-staab\/","title":{"rendered":"Exhibition &#8220;HEINZ STAAB&#8221;"},"content":{"rendered":"<style type=\"text\/css\" data-created_by=\"avia_inline_auto\" id=\"style-css-av-m87lofzf-bf7622e77bdc54333cac0ad0893663c0\">\n.avia-section.av-m87lofzf-bf7622e77bdc54333cac0ad0893663c0{\nbackground-repeat:no-repeat;\nbackground-image:url(https:\/\/analoguenow.com\/wp-content\/uploads\/2025\/03\/Heinz-Staab_exhibition_background.jpeg);\nbackground-position:50% 50%;\nbackground-attachment:fixed;\n}\n.avia-section.av-m87lofzf-bf7622e77bdc54333cac0ad0893663c0 .av-section-color-overlay{\nopacity:0.8;\nbackground-color:#f6ffbf;\n}\n<\/style>\n<div id='av_section_1'  class='avia-section av-m87lofzf-bf7622e77bdc54333cac0ad0893663c0 main_color avia-section-default avia-no-border-styling  avia-builder-el-0  avia-builder-el-no-sibling  avia-full-stretch avia-bg-style-fixed av-section-color-overlay-active av-minimum-height av-minimum-height-75 av-height-75  container_wrap fullsize'  data-section-bg-repeat='stretch' data-av_minimum_height_pc='75' data-av_min_height_opt='75'><div class=\"av-section-color-overlay-wrap\"><div class=\"av-section-color-overlay\"><\/div><div class='container av-section-cont-open' ><main  role=\"main\" itemprop=\"mainContentOfPage\"  class='template-page content  av-content-full alpha units'><div class='post-entry post-entry-type-page post-entry-12351'><div class='entry-content-wrapper clearfix'>\n<div  class='flex_column av-3hom2f3-22dddac5bc82c679604c1ca84c58c99b av_one_third  avia-builder-el-1  el_before_av_one_fourth  avia-builder-el-first  first flex_column_div'     ><style type=\"text\/css\" data-created_by=\"avia_inline_auto\" id=\"style-css-av-m87lpzcv-a87a2ef283dd811b4c0b806920f75aee\">\n.avia-image-container.av-m87lpzcv-a87a2ef283dd811b4c0b806920f75aee img.avia_image{\nbox-shadow:none;\n}\n.avia-image-container.av-m87lpzcv-a87a2ef283dd811b4c0b806920f75aee .av-image-caption-overlay-center{\ncolor:#ffffff;\n}\n<\/style>\n<div  class='avia-image-container av-m87lpzcv-a87a2ef283dd811b4c0b806920f75aee av-styling- avia-align-center  avia-builder-el-2  avia-builder-el-no-sibling'   itemprop=\"image\" itemscope=\"itemscope\" itemtype=\"https:\/\/schema.org\/ImageObject\" ><div class=\"avia-image-container-inner\"><div class=\"avia-image-overlay-wrap\"><img decoding=\"async\" fetchpriority=\"high\" class='wp-image-5988 avia-img-lazy-loading-not-5988 avia_image' src=\"https:\/\/analoguenow.com\/wp-content\/uploads\/2022\/06\/Staab-48h-Insta-01-819x1024.png\" alt='Heinz Staab exhibition poster' title='Heinz Staab exhibition poster'  height=\"1024\" width=\"819\"  itemprop=\"thumbnailUrl\" srcset=\"https:\/\/analoguenow.com\/wp-content\/uploads\/2022\/06\/Staab-48h-Insta-01-819x1024.png 819w, https:\/\/analoguenow.com\/wp-content\/uploads\/2022\/06\/Staab-48h-Insta-01-240x300.png 240w, https:\/\/analoguenow.com\/wp-content\/uploads\/2022\/06\/Staab-48h-Insta-01-768x960.png 768w, https:\/\/analoguenow.com\/wp-content\/uploads\/2022\/06\/Staab-48h-Insta-01-320x400.png 320w, https:\/\/analoguenow.com\/wp-content\/uploads\/2022\/06\/Staab-48h-Insta-01.png 1080w\" sizes=\"(max-width: 819px) 100vw, 819px\" \/><\/div><\/div><\/div><\/div><div  class='flex_column av-2yxmxwf-4eddf246dedf6d76398805f728136035 av_one_fourth  avia-builder-el-3  el_after_av_one_third  el_before_av_two_fifth  flex_column_div'     ><style type=\"text\/css\" data-created_by=\"avia_inline_auto\" id=\"style-css-av-m87lqqzy-1eea0c6696d86f0558545a260e7a638c\">\n#top .av_textblock_section.av-m87lqqzy-1eea0c6696d86f0558545a260e7a638c .avia_textblock{\ncolor:#000000;\n}\n<\/style>\n<section  class='av_textblock_section av-m87lqqzy-1eea0c6696d86f0558545a260e7a638c'   itemscope=\"itemscope\" itemtype=\"https:\/\/schema.org\/CreativeWork\" ><div class='avia_textblock av_inherit_color'  itemprop=\"text\" ><h5>AUSSTELLUNG<\/h5>\n<\/div><\/section><br \/>\n\n<style type=\"text\/css\" data-created_by=\"avia_inline_auto\" id=\"style-css-av-2hj8scf-47e540998963cf1b204fb12180a76a9f\">\n#top .hr.hr-invisible.av-2hj8scf-47e540998963cf1b204fb12180a76a9f{\nheight:25px;\n}\n<\/style>\n<div  class='hr av-2hj8scf-47e540998963cf1b204fb12180a76a9f hr-invisible  avia-builder-el-5  el_after_av_textblock  el_before_av_textblock'><span class='hr-inner'><span class=\"hr-inner-style\"><\/span><\/span><\/div><br \/>\n\n<style type=\"text\/css\" data-created_by=\"avia_inline_auto\" id=\"style-css-av-m87lr3on-a81d41ff3b1eff4f84f24b3ed13bf50e\">\n#top .av_textblock_section.av-m87lr3on-a81d41ff3b1eff4f84f24b3ed13bf50e .avia_textblock{\ncolor:#000000;\n}\n<\/style>\n<section  class='av_textblock_section av-m87lr3on-a81d41ff3b1eff4f84f24b3ed13bf50e'   itemscope=\"itemscope\" itemtype=\"https:\/\/schema.org\/CreativeWork\" ><div class='avia_textblock av_inherit_color'  itemprop=\"text\" ><h2>HEINZ STAAB<\/h2>\n<h3>Living Archive<\/h3>\n<\/div><\/section><br \/>\n\n<style type=\"text\/css\" data-created_by=\"avia_inline_auto\" id=\"style-css-av-2aegj4v-67c8c44b115b383e7ea46e0610efecdf\">\n#top .hr.hr-invisible.av-2aegj4v-67c8c44b115b383e7ea46e0610efecdf{\nheight:30px;\n}\n<\/style>\n<div  class='hr av-2aegj4v-67c8c44b115b383e7ea46e0610efecdf hr-invisible  avia-builder-el-7  el_after_av_textblock  el_before_av_textblock'><span class='hr-inner'><span class=\"hr-inner-style\"><\/span><\/span><\/div><br \/>\n\n<style type=\"text\/css\" data-created_by=\"avia_inline_auto\" id=\"style-css-av-m87lsg09-5b68a0cf486a08bdd4b33d6498c658b6\">\n#top .av_textblock_section.av-m87lsg09-5b68a0cf486a08bdd4b33d6498c658b6 .avia_textblock{\ncolor:#000000;\n}\n<\/style>\n<section  class='av_textblock_section av-m87lsg09-5b68a0cf486a08bdd4b33d6498c658b6'   itemscope=\"itemscope\" itemtype=\"https:\/\/schema.org\/CreativeWork\" ><div class='avia_textblock av_inherit_color'  itemprop=\"text\" ><p>24. \u2013 26. Juli 2022<\/p>\n<p>Ida Nowhere<\/p>\n<p>Donaustra\u00dfe 79, 12043 Berlin<\/p>\n<\/div><\/section><br \/>\n\n<style type=\"text\/css\" data-created_by=\"avia_inline_auto\" id=\"style-css-av-1nhoqtb-ac99952f6be9f7f21f875ab3341c0e69\">\n#top .hr.hr-invisible.av-1nhoqtb-ac99952f6be9f7f21f875ab3341c0e69{\nheight:30px;\n}\n<\/style>\n<div  class='hr av-1nhoqtb-ac99952f6be9f7f21f875ab3341c0e69 hr-invisible  avia-builder-el-9  el_after_av_textblock  el_before_av_textblock'><span class='hr-inner'><span class=\"hr-inner-style\"><\/span><\/span><\/div><br \/>\n\n<style type=\"text\/css\" data-created_by=\"avia_inline_auto\" id=\"style-css-av-m87lx6nh-7cf567825eb1469fd93cbf3b56eee2d3\">\n#top .av_textblock_section.av-m87lx6nh-7cf567825eb1469fd93cbf3b56eee2d3 .avia_textblock{\ncolor:#000000;\n}\n<\/style>\n<section  class='av_textblock_section av-m87lx6nh-7cf567825eb1469fd93cbf3b56eee2d3'   itemscope=\"itemscope\" itemtype=\"https:\/\/schema.org\/CreativeWork\" ><div class='avia_textblock av_inherit_color'  itemprop=\"text\" ><p>kuratoriert von<\/p>\n<p>Luisa Manthey<\/p>\n<p>Marc Pru\u00df<\/p>\n<p>Thomas Ming-Hui Stanka<\/p>\n<p>Clara Stein<\/p>\n<p>Olliver Wagner<\/p>\n<\/div><\/section><\/p><\/div><div  class='flex_column av-17897of-6634ef4008dd54126744ba281cb29ae2 av_two_fifth  avia-builder-el-11  el_after_av_one_fourth  avia-builder-el-last  flex_column_div'     ><style type=\"text\/css\" data-created_by=\"avia_inline_auto\" id=\"style-css-av-m87lwov3-55f5c29cc2bad03557d298fbf55f79d6\">\n#top .av_textblock_section.av-m87lwov3-55f5c29cc2bad03557d298fbf55f79d6 .avia_textblock{\ncolor:#000000;\ntext-align:justify;\n}\n<\/style>\n<section  class='av_textblock_section av-m87lwov3-55f5c29cc2bad03557d298fbf55f79d6'   itemscope=\"itemscope\" itemtype=\"https:\/\/schema.org\/CreativeWork\" ><div class='avia_textblock av_inherit_color'  itemprop=\"text\" ><p data-start=\"69\" data-end=\"230\">Alltag und Furore in der BRD<br data-start=\"107\" data-end=\"110\" \/>Die Benefiz Fotoausstellung zeigt Aufnahmen des Amateurfotografen Heinz Staab der 1960er bis 1990er Jahre.<\/p>\n<p data-start=\"232\" data-end=\"790\">Die Benefizusstellung <em data-start=\"255\" data-end=\"285\">Heinz Staab &#8211; Living Archive<\/em> ist das Resultat einer Geschichte von Zufall und Gegebenheit. Staab, geboren 1935, ist gelernter Druckermeister und arbeitete zuletzt bis zu seiner Pensionierung 1999 in der Bundesdruckerei. Neben seinem Beruf hat er eine gro\u00dfe Passion: Die Fotografie. Er ist einer von vielen Amateurfotografen, die sich in den 60er bis 90er Jahren mit ihren Kameras an Flugpl\u00e4tzen und Volksfesten umhertrieben und sich in Vereinen und Stammtischen mit gleichgesinnten \u201cKnipsern\u201d und Amateuren trafen, um \u00fcber die auf Film gebannte Beute zu berichten.<\/p>\n<p data-start=\"792\" data-end=\"1601\">Staabs Demenzerkrankung f\u00fchrte dazu, dass seine Sammlung von Kamera und Fototechnik, sowie all seine Negative als Vorlass in die H\u00e4nde seiner Tochter gelangten. Durch die Unterst\u00fctzung von analogueNOW! bei der Verwaltung des Vorlasses entstand die Idee einer w\u00fcrdigenden Ausstellung. Das Ziel der Ausstellung ist es durch Spenden und den Verkauf der Fotografien Geld f\u00fcr die Alzheimer Gesellschaft Berlin e.V. zu sammeln. Die Alzheimer Gesellschaft Berlin unterst\u00fctzt Betroffene und Angeh\u00f6rige seit mehr als 30 Jahren durch Aufkl\u00e4rung, Beratung und Selbsthilfeprojekten. In Kooperation mit dem Dunkelkammer-Experten Jochen Rohner werden einzelne Aufnahmen von Hand neu ausbelichtet. Zusammen mit Vintage Prints von Staab selbst, wird so eine Ausstellung kuratiert, die eine neue zeitgen\u00f6ssische Betrachtung des privaten Archivs pr\u00e4sentiert.<\/p>\n<p data-start=\"1603\" data-end=\"1917\">Heinz Staabs Fotografien zeigen Alltagsszenen und Sujets, die wir heute durch den zeitlichen Abstand gar nicht mehr als Alltag wahrnehmen. Die Aufnahmen sind irgendwo zwischen privater Fotografie, Familienalbum sowie Street Photography zu verorten. Sie zeigen einen ganz pers\u00f6nlichen Ausschnitt Berlins \u2013 das visuelle Ged\u00e4chtnis Heinz Staabs.<\/p>\n<p data-start=\"1919\" data-end=\"2001\">Die Benefizausstellung findet im Rahmen der 48 Stunden Neuk\u00f6lln statt.<\/p>\n<\/div><\/section><\/div>","protected":false},"excerpt":{"rendered":"","protected":false},"author":7,"featured_media":5988,"parent":9919,"menu_order":0,"comment_status":"closed","ping_status":"closed","template":"","meta":{"footnotes":""},"mt-event-group":[],"class_list":["post-12351","page","type-page","status-publish","has-post-thumbnail","hentry"],"_links":{"self":[{"href":"https:\/\/analoguenow.com\/de\/wp-json\/wp\/v2\/pages\/12351","targetHints":{"allow":["GET"]}}],"collection":[{"href":"https:\/\/analoguenow.com\/de\/wp-json\/wp\/v2\/pages"}],"about":[{"href":"https:\/\/analoguenow.com\/de\/wp-json\/wp\/v2\/types\/page"}],"author":[{"embeddable":true,"href":"https:\/\/analoguenow.com\/de\/wp-json\/wp\/v2\/users\/7"}],"replies":[{"embeddable":true,"href":"https:\/\/analoguenow.com\/de\/wp-json\/wp\/v2\/comments?post=12351"}],"version-history":[{"count":14,"href":"https:\/\/analoguenow.com\/de\/wp-json\/wp\/v2\/pages\/12351\/revisions"}],"predecessor-version":[{"id":13808,"href":"https:\/\/analoguenow.com\/de\/wp-json\/wp\/v2\/pages\/12351\/revisions\/13808"}],"up":[{"embeddable":true,"href":"https:\/\/analoguenow.com\/de\/wp-json\/wp\/v2\/pages\/9919"}],"wp:featuredmedia":[{"embeddable":true,"href":"https:\/\/analoguenow.com\/de\/wp-json\/wp\/v2\/media\/5988"}],"wp:attachment":[{"href":"https:\/\/analoguenow.com\/de\/wp-json\/wp\/v2\/media?parent=12351"}],"wp:term":[{"taxonomy":"mt-event-group","embeddable":true,"href":"https:\/\/analoguenow.com\/de\/wp-json\/wp\/v2\/mt-event-group?post=12351"}],"curies":[{"name":"wp","href":"https:\/\/api.w.org\/{rel}","templated":true}]}}