{"id":12308,"date":"2025-03-13T17:49:19","date_gmt":"2025-03-13T16:49:19","guid":{"rendered":"https:\/\/analoguenow.com\/?page_id=12308"},"modified":"2025-04-29T12:48:17","modified_gmt":"2025-04-29T10:48:17","slug":"exhibition-excess","status":"publish","type":"page","link":"https:\/\/analoguenow.com\/de\/show\/exhibitions\/exhibition-excess\/","title":{"rendered":"Exhibition &#8220;EXCESS&#8221;"},"content":{"rendered":"<style type=\"text\/css\" data-created_by=\"avia_inline_auto\" id=\"style-css-av-m87kx62z-03fff0c6a8f6b036c8fdf0a446274e2c\">\n.avia-section.av-m87kx62z-03fff0c6a8f6b036c8fdf0a446274e2c{\nbackground-repeat:no-repeat;\nbackground-image:url(https:\/\/analoguenow.com\/wp-content\/uploads\/2024\/02\/drebing-06.jpg);\nbackground-position:50% 100%;\nbackground-attachment:fixed;\n}\n.avia-section.av-m87kx62z-03fff0c6a8f6b036c8fdf0a446274e2c .av-section-color-overlay{\nopacity:0.7;\nbackground-color:#ffc6bf;\n}\n<\/style>\n<div id='av_section_1'  class='avia-section av-m87kx62z-03fff0c6a8f6b036c8fdf0a446274e2c main_color avia-section-default avia-no-border-styling  avia-builder-el-0  avia-builder-el-no-sibling  avia-full-stretch avia-bg-style-fixed av-section-color-overlay-active av-minimum-height av-minimum-height-75 av-height-75  container_wrap fullsize'  data-section-bg-repeat='stretch' data-av_minimum_height_pc='75' data-av_min_height_opt='75'><div class=\"av-section-color-overlay-wrap\"><div class=\"av-section-color-overlay\"><\/div><div class='container av-section-cont-open' ><main  role=\"main\" itemprop=\"mainContentOfPage\"  class='template-page content  av-content-full alpha units'><div class='post-entry post-entry-type-page post-entry-12308'><div class='entry-content-wrapper clearfix'>\n<div  class='flex_column av-1io969g-c0224c734d050e6295798d153c40afaa av_one_third  avia-builder-el-1  el_before_av_one_fourth  avia-builder-el-first  first flex_column_div'     ><style type=\"text\/css\" data-created_by=\"avia_inline_auto\" id=\"style-css-av-m87k8bd9-f5941dae14419407d9abc69c880892e3\">\n.avia-image-container.av-m87k8bd9-f5941dae14419407d9abc69c880892e3 img.avia_image{\nbox-shadow:none;\n}\n.avia-image-container.av-m87k8bd9-f5941dae14419407d9abc69c880892e3 .av-image-caption-overlay-center{\ncolor:#ffffff;\n}\n<\/style>\n<div  class='avia-image-container av-m87k8bd9-f5941dae14419407d9abc69c880892e3 av-styling- avia-align-center  avia-builder-el-2  avia-builder-el-no-sibling'   itemprop=\"image\" itemscope=\"itemscope\" itemtype=\"https:\/\/schema.org\/ImageObject\" ><div class=\"avia-image-container-inner\"><div class=\"avia-image-overlay-wrap\"><img decoding=\"async\" fetchpriority=\"high\" class='wp-image-12252 avia-img-lazy-loading-not-12252 avia_image' src=\"https:\/\/analoguenow.com\/wp-content\/uploads\/2025\/03\/Excess_Plakat_V4-728x1030.jpg\" alt='' title='Excess_Plakat_V4'  height=\"1030\" width=\"728\"  itemprop=\"thumbnailUrl\" srcset=\"https:\/\/analoguenow.com\/wp-content\/uploads\/2025\/03\/Excess_Plakat_V4-728x1030.jpg 728w, https:\/\/analoguenow.com\/wp-content\/uploads\/2025\/03\/Excess_Plakat_V4-212x300.jpg 212w, https:\/\/analoguenow.com\/wp-content\/uploads\/2025\/03\/Excess_Plakat_V4-768x1086.jpg 768w, https:\/\/analoguenow.com\/wp-content\/uploads\/2025\/03\/Excess_Plakat_V4-1086x1536.jpg 1086w, https:\/\/analoguenow.com\/wp-content\/uploads\/2025\/03\/Excess_Plakat_V4-8x12.jpg 8w, https:\/\/analoguenow.com\/wp-content\/uploads\/2025\/03\/Excess_Plakat_V4-1060x1500.jpg 1060w, https:\/\/analoguenow.com\/wp-content\/uploads\/2025\/03\/Excess_Plakat_V4-498x705.jpg 498w, https:\/\/analoguenow.com\/wp-content\/uploads\/2025\/03\/Excess_Plakat_V4.jpg 1134w\" sizes=\"(max-width: 728px) 100vw, 728px\" \/><\/div><\/div><\/div><\/div><div  class='flex_column av-1a47hv8-a642691decf33de41243f043c990c28f av_one_fourth  avia-builder-el-3  el_after_av_one_third  el_before_av_two_fifth  flex_column_div'     ><style type=\"text\/css\" data-created_by=\"avia_inline_auto\" id=\"style-css-av-m87k8vcs-e3c45956c25484f528654f03338d8ec3\">\n#top .av_textblock_section.av-m87k8vcs-e3c45956c25484f528654f03338d8ec3 .avia_textblock{\ncolor:#000000;\n}\n<\/style>\n<section  class='av_textblock_section av-m87k8vcs-e3c45956c25484f528654f03338d8ec3'   itemscope=\"itemscope\" itemtype=\"https:\/\/schema.org\/CreativeWork\" ><div class='avia_textblock av_inherit_color'  itemprop=\"text\" ><h5>GRUPPENAUSSTELLUNG<\/h5>\n<\/div><\/section><br \/>\n\n<style type=\"text\/css\" data-created_by=\"avia_inline_auto\" id=\"style-css-av-m87kd08b-867384e3d77d6122d4a2d8f9677e5533\">\n#top .hr.hr-invisible.av-m87kd08b-867384e3d77d6122d4a2d8f9677e5533{\nheight:25px;\n}\n<\/style>\n<div  class='hr av-m87kd08b-867384e3d77d6122d4a2d8f9677e5533 hr-invisible  avia-builder-el-5  el_after_av_textblock  el_before_av_textblock'><span class='hr-inner'><span class=\"hr-inner-style\"><\/span><\/span><\/div><br \/>\n\n<style type=\"text\/css\" data-created_by=\"avia_inline_auto\" id=\"style-css-av-m87k92r1-2b5516ac6d933661172b3062290581d8\">\n#top .av_textblock_section.av-m87k92r1-2b5516ac6d933661172b3062290581d8 .avia_textblock{\ncolor:#000000;\n}\n<\/style>\n<section  class='av_textblock_section av-m87k92r1-2b5516ac6d933661172b3062290581d8'   itemscope=\"itemscope\" itemtype=\"https:\/\/schema.org\/CreativeWork\" ><div class='avia_textblock av_inherit_color'  itemprop=\"text\" ><h1>EXCESS<\/h1>\n<\/div><\/section><br \/>\n\n<style type=\"text\/css\" data-created_by=\"avia_inline_auto\" id=\"style-css-av-m87kddc1-9f812b0b359c910765311d9ddf06299d\">\n#top .hr.hr-invisible.av-m87kddc1-9f812b0b359c910765311d9ddf06299d{\nheight:30px;\n}\n<\/style>\n<div  class='hr av-m87kddc1-9f812b0b359c910765311d9ddf06299d hr-invisible  avia-builder-el-7  el_after_av_textblock  el_before_av_textblock'><span class='hr-inner'><span class=\"hr-inner-style\"><\/span><\/span><\/div><br \/>\n\n<style type=\"text\/css\" data-created_by=\"avia_inline_auto\" id=\"style-css-av-m87key4j-09080906c200b7435db52c791c88e057\">\n#top .av_textblock_section.av-m87key4j-09080906c200b7435db52c791c88e057 .avia_textblock{\ncolor:#000000;\n}\n<\/style>\n<section  class='av_textblock_section av-m87key4j-09080906c200b7435db52c791c88e057'   itemscope=\"itemscope\" itemtype=\"https:\/\/schema.org\/CreativeWork\" ><div class='avia_textblock av_inherit_color'  itemprop=\"text\" ><p>21. M\u00e4rz \u2013 10. Mai 2024<\/p>\n<p>Fotogalerie Friedrichshain<\/p>\n<p>Helsingforser Platz 1, 10243 Berlin<\/p>\n<\/div><\/section><br \/>\n\n<style type=\"text\/css\" data-created_by=\"avia_inline_auto\" id=\"style-css-av-m87kv622-671498d27cfb0677c96942445f1b6abb\">\n#top .hr.hr-invisible.av-m87kv622-671498d27cfb0677c96942445f1b6abb{\nheight:40px;\n}\n<\/style>\n<div  class='hr av-m87kv622-671498d27cfb0677c96942445f1b6abb hr-invisible  avia-builder-el-9  el_after_av_textblock  el_before_av_textblock'><span class='hr-inner'><span class=\"hr-inner-style\"><\/span><\/span><\/div><br \/>\n\n<style type=\"text\/css\" data-created_by=\"avia_inline_auto\" id=\"style-css-av-m87khmme-c091a266f0eebce3d97663523bef38a6\">\n#top .av_textblock_section.av-m87khmme-c091a266f0eebce3d97663523bef38a6 .avia_textblock{\ncolor:#000000;\n}\n<\/style>\n<section  class='av_textblock_section av-m87khmme-c091a266f0eebce3d97663523bef38a6'   itemscope=\"itemscope\" itemtype=\"https:\/\/schema.org\/CreativeWork\" ><div class='avia_textblock av_inherit_color'  itemprop=\"text\" ><h6><a href=\"https:\/\/www.barbara-haiduck.de\/\">Barbara Haiduck<\/a><br \/>\n<a href=\"http:\/\/instagram.com\/negative_progress\">Benito<\/a><br \/>\n<a href=\"https:\/\/charles-park.xyz\/\">Charles Park<\/a><br \/>\n<a href=\"https:\/\/www.instagram.com\/KynthosKhaos\">Cinthya Bravo<\/a><br \/>\n<a href=\"https:\/\/www.jeanpaulpastorguzman.de\/\">Jean-Paul Pastor Guzm\u00e1n<\/a><br \/>\n<a href=\"https:\/\/juliewarwel.com\/\">Julie Ella Warwel<\/a><br \/>\n<a href=\"https:\/\/www.junguilee.com\/\">Jung Ui Lee <br class=\"avia-permanent-lb\" \/><\/a><a href=\"https:\/\/lennysteinhauer.com\/\">Lenny Steinhauer<\/a><br \/>\n<a href=\"https:\/\/madeleinebrunnmeier.de\/\">Madeleine Brunnmeier<\/a><br \/>\n<a href=\"https:\/\/www.instagram.com\/maria_denise_dessimoz\">Maria Denise Dessimoz<\/a><br \/>\n<a href=\"https:\/\/www.instagram.com\/taylunar\">tay lunar<\/a><br \/>\n<a href=\"https:\/\/arrayahloynd.com\/\">Arrayah Loynd<\/a><br \/>\n<a href=\"https:\/\/www.rabbitandsparrow.com\/\">Jordanna Kalman<\/a><br \/>\n<a href=\"http:\/\/www.marcusdesieno.com\/\">Marcus DeSieno<\/a><\/h6>\n<\/div><\/section><\/p><\/div><div  class='flex_column av-ma3fo4-39121847c9ffd0bdf9574f2bb32afe21 av_two_fifth  avia-builder-el-11  el_after_av_one_fourth  avia-builder-el-last  flex_column_div'     ><style type=\"text\/css\" data-created_by=\"avia_inline_auto\" id=\"style-css-av-m87kmrtf-fc25f48821b58050e22a398c7aa98731\">\n#top .av_textblock_section.av-m87kmrtf-fc25f48821b58050e22a398c7aa98731 .avia_textblock{\ncolor:#000000;\ntext-align:justify;\n}\n<\/style>\n<section  class='av_textblock_section av-m87kmrtf-fc25f48821b58050e22a398c7aa98731'   itemscope=\"itemscope\" itemtype=\"https:\/\/schema.org\/CreativeWork\" ><div class='avia_textblock av_inherit_color'  itemprop=\"text\" ><p><em>The road of excess leads to the palace of wisdom. <\/em>\u00a0\u2013 William Blake.<\/p>\n<p>Oft wird Exzess in einem negativen Licht gesehen: sei es, dass wir Grenzen \u00fcberschreiten, wie z. B. die Geschwindigkeitsbegrenzung und damit ein Bu\u00dfgeld riskieren, sei es, dass wir r\u00fccksichtslos Ressourcen verbrauchen, wie z. B. durch die Abholzung von W\u00e4ldern, und damit schwerwiegende Folgen f\u00fcr die Umwelt in Kauf nehmen, oder sei es, dass er, wenn er mit Vergn\u00fcgen verbunden ist, oft mit Schuldgef\u00fchlen und der Gefahr oder sogar dem Tod einhergeht.<\/p>\n<p>In our personal lives, excess can manifest as a means of self-harm or self-expression through both the body and the mind. It can be observed in overindulgence in food and alcohol, substance abuse, and even in mental illnesses that are characterized by an excess of emotions that society deems should be \u201cregulated\u201d. Within the realm of analog photography, excess in light, movement, or exposure time is often considered a hindrance to achieving optimal results, and is regarded as a mistake.<\/p>\n<p>Das Konzept des Exzesses ist von Natur aus im Verh\u00e4ltnis zu einer Norm. W\u00e4hrend einige F\u00e4lle von Exzess unsere Aufmerksamkeit erfordern, um Schaden zu verhindern, rechtfertigen andere die Frage: Wer oder was bestimmt, was exzessiv ist und was mit der Norm \u00fcbereinstimmt? Wann sollte die Norm respektiert werden, und wann und wie sollte sie hinterfragt oder herausgefordert werden?<\/p>\n<p>Exzess kann als Abweichung oder Problem wahrgenommen werden, aber f\u00fcr manche ist er auch ein Mittel, um sich von gesellschaftlichen Normen zu l\u00f6sen, ein entscheidender Schritt im Leben oder eine Forderung nach mehr Freiheit. Ist es etwas, das man zur\u00fcckhalten muss, oder k\u00f6nnte es der Weg zum \"Palast der Weisheit\" sein?<\/p>\n<\/div><\/section><\/div>","protected":false},"excerpt":{"rendered":"","protected":false},"author":7,"featured_media":12252,"parent":9919,"menu_order":0,"comment_status":"closed","ping_status":"closed","template":"","meta":{"footnotes":""},"mt-event-group":[],"class_list":["post-12308","page","type-page","status-publish","has-post-thumbnail","hentry"],"_links":{"self":[{"href":"https:\/\/analoguenow.com\/de\/wp-json\/wp\/v2\/pages\/12308","targetHints":{"allow":["GET"]}}],"collection":[{"href":"https:\/\/analoguenow.com\/de\/wp-json\/wp\/v2\/pages"}],"about":[{"href":"https:\/\/analoguenow.com\/de\/wp-json\/wp\/v2\/types\/page"}],"author":[{"embeddable":true,"href":"https:\/\/analoguenow.com\/de\/wp-json\/wp\/v2\/users\/7"}],"replies":[{"embeddable":true,"href":"https:\/\/analoguenow.com\/de\/wp-json\/wp\/v2\/comments?post=12308"}],"version-history":[{"count":41,"href":"https:\/\/analoguenow.com\/de\/wp-json\/wp\/v2\/pages\/12308\/revisions"}],"predecessor-version":[{"id":13804,"href":"https:\/\/analoguenow.com\/de\/wp-json\/wp\/v2\/pages\/12308\/revisions\/13804"}],"up":[{"embeddable":true,"href":"https:\/\/analoguenow.com\/de\/wp-json\/wp\/v2\/pages\/9919"}],"wp:featuredmedia":[{"embeddable":true,"href":"https:\/\/analoguenow.com\/de\/wp-json\/wp\/v2\/media\/12252"}],"wp:attachment":[{"href":"https:\/\/analoguenow.com\/de\/wp-json\/wp\/v2\/media?parent=12308"}],"wp:term":[{"taxonomy":"mt-event-group","embeddable":true,"href":"https:\/\/analoguenow.com\/de\/wp-json\/wp\/v2\/mt-event-group?post=12308"}],"curies":[{"name":"wp","href":"https:\/\/api.w.org\/{rel}","templated":true}]}}