{"id":12018,"date":"2025-03-11T11:40:08","date_gmt":"2025-03-11T10:40:08","guid":{"rendered":"https:\/\/analoguenow.com\/?p=12018"},"modified":"2026-02-11T20:34:27","modified_gmt":"2026-02-11T19:34:27","slug":"showtell-analogsport-2024","status":"publish","type":"page","link":"https:\/\/analoguenow.com\/de\/show\/events\/showtell-analogsport-2024\/","title":{"rendered":"Show&#038;Tell &#8220;Analog sport&#8221;"},"content":{"rendered":"<style type=\"text\/css\" data-created_by=\"avia_inline_auto\" id=\"style-css-av-m87c789a-93624a3f0a4dbb30f95daacc9210a28b\">\n.avia-section.av-m87c789a-93624a3f0a4dbb30f95daacc9210a28b{\nbackground-color:#f6e5ff;\nbackground-image:unset;\n}\n<\/style>\n<div id='av_section_1'  class='avia-section av-m87c789a-93624a3f0a4dbb30f95daacc9210a28b main_color avia-section-default avia-no-border-styling  avia-builder-el-0  avia-builder-el-no-sibling  avia-bg-style-scroll container_wrap fullsize'  ><div class='container av-section-cont-open' ><main  role=\"main\" itemprop=\"mainContentOfPage\"  class='template-page content  av-content-full alpha units'><div class='post-entry post-entry-type-page post-entry-12018'><div class='entry-content-wrapper clearfix'>\n<div  class='flex_column av-ocggwi-db8b077b531d1342f5d77557a935a497 av_two_fifth  avia-builder-el-1  el_before_av_three_fifth  avia-builder-el-first  first flex_column_div'     ><style type=\"text\/css\" data-created_by=\"avia_inline_auto\" id=\"style-css-av-m84d0ofi-86aad5f253d153387fa39b9c9f676e32\">\n.avia-image-container.av-m84d0ofi-86aad5f253d153387fa39b9c9f676e32 img.avia_image{\nbox-shadow:none;\n}\n.avia-image-container.av-m84d0ofi-86aad5f253d153387fa39b9c9f676e32 .av-image-caption-overlay-center{\ncolor:#ffffff;\n}\n<\/style>\n<div  class='avia-image-container av-m84d0ofi-86aad5f253d153387fa39b9c9f676e32 av-styling- avia-align-center  avia-builder-el-2  avia-builder-el-no-sibling'   itemprop=\"image\" itemscope=\"itemscope\" itemtype=\"https:\/\/schema.org\/ImageObject\" ><div class=\"avia-image-container-inner\"><div class=\"avia-image-overlay-wrap\"><img decoding=\"async\" fetchpriority=\"high\" class='wp-image-8392 avia-img-lazy-loading-not-8392 avia_image' src=\"https:\/\/analoguenow.com\/wp-content\/uploads\/2024\/06\/448879604_428717789999280_2295257333561007862_n-1024x1024.jpg\" alt='' title='448879604_428717789999280_2295257333561007862_n'  height=\"1024\" width=\"1024\"  itemprop=\"thumbnailUrl\" srcset=\"https:\/\/analoguenow.com\/wp-content\/uploads\/2024\/06\/448879604_428717789999280_2295257333561007862_n-1024x1024.jpg 1024w, https:\/\/analoguenow.com\/wp-content\/uploads\/2024\/06\/448879604_428717789999280_2295257333561007862_n-300x300.jpg 300w, https:\/\/analoguenow.com\/wp-content\/uploads\/2024\/06\/448879604_428717789999280_2295257333561007862_n-150x150.jpg 150w, https:\/\/analoguenow.com\/wp-content\/uploads\/2024\/06\/448879604_428717789999280_2295257333561007862_n-768x768.jpg 768w, https:\/\/analoguenow.com\/wp-content\/uploads\/2024\/06\/448879604_428717789999280_2295257333561007862_n-400x400.jpg 400w, https:\/\/analoguenow.com\/wp-content\/uploads\/2024\/06\/448879604_428717789999280_2295257333561007862_n.jpg 1080w\" sizes=\"(max-width: 1024px) 100vw, 1024px\" \/><\/div><\/div><\/div><\/div><div  class='flex_column av-1lwgzbm-604c4b11e4ec3923dee0d3c285ce8b3e av_three_fifth  avia-builder-el-3  el_after_av_two_fifth  el_before_av_hr  flex_column_div'     ><style type=\"text\/css\" data-created_by=\"avia_inline_auto\" id=\"style-css-av-m87bgnti-672d2af14eac89d1335a24d79693ad53\">\n#top .av_textblock_section.av-m87bgnti-672d2af14eac89d1335a24d79693ad53 .avia_textblock{\ncolor:#000000;\n}\n<\/style>\n<section  class='av_textblock_section av-m87bgnti-672d2af14eac89d1335a24d79693ad53'   itemscope=\"itemscope\" itemtype=\"https:\/\/schema.org\/CreativeWork\" ><div class='avia_textblock av_inherit_color'  itemprop=\"text\" ><h5>SHOW &#038; TELL<\/h5>\n<\/div><\/section><br \/>\n\n<style type=\"text\/css\" data-created_by=\"avia_inline_auto\" id=\"style-css-av-m87chios-54fa57b3efc8010c8444c61ace806b91\">\n#top .hr.hr-invisible.av-m87chios-54fa57b3efc8010c8444c61ace806b91{\nheight:25px;\n}\n<\/style>\n<div  class='hr av-m87chios-54fa57b3efc8010c8444c61ace806b91 hr-invisible  avia-builder-el-5  el_after_av_textblock  el_before_av_textblock'><span class='hr-inner'><span class=\"hr-inner-style\"><\/span><\/span><\/div><br \/>\n\n<style type=\"text\/css\" data-created_by=\"avia_inline_auto\" id=\"style-css-av-m87bkmu6-c3d5b0178d0abef8d842ec5957e4f38b\">\n#top .av_textblock_section.av-m87bkmu6-c3d5b0178d0abef8d842ec5957e4f38b .avia_textblock{\ncolor:#000000;\n}\n<\/style>\n<section  class='av_textblock_section av-m87bkmu6-c3d5b0178d0abef8d842ec5957e4f38b'   itemscope=\"itemscope\" itemtype=\"https:\/\/schema.org\/CreativeWork\" ><div class='avia_textblock av_inherit_color'  itemprop=\"text\" ><h1>ANALOG SPORT<\/h1>\n<\/div><\/section><\/p><\/div>\n<style type=\"text\/css\" data-created_by=\"avia_inline_auto\" id=\"style-css-av-m87bpapl-2cce690dcdc55aa1b2a3476ab53a0dd6\">\n#top .hr.hr-invisible.av-m87bpapl-2cce690dcdc55aa1b2a3476ab53a0dd6{\nheight:50px;\n}\n<\/style>\n<div  class='hr av-m87bpapl-2cce690dcdc55aa1b2a3476ab53a0dd6 hr-invisible  avia-builder-el-7  el_after_av_three_fifth  el_before_av_two_fifth  av-small-hide av-mini-hide'><span class='hr-inner'><span class=\"hr-inner-style\"><\/span><\/span><\/div>\n<div  class='flex_column av-18yy5f6-1f216c184f8ccd8353063e6670c9ed2a av_two_fifth  avia-builder-el-8  el_after_av_hr  el_before_av_three_fifth  first flex_column_div'     ><style type=\"text\/css\" data-created_by=\"avia_inline_auto\" id=\"style-css-av-m87bat8q-cdb6d73bb8a364fdc3c45a162935d18d\">\n#top .av_textblock_section.av-m87bat8q-cdb6d73bb8a364fdc3c45a162935d18d .avia_textblock{\ncolor:#000000;\n}\n<\/style>\n<section  class='av_textblock_section av-m87bat8q-cdb6d73bb8a364fdc3c45a162935d18d'   itemscope=\"itemscope\" itemtype=\"https:\/\/schema.org\/CreativeWork\" ><div class='avia_textblock av_inherit_color'  itemprop=\"text\" ><p><strong>DATUM<\/strong><\/p>\n<p>Donnerstag, 27. Juni 2024, 18 Uhr<\/p>\n<p><strong>ORT<\/strong><\/p>\n<p><a href=\"https:\/\/www.institutfrancais.de\/de\/berlin#\/\" target=\"_blank\" rel=\"noopener\">Institut Fran\u00e7ais Berlin<\/a><\/p>\n<p><a href=\"https:\/\/www.institutfrancais.de\/de\/berlin#\/\" target=\"_blank\" rel=\"noopener\">Kurf\u00fcrstendamm 211, 10719 Berlin<\/a><\/p>\n<p><strong>EINTRITTSPREISE<\/strong><\/p>\n<p>Eintritt frei<\/p>\n<\/div><\/section><\/div><div  class='flex_column av-spxmeq-251fd0c5b7da4ff98b0bf7d2c316f037 av_three_fifth  avia-builder-el-10  el_after_av_two_fifth  avia-builder-el-last  flex_column_div'     ><style type=\"text\/css\" data-created_by=\"avia_inline_auto\" id=\"style-css-av-m87bw0zh-49bfad75416e7b3189dbd80d158aad4c\">\n#top .av_textblock_section.av-m87bw0zh-49bfad75416e7b3189dbd80d158aad4c .avia_textblock{\ncolor:#000000;\ntext-align:left;\n}\n<\/style>\n<section  class='av_textblock_section av-m87bw0zh-49bfad75416e7b3189dbd80d158aad4c'   itemscope=\"itemscope\" itemtype=\"https:\/\/schema.org\/CreativeWork\" ><div class='avia_textblock av_inherit_color'  itemprop=\"text\" ><p>Seien Sie bei der n\u00e4chsten Ausgabe von Show &amp; Tell dabei, dieses Mal im Institut fran\u00e7ais, anl\u00e4sslich der Ausstellung von <a href=\"https:\/\/www.analogfootball.com\/analogsport\">Analog Sport<\/a>\u201eDouble Jeux\u201c!<\/p>\n<p>W\u00e4hrend der Veranstaltung pr\u00e4sentieren vier Fotografen dem Publikum in einem offenen Format 20 Minuten lang ihre Arbeiten. Fragen und Feedback sind willkommen, um eine Diskussion \u00fcber das Projekt und die analoge Fotografie im Allgemeinen anzuregen.<\/p>\n<p>Teilnehmer:<br \/>\n<a href=\"https:\/\/iljaniederkirchner.com\/\">Ilja Niederkirchner<\/a><br \/>\n<a href=\"https:\/\/www.instagram.com\/negative_progress\/\">Benito<\/a><br \/>\n<a href=\"https:\/\/www.instagram.com\/evagjaltemartist\/\">Eva Gjaltema<\/a><br \/>\n<a href=\"https:\/\/www.instagram.com\/irmia2523\/\">J\u00e9r\u00e9mie Le Henaff<\/a><\/p>\n<\/div><\/section><\/div>","protected":false},"excerpt":{"rendered":"","protected":false},"author":7,"featured_media":0,"parent":9930,"menu_order":0,"comment_status":"closed","ping_status":"closed","template":"","meta":{"footnotes":""},"mt-event-group":[],"class_list":["post-12018","page","type-page","status-publish","hentry"],"_links":{"self":[{"href":"https:\/\/analoguenow.com\/de\/wp-json\/wp\/v2\/pages\/12018","targetHints":{"allow":["GET"]}}],"collection":[{"href":"https:\/\/analoguenow.com\/de\/wp-json\/wp\/v2\/pages"}],"about":[{"href":"https:\/\/analoguenow.com\/de\/wp-json\/wp\/v2\/types\/page"}],"author":[{"embeddable":true,"href":"https:\/\/analoguenow.com\/de\/wp-json\/wp\/v2\/users\/7"}],"replies":[{"embeddable":true,"href":"https:\/\/analoguenow.com\/de\/wp-json\/wp\/v2\/comments?post=12018"}],"version-history":[{"count":15,"href":"https:\/\/analoguenow.com\/de\/wp-json\/wp\/v2\/pages\/12018\/revisions"}],"predecessor-version":[{"id":14287,"href":"https:\/\/analoguenow.com\/de\/wp-json\/wp\/v2\/pages\/12018\/revisions\/14287"}],"up":[{"embeddable":true,"href":"https:\/\/analoguenow.com\/de\/wp-json\/wp\/v2\/pages\/9930"}],"wp:attachment":[{"href":"https:\/\/analoguenow.com\/de\/wp-json\/wp\/v2\/media?parent=12018"}],"wp:term":[{"taxonomy":"mt-event-group","embeddable":true,"href":"https:\/\/analoguenow.com\/de\/wp-json\/wp\/v2\/mt-event-group?post=12018"}],"curies":[{"name":"wp","href":"https:\/\/api.w.org\/{rel}","templated":true}]}}